{"id":17936,"date":"2025-06-20T19:26:01","date_gmt":"2025-06-20T23:26:01","guid":{"rendered":"http:\/\/www.multicasa.com.br\/cuiaba\/?post_type=product&#038;p=17936"},"modified":"2026-04-14T08:20:50","modified_gmt":"2026-04-14T12:20:50","slug":"pilha-alcalina-pequena-aa-mn1500-duracell-8-unidades","status":"publish","type":"product","link":"https:\/\/www.multicasa.com.br\/cuiaba\/produto\/pilha-alcalina-pequena-aa-mn1500-duracell-8-unidades\/","title":{"rendered":"Pilha Alcalina Pequena AA MN1500 Duracell 8 Unidades<br>SKU: 3966909"},"content":{"rendered":"<p>Use a pilha alcalina AA MN1500 Duracell com 1.5v em equipamentos eletr\u00f4nicos que precisam de descarga de energia mais r\u00e1pidas e fortes.<br \/>\nSua tecnologia especial garante melhor desempenho e vida \u00fatil, mantendo a voltagem constante por mais tempo e apresentando ainda mais efici\u00eancia. Embalagem com 8 unidades.<\/p>\n","protected":false},"excerpt":{"rendered":"<h4 style=\"margin: 0px;padding: 0px 0px 16px;font-family: Lato, sans-serif;font-weight: bold;line-height: 3rem;color: var(--dark-grey3);font-size: 22px;font-style: normal;letter-spacing: normal;text-align: start;text-indent: 0px;text-transform: none\">Informa\u00e7\u00f5es t\u00e9cnicas<\/h4>\n<p><span style=\"margin: 0px;padding: 0px;font-weight: 450;font-size: 14px;line-height: 21px;color: var(--dark-grey2);font-family: Lato, sans-serif;font-style: normal;letter-spacing: normal;text-align: start;text-indent: 0px;text-transform: none\">Produto: Pilha<br \/>\nTipo: Alcalina<br \/>\nMarca: Duracell<br \/>\nModelo: MN1500<br \/>\nTamanho: AA<br \/>\nVoltagem: 1,5v<br \/>\nCaracter\u00edsticas: Mant\u00e9m a voltagem por mais tempo<br \/>\nItens inclusos: 8 pilhas<br \/>\n<\/span><\/p>\n","protected":false},"featured_media":25713,"template":"","meta":{"_joinchat":[]},"product_brand":[],"product_cat":[151],"product_tag":[],"class_list":{"0":"post-17936","1":"product","2":"type-product","3":"status-publish","4":"has-post-thumbnail","6":"product_cat-pilhas","8":"first","9":"instock","10":"shipping-taxable","11":"purchasable","12":"product-type-simple"},"_links":{"self":[{"href":"https:\/\/www.multicasa.com.br\/cuiaba\/wp-json\/wp\/v2\/product\/17936","targetHints":{"allow":["GET"]}}],"collection":[{"href":"https:\/\/www.multicasa.com.br\/cuiaba\/wp-json\/wp\/v2\/product"}],"about":[{"href":"https:\/\/www.multicasa.com.br\/cuiaba\/wp-json\/wp\/v2\/types\/product"}],"wp:featuredmedia":[{"embeddable":true,"href":"https:\/\/www.multicasa.com.br\/cuiaba\/wp-json\/wp\/v2\/media\/25713"}],"wp:attachment":[{"href":"https:\/\/www.multicasa.com.br\/cuiaba\/wp-json\/wp\/v2\/media?parent=17936"}],"wp:term":[{"taxonomy":"product_brand","embeddable":true,"href":"https:\/\/www.multicasa.com.br\/cuiaba\/wp-json\/wp\/v2\/product_brand?post=17936"},{"taxonomy":"product_cat","embeddable":true,"href":"https:\/\/www.multicasa.com.br\/cuiaba\/wp-json\/wp\/v2\/product_cat?post=17936"},{"taxonomy":"product_tag","embeddable":true,"href":"https:\/\/www.multicasa.com.br\/cuiaba\/wp-json\/wp\/v2\/product_tag?post=17936"}],"curies":[{"name":"wp","href":"https:\/\/api.w.org\/{rel}","templated":true}]}}