{"id":17955,"date":"2025-06-20T19:26:24","date_gmt":"2025-06-20T23:26:24","guid":{"rendered":"http:\/\/www.multicasa.com.br\/cuiaba\/?post_type=product&#038;p=17955"},"modified":"2026-02-24T13:34:30","modified_gmt":"2026-02-24T17:34:30","slug":"fita-metrica-sempreviva-15m","status":"publish","type":"product","link":"https:\/\/www.multicasa.com.br\/cuiaba\/produto\/fita-metrica-sempreviva-15m\/","title":{"rendered":"Fita M\u00e9trica Sempreviva 1,5m<br>SKU: 3968219"},"content":{"rendered":"<p>Use a Fita M\u00e9trica da Vonder para medi\u00e7\u00f5es de at\u00e9 1,5m. Feita em polipropileno rosa, pode ser usada para costuras, por avaliadores f\u00edsicos e profissionais da sa\u00fade. Sua largura de 2cm. Use a fita m\u00e9trica para medi\u00e7\u00f5es em geral.<\/p>\n","protected":false},"excerpt":{"rendered":"<h4 style=\"margin: 0px;padding: 0px 0px 16px;font-family: Lato, sans-serif;font-weight: bold;line-height: 3rem;color: var(--dark-grey3);font-size: 22px;font-style: normal;letter-spacing: normal;text-align: start;text-indent: 0px;text-transform: none\">Informa\u00e7\u00f5es t\u00e9cnicas<\/h4>\n<p><span style=\"margin: 0px;padding: 0px;font-weight: 450;font-size: 14px;line-height: 21px;color: var(--dark-grey2);font-family: Lato, sans-serif;font-style: normal;letter-spacing: normal;text-align: start;text-indent: 0px;text-transform: none\">Produto: Fita M\u00e9trica<br \/>\nMarca: Sempreviva<br \/>\nMaterial: Polipropileno<br \/>\nCor: Rosa<br \/>\nCaracter\u00edstica: Resistente<br \/>\nItens Inclusos: 1 Fita m\u00e9trica<br \/>\nDimens\u00f5es do produto (L X C): 2cm x 1,5m<\/span><\/p>\n","protected":false},"featured_media":25215,"template":"","meta":{"_joinchat":[]},"product_brand":[],"product_cat":[101],"product_tag":[],"class_list":{"0":"post-17955","1":"product","2":"type-product","3":"status-publish","4":"has-post-thumbnail","6":"product_cat-cuidados-pessoais","8":"first","9":"instock","10":"shipping-taxable","11":"purchasable","12":"product-type-simple"},"_links":{"self":[{"href":"https:\/\/www.multicasa.com.br\/cuiaba\/wp-json\/wp\/v2\/product\/17955","targetHints":{"allow":["GET"]}}],"collection":[{"href":"https:\/\/www.multicasa.com.br\/cuiaba\/wp-json\/wp\/v2\/product"}],"about":[{"href":"https:\/\/www.multicasa.com.br\/cuiaba\/wp-json\/wp\/v2\/types\/product"}],"wp:featuredmedia":[{"embeddable":true,"href":"https:\/\/www.multicasa.com.br\/cuiaba\/wp-json\/wp\/v2\/media\/25215"}],"wp:attachment":[{"href":"https:\/\/www.multicasa.com.br\/cuiaba\/wp-json\/wp\/v2\/media?parent=17955"}],"wp:term":[{"taxonomy":"product_brand","embeddable":true,"href":"https:\/\/www.multicasa.com.br\/cuiaba\/wp-json\/wp\/v2\/product_brand?post=17955"},{"taxonomy":"product_cat","embeddable":true,"href":"https:\/\/www.multicasa.com.br\/cuiaba\/wp-json\/wp\/v2\/product_cat?post=17955"},{"taxonomy":"product_tag","embeddable":true,"href":"https:\/\/www.multicasa.com.br\/cuiaba\/wp-json\/wp\/v2\/product_tag?post=17955"}],"curies":[{"name":"wp","href":"https:\/\/api.w.org\/{rel}","templated":true}]}}