{"id":17961,"date":"2025-06-20T19:26:24","date_gmt":"2025-06-20T23:26:24","guid":{"rendered":"http:\/\/www.multicasa.com.br\/cuiaba\/?post_type=product&#038;p=17961"},"modified":"2026-03-10T11:20:47","modified_gmt":"2026-03-10T15:20:47","slug":"resistencia-chuveiro-jt-jm-jc-lorenzetti-5500w-127v","status":"publish","type":"product","link":"https:\/\/www.multicasa.com.br\/cuiaba\/produto\/resistencia-chuveiro-jt-jm-jc-lorenzetti-5500w-127v\/","title":{"rendered":"Resist\u00eancia Chuveiro JT\/JM\/JC Lorenzetti 5500W &#8211; 127V<br>SKU: 4056213"},"content":{"rendered":"<p>Resist\u00eancia para Chuveiro JT\/JM\/JC Lorenzetti 5500W &#8211; 127V, ideal para aplica\u00e7\u00e3o nos modelos: jet master multitemperaturas 4 temperaturas (ducha Eletr\u00f4nica), jet master multitemperaturas 4&#215;4 temperaturas (ducha Eletr\u00f4nica), jet control Eletr\u00f4nica, Evolution Master e Evolution Turbo. Possui ligas em cobre e a\u00e7o, \u00e9 resistente, confi\u00e1vel e eficaz. Garanta a qualidade e seguran\u00e7a de seus eletros com as resist\u00eancias Lorenzetti.<\/p>\n","protected":false},"excerpt":{"rendered":"<h4 style=\"margin: 0px;padding: 0px 0px 16px;font-family: Lato, sans-serif;font-weight: bold;line-height: 3rem;color: var(--dark-grey3);font-size: 22px;font-style: normal;letter-spacing: normal;text-align: start;text-indent: 0px;text-transform: none\">Informa\u00e7\u00f5es t\u00e9cnicas<\/h4>\n<p><span style=\"margin: 0px;padding: 0px;font-weight: 450;font-size: 14px;line-height: 21px;color: var(--dark-grey2);font-family: Lato, sans-serif;font-style: normal;letter-spacing: normal;text-align: start;text-indent: 0px;text-transform: none\">Produto: Resist\u00eancia para chuveiro<br \/>\nMarca: Lorenzetti<br \/>\nModelo: JT\/JM\/JC<br \/>\nMaterial: A\u00e7o<br \/>\nLigas de cobre<br \/>\nPot\u00eancia: 5500w<br \/>\nTens\u00e3o El\u00e9trica: 127v<br \/>\nCaracter\u00edsticas: Compat\u00edvel com modelo Jet Master Multitemperaturas 4 Temperaturas (Ducha Eletr\u00f4nica), Jet Master Multitemperaturas 4&#215;4 Temperaturas (Ducha Eletr\u00f4nica), Jet Control Eletr\u00f4nica, Evolution Master e Evolution Turbo<br \/>\nItens Inclusos: 1 Resist\u00eancia para chuveiro<\/span><\/p>\n","protected":false},"featured_media":18026,"template":"","meta":{"_joinchat":[]},"product_brand":[],"product_cat":[74],"product_tag":[],"class_list":{"0":"post-17961","1":"product","2":"type-product","3":"status-publish","4":"has-post-thumbnail","6":"product_cat-reparos-hidraulicos","8":"first","9":"instock","10":"shipping-taxable","11":"purchasable","12":"product-type-simple"},"_links":{"self":[{"href":"https:\/\/www.multicasa.com.br\/cuiaba\/wp-json\/wp\/v2\/product\/17961","targetHints":{"allow":["GET"]}}],"collection":[{"href":"https:\/\/www.multicasa.com.br\/cuiaba\/wp-json\/wp\/v2\/product"}],"about":[{"href":"https:\/\/www.multicasa.com.br\/cuiaba\/wp-json\/wp\/v2\/types\/product"}],"wp:featuredmedia":[{"embeddable":true,"href":"https:\/\/www.multicasa.com.br\/cuiaba\/wp-json\/wp\/v2\/media\/18026"}],"wp:attachment":[{"href":"https:\/\/www.multicasa.com.br\/cuiaba\/wp-json\/wp\/v2\/media?parent=17961"}],"wp:term":[{"taxonomy":"product_brand","embeddable":true,"href":"https:\/\/www.multicasa.com.br\/cuiaba\/wp-json\/wp\/v2\/product_brand?post=17961"},{"taxonomy":"product_cat","embeddable":true,"href":"https:\/\/www.multicasa.com.br\/cuiaba\/wp-json\/wp\/v2\/product_cat?post=17961"},{"taxonomy":"product_tag","embeddable":true,"href":"https:\/\/www.multicasa.com.br\/cuiaba\/wp-json\/wp\/v2\/product_tag?post=17961"}],"curies":[{"name":"wp","href":"https:\/\/api.w.org\/{rel}","templated":true}]}}