{"id":17979,"date":"2025-06-20T19:26:46","date_gmt":"2025-06-20T23:26:46","guid":{"rendered":"http:\/\/www.multicasa.com.br\/cuiaba\/?post_type=product&#038;p=17979"},"modified":"2025-12-16T19:34:51","modified_gmt":"2025-12-16T23:34:51","slug":"carrapeta-com-vedante-latao-3-4-blukit","status":"publish","type":"product","link":"https:\/\/www.multicasa.com.br\/cuiaba\/produto\/carrapeta-com-vedante-latao-3-4-blukit\/","title":{"rendered":"Carrapeta com Vedante Lat\u00e3o 3\/4 Blukit<br>SKU: 4111125"},"content":{"rendered":"<p>A carrapeta com vedante de Lat\u00e3o da Blukit \u00e9 ideal para evitar pequenos vazamentos de torneiras, como aquele ?pinga-pinga? que fica quando fechamos. Tamb\u00e9m pode ser usada em registros e facilita pequenos reparos do dia-a-dia. Tem 15 mm (3\/4) de di\u00e2metro.<\/p>\n","protected":false},"excerpt":{"rendered":"<h4 style=\"margin: 0px;padding: 0px 0px 16px;font-family: Lato, sans-serif;font-weight: bold;line-height: 3rem;color: var(--dark-grey3);font-size: 22px;font-style: normal;letter-spacing: normal;text-align: start;text-indent: 0px;text-transform: none\">Informa\u00e7\u00f5es t\u00e9cnicas<\/h4>\n<p><span style=\"margin: 0px;padding: 0px;font-weight: 450;font-size: 14px;line-height: 21px;color: var(--dark-grey2);font-family: Lato, sans-serif;font-style: normal;letter-spacing: normal;text-align: start;text-indent: 0px;text-transform: none\">Produto: Carrapeta<br \/>\nMarca: Blukit<br \/>\nMaterial: Liga de cobre<br \/>\nCor: Dourado<br \/>\nItens Inclusos: 1 Carrapeta<br \/>\nDi\u00e2metro: 3\/4? (15mm)<br \/>\n<\/span><\/p>\n","protected":false},"featured_media":18027,"template":"","meta":{"_joinchat":[]},"product_brand":[],"product_cat":[74],"product_tag":[],"class_list":{"0":"post-17979","1":"product","2":"type-product","3":"status-publish","4":"has-post-thumbnail","6":"product_cat-reparos-hidraulicos","8":"first","9":"instock","10":"shipping-taxable","11":"purchasable","12":"product-type-simple"},"_links":{"self":[{"href":"https:\/\/www.multicasa.com.br\/cuiaba\/wp-json\/wp\/v2\/product\/17979","targetHints":{"allow":["GET"]}}],"collection":[{"href":"https:\/\/www.multicasa.com.br\/cuiaba\/wp-json\/wp\/v2\/product"}],"about":[{"href":"https:\/\/www.multicasa.com.br\/cuiaba\/wp-json\/wp\/v2\/types\/product"}],"wp:featuredmedia":[{"embeddable":true,"href":"https:\/\/www.multicasa.com.br\/cuiaba\/wp-json\/wp\/v2\/media\/18027"}],"wp:attachment":[{"href":"https:\/\/www.multicasa.com.br\/cuiaba\/wp-json\/wp\/v2\/media?parent=17979"}],"wp:term":[{"taxonomy":"product_brand","embeddable":true,"href":"https:\/\/www.multicasa.com.br\/cuiaba\/wp-json\/wp\/v2\/product_brand?post=17979"},{"taxonomy":"product_cat","embeddable":true,"href":"https:\/\/www.multicasa.com.br\/cuiaba\/wp-json\/wp\/v2\/product_cat?post=17979"},{"taxonomy":"product_tag","embeddable":true,"href":"https:\/\/www.multicasa.com.br\/cuiaba\/wp-json\/wp\/v2\/product_tag?post=17979"}],"curies":[{"name":"wp","href":"https:\/\/api.w.org\/{rel}","templated":true}]}}