{"id":17980,"date":"2025-06-20T19:26:47","date_gmt":"2025-06-20T23:26:47","guid":{"rendered":"http:\/\/www.multicasa.com.br\/cuiaba\/?post_type=product&#038;p=17980"},"modified":"2025-12-16T19:35:26","modified_gmt":"2025-12-16T23:35:26","slug":"tesoura-para-grama-e-cerca-viva-12-tramontina-78330125","status":"publish","type":"product","link":"https:\/\/www.multicasa.com.br\/cuiaba\/produto\/tesoura-para-grama-e-cerca-viva-12-tramontina-78330125\/","title":{"rendered":"Tesoura para Grama e Cerca Viva 12&#8243; Tramontina 78330125<br>SKU: 4190122"},"content":{"rendered":"<p>Fazer a manuten\u00e7\u00e3o do seu jardim nunca foi t\u00e3o f\u00e1cil com a Tesoura para Grama e Cerca Viva Tramontina, produzida em a\u00e7o carbono especial de alta qualidade, possui l\u00e2minas lisas de 12?. Perfeita para o cuidado com cerca-vivas, ela deixa os espa\u00e7os bem cuidados e impec\u00e1veis. Com l\u00e2mina met\u00e1lica, ela \u00e9 perfeita para podar, aparar e dar acabamento \u00e0 vegeta\u00e7\u00e3o, proporcionando um jardim mais bonito e bem cuidado. O cabo em madeira de origem renov\u00e1vel tem formato ergon\u00f4mico, tornando mais confort\u00e1vel e pr\u00e1tico.<\/p>\n","protected":false},"excerpt":{"rendered":"<h4 style=\"margin: 0px;padding: 0px 0px 16px;font-family: Lato, sans-serif;font-weight: bold;line-height: 3rem;color: var(--dark-grey3);font-size: 22px;font-style: normal;letter-spacing: normal;text-align: start;text-indent: 0px;text-transform: none\">Informa\u00e7\u00f5es t\u00e9cnicas<\/h4>\n<p><span style=\"margin: 0px;padding: 0px;font-weight: 450;font-size: 14px;line-height: 21px;color: var(--dark-grey2);font-family: Lato, sans-serif;font-style: normal;letter-spacing: normal;text-align: start;text-indent: 0px;text-transform: none\">Produto: Tesoura para Grama<br \/>\nMarca: Tramontina<br \/>\nMaterial: l\u00e2mina a\u00e7o carbono, cabo de madeira<br \/>\nCaracter\u00edsticas: a afia\u00e7\u00e3o das l\u00e2minas \u00e9 feita em m\u00e1quinas CNC, cabo com acabamento envernizado<br \/>\nItens Inclusos: 1 Tesoura para Grama<br \/>\nDimens\u00f5es do produto em polegadas: 12&#8243;<br \/>\nDimens\u00f5es do produto (A X L X P): 48,2 x 15,6 x 10,8cm<br \/>\nPeso: 0,57kg<\/span><\/p>\n","protected":false},"featured_media":18028,"template":"","meta":{"_joinchat":[]},"product_brand":[],"product_cat":[76],"product_tag":[],"class_list":{"0":"post-17980","1":"product","2":"type-product","3":"status-publish","4":"has-post-thumbnail","6":"product_cat-jardinagem","8":"first","9":"instock","10":"shipping-taxable","11":"purchasable","12":"product-type-simple"},"_links":{"self":[{"href":"https:\/\/www.multicasa.com.br\/cuiaba\/wp-json\/wp\/v2\/product\/17980","targetHints":{"allow":["GET"]}}],"collection":[{"href":"https:\/\/www.multicasa.com.br\/cuiaba\/wp-json\/wp\/v2\/product"}],"about":[{"href":"https:\/\/www.multicasa.com.br\/cuiaba\/wp-json\/wp\/v2\/types\/product"}],"wp:featuredmedia":[{"embeddable":true,"href":"https:\/\/www.multicasa.com.br\/cuiaba\/wp-json\/wp\/v2\/media\/18028"}],"wp:attachment":[{"href":"https:\/\/www.multicasa.com.br\/cuiaba\/wp-json\/wp\/v2\/media?parent=17980"}],"wp:term":[{"taxonomy":"product_brand","embeddable":true,"href":"https:\/\/www.multicasa.com.br\/cuiaba\/wp-json\/wp\/v2\/product_brand?post=17980"},{"taxonomy":"product_cat","embeddable":true,"href":"https:\/\/www.multicasa.com.br\/cuiaba\/wp-json\/wp\/v2\/product_cat?post=17980"},{"taxonomy":"product_tag","embeddable":true,"href":"https:\/\/www.multicasa.com.br\/cuiaba\/wp-json\/wp\/v2\/product_tag?post=17980"}],"curies":[{"name":"wp","href":"https:\/\/api.w.org\/{rel}","templated":true}]}}