{"id":18056,"date":"2025-06-20T19:27:36","date_gmt":"2025-06-20T23:27:36","guid":{"rendered":"http:\/\/www.multicasa.com.br\/cuiaba\/?post_type=product&#038;p=18056"},"modified":"2025-08-17T23:56:11","modified_gmt":"2025-08-18T03:56:11","slug":"kit-chaves-fend-phil-prec-18pc-ingco","status":"publish","type":"product","link":"https:\/\/www.multicasa.com.br\/cuiaba\/produto\/kit-chaves-fend-phil-prec-18pc-ingco\/","title":{"rendered":"KIT CHAVES FEND\/PHIL\/PREC 18PC INGCO<br>SKU: 2203036"},"content":{"rendered":"<p>JOGO DE CHAVES DE FENDA, PHILIPS E PRECIS\u00c3O INGCO COM 18 PE\u00c7AS<\/p>\n","protected":false},"excerpt":{"rendered":"<h4 style=\"margin: 0px;padding: 0px 0px 16px;font-family: Lato, sans-serif;font-weight: bold;line-height: 3rem;color: var(--dark-grey3);font-size: 22px;font-style: normal;letter-spacing: normal;text-align: start;text-indent: 0px;text-transform: none\">Informa\u00e7\u00f5es t\u00e9cnicas<\/h4>\n<p><span style=\"margin: 0px;padding: 0px;font-weight: 450;font-size: 14px;line-height: 21px;color: var(--dark-grey2);font-family: Lato, sans-serif;font-style: normal;letter-spacing: normal;text-align: start;text-indent: 0px;text-transform: none\">\u0095 Haste redonda<br \/>\n\u0095 A\u00e7o Cr-V<br \/>\n\u0095 Cabo ergonomico em fibra<br \/>\n\u0095 Acompanha um suporte pl\u00e1stico<br \/>\n\u0095 Ponta magn\u00e9tica<br \/>\nMedidas das chaves industriais:<br \/>\n\u0095 1 Chave de fenda 3\/16 x 3\u0094<br \/>\n\u0095 1 Chave de fenda 1\/4 x 4\u0094<br \/>\n\u0095 1 Chave de fenda 5\/16 x 6\u0094<br \/>\n\u0095 1 Chave de fenda 1\/4 x 1 1\/2\u0094<br \/>\n\u0095 1 Chave Phillips PH1 3\/16 x 3\u0094<br \/>\n\u0095 1 Chave Phillips PH2 1\/4 x 4\u0094<br \/>\n\u0095 1 Chave Phillips PH3 5\/16 x 6\u0094<br \/>\n\u0095 1 Chave Phillips PH2 1\/4 x 1 1\/2\u0094<br \/>\n10 Chaves de precis\u00e3o com 50 mm de<br \/>\ncomprimento:<br \/>\n\u0095 4 Chaves de Fenda: 1,5 &#8211; 2 &#8211; 2,5 &#8211;<br \/>\n3 mm<br \/>\n\u0095 3 Chaves Phillips: PH000 &#8211; PH00<br \/>\n&#8211; PH0<br \/>\n\u0095 3 Chaves Torx: T6 &#8211; T8 &#8211; T10<\/span><\/p>\n","protected":false},"featured_media":25346,"template":"","meta":{"_joinchat":[]},"product_brand":[],"product_cat":[137],"product_tag":[],"class_list":{"0":"post-18056","1":"product","2":"type-product","3":"status-publish","4":"has-post-thumbnail","6":"product_cat-ferramentas-manuais","8":"first","9":"instock","10":"shipping-taxable","11":"purchasable","12":"product-type-simple"},"_links":{"self":[{"href":"https:\/\/www.multicasa.com.br\/cuiaba\/wp-json\/wp\/v2\/product\/18056","targetHints":{"allow":["GET"]}}],"collection":[{"href":"https:\/\/www.multicasa.com.br\/cuiaba\/wp-json\/wp\/v2\/product"}],"about":[{"href":"https:\/\/www.multicasa.com.br\/cuiaba\/wp-json\/wp\/v2\/types\/product"}],"wp:featuredmedia":[{"embeddable":true,"href":"https:\/\/www.multicasa.com.br\/cuiaba\/wp-json\/wp\/v2\/media\/25346"}],"wp:attachment":[{"href":"https:\/\/www.multicasa.com.br\/cuiaba\/wp-json\/wp\/v2\/media?parent=18056"}],"wp:term":[{"taxonomy":"product_brand","embeddable":true,"href":"https:\/\/www.multicasa.com.br\/cuiaba\/wp-json\/wp\/v2\/product_brand?post=18056"},{"taxonomy":"product_cat","embeddable":true,"href":"https:\/\/www.multicasa.com.br\/cuiaba\/wp-json\/wp\/v2\/product_cat?post=18056"},{"taxonomy":"product_tag","embeddable":true,"href":"https:\/\/www.multicasa.com.br\/cuiaba\/wp-json\/wp\/v2\/product_tag?post=18056"}],"curies":[{"name":"wp","href":"https:\/\/api.w.org\/{rel}","templated":true}]}}