{"id":18060,"date":"2025-06-20T19:27:36","date_gmt":"2025-06-20T23:27:36","guid":{"rendered":"http:\/\/www.multicasa.com.br\/cuiaba\/?post_type=product&#038;p=18060"},"modified":"2026-04-06T12:02:05","modified_gmt":"2026-04-06T16:02:05","slug":"kit-chave-bits-c-catraca-13pc-ingco","status":"publish","type":"product","link":"https:\/\/www.multicasa.com.br\/cuiaba\/produto\/kit-chave-bits-c-catraca-13pc-ingco\/","title":{"rendered":"KIT CHAVE BITS C\/CATRACA 13PC INGCO<br>SKU: 2203046"},"content":{"rendered":"<p>JOGO DE CHAVES BITS COM CATRACA DOBR\u00c1VEL INGCO 13 EM 1<\/p>\n","protected":false},"excerpt":{"rendered":"<h4 style=\"margin: 0px;padding: 0px 0px 16px;font-family: Lato, sans-serif;font-weight: bold;line-height: 3rem;color: var(--dark-grey3);font-size: 22px;font-style: normal;letter-spacing: normal;text-align: start;text-indent: 0px;text-transform: none\">Informa\u00e7\u00f5es t\u00e9cnicas<\/h4>\n<p><span style=\"margin: 0px;padding: 0px;font-weight: 450;font-size: 14px;line-height: 21px;color: var(--dark-grey2);font-family: Lato, sans-serif;font-style: normal;letter-spacing: normal;text-align: start;text-indent: 0px;text-transform: none\">\u0095 1pe\u00e7a INGCO estilo catraca<br \/>\n\u0095Cabo dobr\u00e1vel de catraca de<br \/>\nalta qualidade<br \/>\n\u0095 12 pe\u00e7as 6.35 * 25mm bits de<br \/>\nchave de fenda<br \/>\n\u0095 Tamanho: SL4, SL5, SL6, SL7,<br \/>\nPH0, PH1, PH2, PH3, PZ0, PZ1,<br \/>\nPZ2, PZ3<br \/>\n\u0095 Material: CR-V<br \/>\n\u0095 Embalado em caixa de papel\u00e3o<\/span><\/p>\n","protected":false},"featured_media":25344,"template":"","meta":{"_joinchat":[]},"product_brand":[],"product_cat":[137],"product_tag":[],"class_list":{"0":"post-18060","1":"product","2":"type-product","3":"status-publish","4":"has-post-thumbnail","6":"product_cat-ferramentas-manuais","8":"first","9":"instock","10":"sale","11":"featured","12":"shipping-taxable","13":"purchasable","14":"product-type-simple"},"_links":{"self":[{"href":"https:\/\/www.multicasa.com.br\/cuiaba\/wp-json\/wp\/v2\/product\/18060","targetHints":{"allow":["GET"]}}],"collection":[{"href":"https:\/\/www.multicasa.com.br\/cuiaba\/wp-json\/wp\/v2\/product"}],"about":[{"href":"https:\/\/www.multicasa.com.br\/cuiaba\/wp-json\/wp\/v2\/types\/product"}],"wp:featuredmedia":[{"embeddable":true,"href":"https:\/\/www.multicasa.com.br\/cuiaba\/wp-json\/wp\/v2\/media\/25344"}],"wp:attachment":[{"href":"https:\/\/www.multicasa.com.br\/cuiaba\/wp-json\/wp\/v2\/media?parent=18060"}],"wp:term":[{"taxonomy":"product_brand","embeddable":true,"href":"https:\/\/www.multicasa.com.br\/cuiaba\/wp-json\/wp\/v2\/product_brand?post=18060"},{"taxonomy":"product_cat","embeddable":true,"href":"https:\/\/www.multicasa.com.br\/cuiaba\/wp-json\/wp\/v2\/product_cat?post=18060"},{"taxonomy":"product_tag","embeddable":true,"href":"https:\/\/www.multicasa.com.br\/cuiaba\/wp-json\/wp\/v2\/product_tag?post=18060"}],"curies":[{"name":"wp","href":"https:\/\/api.w.org\/{rel}","templated":true}]}}