{"id":18062,"date":"2025-06-20T19:27:36","date_gmt":"2025-06-20T23:27:36","guid":{"rendered":"http:\/\/www.multicasa.com.br\/cuiaba\/?post_type=product&#038;p=18062"},"modified":"2026-03-28T12:35:11","modified_gmt":"2026-03-28T16:35:11","slug":"kit-chaves-iso-fenda-philips-6pc-ingco","status":"publish","type":"product","link":"https:\/\/www.multicasa.com.br\/cuiaba\/produto\/kit-chaves-iso-fenda-philips-6pc-ingco\/","title":{"rendered":"KIT CHAVES ISO.FENDA\/PHILIPS 6PC INGCO<br>SKU: 2203050"},"content":{"rendered":"<p>JOGO DE CHAVES DE FENDA E PHILIPS ISOLADAS INGCO 6 PE\u00c7AS<\/p>\n","protected":false},"excerpt":{"rendered":"<h4 style=\"margin: 0px;padding: 0px 0px 16px;font-family: Lato, sans-serif;font-weight: bold;line-height: 3rem;color: var(--dark-grey3);font-size: 22px;font-style: normal;letter-spacing: normal;text-align: start;text-indent: 0px;text-transform: none\">Informa\u00e7\u00f5es t\u00e9cnicas<\/h4>\n<p><span style=\"margin: 0px;padding: 0px;font-weight: 450;font-size: 14px;line-height: 21px;color: var(--dark-grey2);font-family: Lato, sans-serif;font-style: normal;letter-spacing: normal;text-align: start;text-indent: 0px;text-transform: none\">\u0095 Haste redonda<br \/>\n\u0095 Cabo ergon\u00f4mico em fibra<br \/>\n\u0095 Isola\u00e7\u00e3o el\u00e9trica at\u00e9 1.000 V c.a<br \/>\n\u0095 1 Chave de fenda 1\/8 x 3\u0094(SL3\u00d775)<br \/>\n\u0095 1 Chave de fenda 5\/32 x 4\u0094(SL4\u00d7100)<br \/>\n\u0095 1 Chave de fenda, 1\/4 x 6\u0094 (6,5&#215;150)<br \/>\n\u0095 1 Chave Phillips 3 x60 (PH0x60)<br \/>\n\u0095 1 Chave Phillips 5 x 80 (PH1x80)<br \/>\n\u0095 1 Chave Phillips 6,5 x 100 (PH2x100)<br \/>\n\u0095 Acompanha suporte em Alum\u00ednio<br \/>\n\u0095 Ponta magn\u00e9tica<br \/>\n\u0095 Embalado em blister duplo<\/span><\/p>\n","protected":false},"featured_media":25350,"template":"","meta":{"_joinchat":[]},"product_brand":[],"product_cat":[137],"product_tag":[],"class_list":{"0":"post-18062","1":"product","2":"type-product","3":"status-publish","4":"has-post-thumbnail","6":"product_cat-ferramentas-manuais","8":"first","9":"instock","10":"shipping-taxable","11":"purchasable","12":"product-type-simple"},"_links":{"self":[{"href":"https:\/\/www.multicasa.com.br\/cuiaba\/wp-json\/wp\/v2\/product\/18062","targetHints":{"allow":["GET"]}}],"collection":[{"href":"https:\/\/www.multicasa.com.br\/cuiaba\/wp-json\/wp\/v2\/product"}],"about":[{"href":"https:\/\/www.multicasa.com.br\/cuiaba\/wp-json\/wp\/v2\/types\/product"}],"wp:featuredmedia":[{"embeddable":true,"href":"https:\/\/www.multicasa.com.br\/cuiaba\/wp-json\/wp\/v2\/media\/25350"}],"wp:attachment":[{"href":"https:\/\/www.multicasa.com.br\/cuiaba\/wp-json\/wp\/v2\/media?parent=18062"}],"wp:term":[{"taxonomy":"product_brand","embeddable":true,"href":"https:\/\/www.multicasa.com.br\/cuiaba\/wp-json\/wp\/v2\/product_brand?post=18062"},{"taxonomy":"product_cat","embeddable":true,"href":"https:\/\/www.multicasa.com.br\/cuiaba\/wp-json\/wp\/v2\/product_cat?post=18062"},{"taxonomy":"product_tag","embeddable":true,"href":"https:\/\/www.multicasa.com.br\/cuiaba\/wp-json\/wp\/v2\/product_tag?post=18062"}],"curies":[{"name":"wp","href":"https:\/\/api.w.org\/{rel}","templated":true}]}}