{"id":18068,"date":"2025-06-20T19:27:43","date_gmt":"2025-06-20T23:27:43","guid":{"rendered":"http:\/\/www.multicasa.com.br\/cuiaba\/?post_type=product&#038;p=18068"},"modified":"2025-09-24T17:05:22","modified_gmt":"2025-09-24T21:05:22","slug":"testador-tensao-s-cont-1000v-ingco","status":"publish","type":"product","link":"https:\/\/www.multicasa.com.br\/cuiaba\/produto\/testador-tensao-s-cont-1000v-ingco\/","title":{"rendered":"TESTADOR TENSAO S\/CONT. 1000V INGCO<br>SKU: 2203067"},"content":{"rendered":"<p>DETECTOR DE TENS\u00c3O SEM CONTATO INGCO 12V~1000V<\/p>\n","protected":false},"excerpt":{"rendered":"<h4 style=\"margin: 0px;padding: 0px 0px 16px;font-family: Lato, sans-serif;font-weight: bold;line-height: 3rem;color: var(--dark-grey3);font-size: 22px;font-style: normal;letter-spacing: normal;text-align: start;text-indent: 0px;text-transform: none\">Informa\u00e7\u00f5es t\u00e9cnicas<\/h4>\n<p><span style=\"margin: 0px;padding: 0px;font-weight: 450;font-size: 14px;line-height: 21px;color: var(--dark-grey2);font-family: Lato, sans-serif;font-style: normal;letter-spacing: normal;text-align: start;text-indent: 0px;text-transform: none\">\u0095 Tens\u00e3o AC: 12V ~ 1000V (alta sensibilidade)<br \/>\n48 ~ 1000V (baixa sensibilidade)<br \/>\n\u0095 Frequ\u00eancia: 50 \/ 60Hz<br \/>\n\u0095 Indica\u00e7\u00e3o de Tens\u00e3o Luminosa e Sonora<br \/>\n\u0095 Luz do flash: LED branco<br \/>\n\u0095 Indica\u00e7\u00e3o de bateria fraca<br \/>\n\u0095 Desligamento autom\u00e1tico<br \/>\n\u0095 Tampa da bateria comut\u00e1vel<br \/>\n\u0095 Distin\u00e7\u00e3o autom\u00e1tica de linha viv<\/span><\/p>\n","protected":false},"featured_media":26087,"template":"","meta":{"_joinchat":[]},"product_brand":[],"product_cat":[152],"product_tag":[],"class_list":{"0":"post-18068","1":"product","2":"type-product","3":"status-publish","4":"has-post-thumbnail","6":"product_cat-ferramentas-eletricas","8":"first","9":"instock","10":"shipping-taxable","11":"purchasable","12":"product-type-simple"},"_links":{"self":[{"href":"https:\/\/www.multicasa.com.br\/cuiaba\/wp-json\/wp\/v2\/product\/18068","targetHints":{"allow":["GET"]}}],"collection":[{"href":"https:\/\/www.multicasa.com.br\/cuiaba\/wp-json\/wp\/v2\/product"}],"about":[{"href":"https:\/\/www.multicasa.com.br\/cuiaba\/wp-json\/wp\/v2\/types\/product"}],"wp:featuredmedia":[{"embeddable":true,"href":"https:\/\/www.multicasa.com.br\/cuiaba\/wp-json\/wp\/v2\/media\/26087"}],"wp:attachment":[{"href":"https:\/\/www.multicasa.com.br\/cuiaba\/wp-json\/wp\/v2\/media?parent=18068"}],"wp:term":[{"taxonomy":"product_brand","embeddable":true,"href":"https:\/\/www.multicasa.com.br\/cuiaba\/wp-json\/wp\/v2\/product_brand?post=18068"},{"taxonomy":"product_cat","embeddable":true,"href":"https:\/\/www.multicasa.com.br\/cuiaba\/wp-json\/wp\/v2\/product_cat?post=18068"},{"taxonomy":"product_tag","embeddable":true,"href":"https:\/\/www.multicasa.com.br\/cuiaba\/wp-json\/wp\/v2\/product_tag?post=18068"}],"curies":[{"name":"wp","href":"https:\/\/api.w.org\/{rel}","templated":true}]}}