{"id":18102,"date":"2025-06-20T19:27:54","date_gmt":"2025-06-20T23:27:54","guid":{"rendered":"http:\/\/www.multicasa.com.br\/cuiaba\/?post_type=product&#038;p=18102"},"modified":"2026-04-13T14:50:32","modified_gmt":"2026-04-13T18:50:32","slug":"tubo-esgoto-100mm-6m-amanco","status":"publish","type":"product","link":"https:\/\/www.multicasa.com.br\/cuiaba\/produto\/tubo-esgoto-100mm-6m-amanco\/","title":{"rendered":"Tubo Esgoto 100Mm 6M Amanco<br>SKU: 3011348"},"content":{"rendered":"<p>O Tubo Esgoto PVC Amanco pertence a Linha Amanco Esgoto S\u00e9rie Normal \u00e9 um sistema para condu\u00e7\u00e3o e armazenamento de esgoto sanit\u00e1rios, \u00e1gua pluvial e ventila\u00e7\u00e3o. Um portf\u00f3lio completo para atender todos os projetos. Utilizada em instala\u00e7\u00f5es prediais de esgoto de aparelhos sanit\u00e1rios, escoamento por gravidade n\u00e3o submetida \u00e0 press\u00e3o e na ventila\u00e7\u00e3o do sistema, com classe de temperatura pico CT 45\u00b0C.<\/p>\n","protected":false},"excerpt":{"rendered":"<h4 style=\"margin: 0px;padding: 0px 0px 16px;font-family: Lato, sans-serif;font-weight: bold;line-height: 3rem;color: var(--dark-grey3);font-size: 22px;font-style: normal;letter-spacing: normal;text-align: start;text-indent: 0px;text-transform: none\">Informa\u00e7\u00f5es t\u00e9cnicas<\/h4>\n<p><span style=\"margin: 0px;padding: 0px;font-weight: 450;font-size: 14px;line-height: 21px;color: var(--dark-grey2);font-family: Lato, sans-serif;font-style: normal;letter-spacing: normal;text-align: start;text-indent: 0px;text-transform: none\">Produto: TUBO ESGOTO 100MM 6M AMANCO<br \/>\nMarca: AMANCO<br \/>\nCor: Branco<\/p>\n<p>Especifica\u00e7\u00e3o:<br \/>\n&#8211; Classe de temperatura: 45\u00b0C<\/p>\n<p>Utilizado em instala\u00e7\u00f5es prediais, aparelhos sanit\u00e1rios, escoamento por gravidade n\u00e3o submetida \u00e0 press\u00e3o e na ventila\u00e7\u00e3o.<br \/>\n3 meses (Garantia Legal);<\/p>\n<p>A partir da emiss\u00e3o da Nota Fiscal o consumidor tem direito a 3 meses de garantia legal, previsto por lei segundo artigo 26 do C\u00f3digo de Defesa do Consumidor;<\/p>\n<p>Lembre-se! Para ter direito \u00e0 garantia \u00e9 necess\u00e1rio apresentar a Nota Fiscal, ent\u00e3o sempre guarde sua Nota Fiscal;<\/p>\n<p>Como qualquer garantia, o produto ser\u00e1 consertado e\/ou trocado caso apresente defeito de fabrica\u00e7\u00e3o. A garantia perder\u00e1 sua validade em situa\u00e7\u00f5es como:<\/p>\n<p>&#8211; Uso inadequado do produto, como trabalhar com a ferramenta n\u00e3o respeitando suas especifica\u00e7\u00f5es e limites, ou trabalhar com acess\u00f3rios inadequados.<br \/>\n&#8211; Rede el\u00e9trica deficiente ou sele\u00e7\u00e3o incorreta de tens\u00e3o &#8220;voltagem&#8221;.<br \/>\n&#8211; Desgaste natural do produto, algumas medidas poder\u00e3o aumentar a vida \u00fatil de seu produto, como limpeza ap\u00f3s o uso, lubrifica\u00e7\u00e3o, uso de pe\u00e7as compat\u00edveis etc.<br \/>\n&#8211; Armazenagem incorreta, como deixar o produto em locais \u00famidos ou sob influ\u00eancia do clima.<br \/>\n&#8211; Manuten\u00e7\u00e3o, conserto ou abertura do produto feito por pessoas ou assist\u00eancias n\u00e3o autorizadas.<\/p>\n<p>Siga todas as instru\u00e7\u00f5es presentes no manual do produto, mas caso tenha d\u00favidas de como usar ou instalar seu produto, chame um t\u00e9cnico para auxili\u00e1-lo.<\/p>\n<p>Dados t\u00e9cnicos:<br \/>\n&#8211; Comprimento: 6m;<br \/>\n&#8211; Di\u00e2metro: DN100mm.<br \/>\n&#8211; Peso (kg): 2,640<br \/>\n<\/span><\/p>\n","protected":false},"featured_media":26172,"template":"","meta":{"_joinchat":[]},"product_brand":[],"product_cat":[73],"product_tag":[],"class_list":{"0":"post-18102","1":"product","2":"type-product","3":"status-publish","4":"has-post-thumbnail","6":"product_cat-tubos-e-conexoes","8":"first","9":"instock","10":"shipping-taxable","11":"purchasable","12":"product-type-simple"},"_links":{"self":[{"href":"https:\/\/www.multicasa.com.br\/cuiaba\/wp-json\/wp\/v2\/product\/18102","targetHints":{"allow":["GET"]}}],"collection":[{"href":"https:\/\/www.multicasa.com.br\/cuiaba\/wp-json\/wp\/v2\/product"}],"about":[{"href":"https:\/\/www.multicasa.com.br\/cuiaba\/wp-json\/wp\/v2\/types\/product"}],"wp:featuredmedia":[{"embeddable":true,"href":"https:\/\/www.multicasa.com.br\/cuiaba\/wp-json\/wp\/v2\/media\/26172"}],"wp:attachment":[{"href":"https:\/\/www.multicasa.com.br\/cuiaba\/wp-json\/wp\/v2\/media?parent=18102"}],"wp:term":[{"taxonomy":"product_brand","embeddable":true,"href":"https:\/\/www.multicasa.com.br\/cuiaba\/wp-json\/wp\/v2\/product_brand?post=18102"},{"taxonomy":"product_cat","embeddable":true,"href":"https:\/\/www.multicasa.com.br\/cuiaba\/wp-json\/wp\/v2\/product_cat?post=18102"},{"taxonomy":"product_tag","embeddable":true,"href":"https:\/\/www.multicasa.com.br\/cuiaba\/wp-json\/wp\/v2\/product_tag?post=18102"}],"curies":[{"name":"wp","href":"https:\/\/api.w.org\/{rel}","templated":true}]}}