{"id":18109,"date":"2025-06-20T19:27:55","date_gmt":"2025-06-20T23:27:55","guid":{"rendered":"http:\/\/www.multicasa.com.br\/cuiaba\/?post_type=product&#038;p=18109"},"modified":"2026-04-10T15:00:48","modified_gmt":"2026-04-10T19:00:48","slug":"torneira-eletrica-versatil-127v-lorenzetti","status":"publish","type":"product","link":"https:\/\/www.multicasa.com.br\/cuiaba\/produto\/torneira-eletrica-versatil-127v-lorenzetti\/","title":{"rendered":"Torneira El\u00e9trica Vers\u00e1til 127V Lorenzetti<br>SKU: 3064085"},"content":{"rendered":"<p>A torneira el\u00e9trica modelo Vers\u00e1til tem design moderno, al\u00e9m de ser pr\u00e1tica e eficiente. Sua bica alta e m\u00f3vel tem arejador articul\u00e1vel, e permite um jato suave e uniforme. O registro \u00bc de volta com pastilha cer\u00e2mica garante mais seguran\u00e7a e facilidade durante seu manuseio. Ela \u00e9 dotada da mais alta tecnologia em sistema para aquecimento de \u00e1gua, e oferece 3 temperaturas diferentes: fria, morna e quente, o que facilita a remo\u00e7\u00e3o da sujeira e da gordura.<\/p>\n","protected":false},"excerpt":{"rendered":"<h4 style=\"margin: 0px;padding: 0px 0px 16px;font-family: Lato, sans-serif;font-weight: bold;line-height: 3rem;color: var(--dark-grey3);font-size: 22px;font-style: normal;letter-spacing: normal;text-align: start;text-indent: 0px;text-transform: none\">Informa\u00e7\u00f5es t\u00e9cnicas<\/h4>\n<p><span style=\"margin: 0px;padding: 0px;font-weight: 450;font-size: 14px;line-height: 21px;color: var(--dark-grey2);font-family: Lato, sans-serif;font-style: normal;letter-spacing: normal;text-align: start;text-indent: 0px;text-transform: none\">&#8211; Altura da Bica Alta<br \/>\n&#8211; Mobilidade da Bica Articul\u00e1vel;<br \/>\n&#8211; Tens\u00e3o El\u00e9trica 127V<br \/>\n&#8211; Pot\u00eancia 4500W<br \/>\n&#8211; Disjuntor 40A<br \/>\n&#8211; Material Pl\u00e1stico<br \/>\n&#8211; Cor Branco\/Cromado<br \/>\n&#8211; Linha Vers\u00e1til<br \/>\n&#8211; Instru\u00e7\u00f5es de Limpeza<br \/>\n&#8211; Utilize somente pano \u00famido. Nunca utilize qualquer tipo de produto t\u00f3xico, solventes ou abrasivos. &#8211; Garantia do Fabricante 12 meses<br \/>\n&#8211; Dimens\u00f5es:<br \/>\nAltura: 34,8cm<br \/>\nLargura: 11,5cm<br \/>\nProfundidade: 31,5cm<\/span><\/p>\n","protected":false},"featured_media":26133,"template":"","meta":{"_joinchat":[]},"product_brand":[],"product_cat":[67],"product_tag":[],"class_list":{"0":"post-18109","1":"product","2":"type-product","3":"status-publish","4":"has-post-thumbnail","6":"product_cat-torneiras-e-cia","8":"first","9":"instock","10":"shipping-taxable","11":"purchasable","12":"product-type-simple"},"_links":{"self":[{"href":"https:\/\/www.multicasa.com.br\/cuiaba\/wp-json\/wp\/v2\/product\/18109","targetHints":{"allow":["GET"]}}],"collection":[{"href":"https:\/\/www.multicasa.com.br\/cuiaba\/wp-json\/wp\/v2\/product"}],"about":[{"href":"https:\/\/www.multicasa.com.br\/cuiaba\/wp-json\/wp\/v2\/types\/product"}],"wp:featuredmedia":[{"embeddable":true,"href":"https:\/\/www.multicasa.com.br\/cuiaba\/wp-json\/wp\/v2\/media\/26133"}],"wp:attachment":[{"href":"https:\/\/www.multicasa.com.br\/cuiaba\/wp-json\/wp\/v2\/media?parent=18109"}],"wp:term":[{"taxonomy":"product_brand","embeddable":true,"href":"https:\/\/www.multicasa.com.br\/cuiaba\/wp-json\/wp\/v2\/product_brand?post=18109"},{"taxonomy":"product_cat","embeddable":true,"href":"https:\/\/www.multicasa.com.br\/cuiaba\/wp-json\/wp\/v2\/product_cat?post=18109"},{"taxonomy":"product_tag","embeddable":true,"href":"https:\/\/www.multicasa.com.br\/cuiaba\/wp-json\/wp\/v2\/product_tag?post=18109"}],"curies":[{"name":"wp","href":"https:\/\/api.w.org\/{rel}","templated":true}]}}