{"id":18115,"date":"2025-06-20T19:27:55","date_gmt":"2025-06-20T23:27:55","guid":{"rendered":"http:\/\/www.multicasa.com.br\/cuiaba\/?post_type=product&#038;p=18115"},"modified":"2026-04-16T10:51:11","modified_gmt":"2026-04-16T14:51:11","slug":"contra-umidade-caixa-18l-viapol","status":"publish","type":"product","link":"https:\/\/www.multicasa.com.br\/cuiaba\/produto\/contra-umidade-caixa-18l-viapol\/","title":{"rendered":"Contra umidade caixa 18L VIAPOL<br>SKU: 3108082"},"content":{"rendered":"<p>Aditivo impermeabilizante mineral que misturado \u00e0s argamassas ou concreto, confere impermeabilidade, agindo por hidrofuga\u00e7\u00e3o dos capilares. Aplica\u00e7\u00e3o simples e f\u00e1cil; N\u00e3o altera o tempo de cura de argamassas ou concreto; Efici\u00eancia permanente. N\u00e3o perde suas caracter\u00edsticas ao longo do tempo.<\/p>\n","protected":false},"excerpt":{"rendered":"<h4 style=\"margin: 0px;padding: 0px 0px 16px;font-family: Lato, sans-serif;font-weight: bold;line-height: 3rem;color: var(--dark-grey3);font-size: 22px;font-style: normal;letter-spacing: normal;text-align: start;text-indent: 0px;text-transform: none\">Informa\u00e7\u00f5es t\u00e9cnicas<\/h4>\n<p><span style=\"margin: 0px;padding: 0px;font-weight: 450;font-size: 14px;line-height: 21px;color: var(--dark-grey2);font-family: Lato, sans-serif;font-style: normal;letter-spacing: normal;text-align: start;text-indent: 0px;text-transform: none\">Aspecto: L\u00edquido<br \/>\nCor: Branca<br \/>\nPeso: Balde 18L<br \/>\nTipo: Aditivo impermeabilizante mineral<\/span><\/p>\n","protected":false},"featured_media":25016,"template":"","meta":{"_joinchat":[]},"product_brand":[],"product_cat":[155],"product_tag":[],"class_list":{"0":"post-18115","1":"product","2":"type-product","3":"status-publish","4":"has-post-thumbnail","6":"product_cat-impermeabilizantes-e-cia","8":"first","9":"instock","10":"shipping-taxable","11":"purchasable","12":"product-type-simple"},"_links":{"self":[{"href":"https:\/\/www.multicasa.com.br\/cuiaba\/wp-json\/wp\/v2\/product\/18115","targetHints":{"allow":["GET"]}}],"collection":[{"href":"https:\/\/www.multicasa.com.br\/cuiaba\/wp-json\/wp\/v2\/product"}],"about":[{"href":"https:\/\/www.multicasa.com.br\/cuiaba\/wp-json\/wp\/v2\/types\/product"}],"wp:featuredmedia":[{"embeddable":true,"href":"https:\/\/www.multicasa.com.br\/cuiaba\/wp-json\/wp\/v2\/media\/25016"}],"wp:attachment":[{"href":"https:\/\/www.multicasa.com.br\/cuiaba\/wp-json\/wp\/v2\/media?parent=18115"}],"wp:term":[{"taxonomy":"product_brand","embeddable":true,"href":"https:\/\/www.multicasa.com.br\/cuiaba\/wp-json\/wp\/v2\/product_brand?post=18115"},{"taxonomy":"product_cat","embeddable":true,"href":"https:\/\/www.multicasa.com.br\/cuiaba\/wp-json\/wp\/v2\/product_cat?post=18115"},{"taxonomy":"product_tag","embeddable":true,"href":"https:\/\/www.multicasa.com.br\/cuiaba\/wp-json\/wp\/v2\/product_tag?post=18115"}],"curies":[{"name":"wp","href":"https:\/\/api.w.org\/{rel}","templated":true}]}}