{"id":18118,"date":"2025-06-20T19:27:56","date_gmt":"2025-06-20T23:27:56","guid":{"rendered":"http:\/\/www.multicasa.com.br\/cuiaba\/?post_type=product&#038;p=18118"},"modified":"2026-02-09T11:20:14","modified_gmt":"2026-02-09T15:20:14","slug":"cabo-flexivel-1kv-35mm-1m-preto-corfio","status":"publish","type":"product","link":"https:\/\/www.multicasa.com.br\/cuiaba\/produto\/cabo-flexivel-1kv-35mm-1m-preto-corfio\/","title":{"rendered":"Cabo Flex\u00edvel 1Kv 35Mm 1M Preto Corfio<br>SKU: 3115615"},"content":{"rendered":"<p>Condutor n\u00e3o-propagante de chama, livre de halog\u00eanio e com baixa emiss\u00e3o de fuma\u00e7a e gases t\u00f3xicos. Recomendado para instala\u00e7\u00f5es em redes de distribui\u00e7\u00e3o de energia de casas, pr\u00e9dios residenciais, comerciais, industriais, liga\u00e7\u00f5es de pain\u00e9is, etc. Deve ser utilizado em locais com alta densidade de ocupa\u00e7\u00e3o de pessoas e condi\u00e7\u00f5es de fuga dif\u00edceis (teatros, cinemas, hospitais, escolas, shoppings, etc.). ABNT NBR 13248 Cabos de pot\u00eancia e condutores isolados sem cobertura, n\u00e3o halogenados e com baixa emiss\u00e3o de fuma\u00e7a, para tens\u00f5es at\u00e9 1 kV &#8211; Requisitos de desempenho.<\/p>\n","protected":false},"excerpt":{"rendered":"<h4 style=\"margin: 0px;padding: 0px 0px 16px;font-family: Lato, sans-serif;font-weight: bold;line-height: 3rem;color: var(--dark-grey3);font-size: 22px;font-style: normal;letter-spacing: normal;text-align: start;text-indent: 0px;text-transform: none\">Informa\u00e7\u00f5es t\u00e9cnicas<\/h4>\n<p><span style=\"margin: 0px;padding: 0px;font-weight: 450;font-size: 14px;line-height: 21px;color: var(--dark-grey2);font-family: Lato, sans-serif;font-style: normal;letter-spacing: normal;text-align: start;text-indent: 0px;text-transform: none\">PRODUTO: CABO FLEX\u00cdVEL 1KV 35MM 1M PRETO CORFIO<br \/>\nMARCA: CORFIO<br \/>\nCOR: Preto<br \/>\nCONDUTOR: Formado por fios de cobre nu, t\u00eampera mole e<br \/>\nencordoamento classe 4 ou 5 de acordo com a ABNT NBR NM 280;<br \/>\nISOLA\u00c7\u00c3O: HEPR 90\u00b0C &#8211; composto termofixo extrudado a base<br \/>\nde etilenopropileno de alto m\u00f3dulo;<br \/>\nCOBERTURA: SHF1 &#8211; composto poliolef\u00ednico termopl\u00e1stico;<br \/>\nn\u00e3o halogenado;<br \/>\nCABOS: 10MM.<\/span><\/p>\n","protected":false},"featured_media":24800,"template":"","meta":{"_joinchat":[]},"product_brand":[],"product_cat":[121],"product_tag":[],"class_list":{"0":"post-18118","1":"product","2":"type-product","3":"status-publish","4":"has-post-thumbnail","6":"product_cat-fios-e-cabo","8":"first","9":"instock","10":"shipping-taxable","11":"purchasable","12":"product-type-simple"},"_links":{"self":[{"href":"https:\/\/www.multicasa.com.br\/cuiaba\/wp-json\/wp\/v2\/product\/18118","targetHints":{"allow":["GET"]}}],"collection":[{"href":"https:\/\/www.multicasa.com.br\/cuiaba\/wp-json\/wp\/v2\/product"}],"about":[{"href":"https:\/\/www.multicasa.com.br\/cuiaba\/wp-json\/wp\/v2\/types\/product"}],"wp:featuredmedia":[{"embeddable":true,"href":"https:\/\/www.multicasa.com.br\/cuiaba\/wp-json\/wp\/v2\/media\/24800"}],"wp:attachment":[{"href":"https:\/\/www.multicasa.com.br\/cuiaba\/wp-json\/wp\/v2\/media?parent=18118"}],"wp:term":[{"taxonomy":"product_brand","embeddable":true,"href":"https:\/\/www.multicasa.com.br\/cuiaba\/wp-json\/wp\/v2\/product_brand?post=18118"},{"taxonomy":"product_cat","embeddable":true,"href":"https:\/\/www.multicasa.com.br\/cuiaba\/wp-json\/wp\/v2\/product_cat?post=18118"},{"taxonomy":"product_tag","embeddable":true,"href":"https:\/\/www.multicasa.com.br\/cuiaba\/wp-json\/wp\/v2\/product_tag?post=18118"}],"curies":[{"name":"wp","href":"https:\/\/api.w.org\/{rel}","templated":true}]}}