{"id":18128,"date":"2025-06-20T19:28:05","date_gmt":"2025-06-20T23:28:05","guid":{"rendered":"http:\/\/www.multicasa.com.br\/cuiaba\/?post_type=product&#038;p=18128"},"modified":"2026-04-17T16:22:27","modified_gmt":"2026-04-17T20:22:27","slug":"caixa-acoplada-izy-aspen-ravena-branca-deca","status":"publish","type":"product","link":"https:\/\/www.multicasa.com.br\/cuiaba\/produto\/caixa-acoplada-izy-aspen-ravena-branca-deca\/","title":{"rendered":"Caixa Acoplada Izy\/Aspen\/Ravena Branca Deca<br>SKU: 3252949"},"content":{"rendered":"<p>A Caixa Acoplada da Deca \u00e9 de f\u00e1cil instala\u00e7\u00e3o e conta com um sistema interno de acoplamento. \u00c9 compat\u00edvel com os modelos de bacia Izy, Ravena ou Aspen.<br \/>\nPossui acionamento de 6 litros.<\/p>\n","protected":false},"excerpt":{"rendered":"<h4 style=\"margin: 0px;padding: 0px 0px 16px;font-family: Lato, sans-serif;font-weight: bold;line-height: 3rem;color: var(--dark-grey3);font-size: 22px;font-style: normal;letter-spacing: normal;text-align: start;text-indent: 0px;text-transform: none\">Informa\u00e7\u00f5es t\u00e9cnicas<\/h4>\n<p><span style=\"margin: 0px;padding: 0px;font-weight: 450;font-size: 14px;line-height: 21px;color: var(--dark-grey2);font-family: Lato, sans-serif;font-style: normal;letter-spacing: normal;text-align: start;text-indent: 0px;text-transform: none\">Produto: CAIXA ACOPL.IZY\/ASPEN\/RAVENA BC DE<br \/>\nMarca: DECA<\/p>\n<p>&#8211; Produto:\t Caixa Acoplada;<br \/>\n&#8211; Marca: Deca;<br \/>\n&#8211; Cor: Branco Gelo;<br \/>\n&#8211; Material:\tCer\u00e2mica;<br \/>\n&#8211; Altura: 37 cm;<br \/>\n&#8211; Largura:\t16 cm;<br \/>\n&#8211; Comprimento: 37 cm;<br \/>\n&#8211; Consumo de \u00e1gua: 3 a 6 litros;<br \/>\n&#8211; Compat\u00edvel com os Modelos:\tAspen, Izy, Ravena, Fast e Flex.<\/span><\/p>\n","protected":false},"featured_media":24842,"template":"","meta":{"_joinchat":[]},"product_brand":[],"product_cat":[68],"product_tag":[],"class_list":{"0":"post-18128","1":"product","2":"type-product","3":"status-publish","4":"has-post-thumbnail","6":"product_cat-loucas-e-cia","8":"first","9":"instock","10":"shipping-taxable","11":"purchasable","12":"product-type-simple"},"_links":{"self":[{"href":"https:\/\/www.multicasa.com.br\/cuiaba\/wp-json\/wp\/v2\/product\/18128","targetHints":{"allow":["GET"]}}],"collection":[{"href":"https:\/\/www.multicasa.com.br\/cuiaba\/wp-json\/wp\/v2\/product"}],"about":[{"href":"https:\/\/www.multicasa.com.br\/cuiaba\/wp-json\/wp\/v2\/types\/product"}],"wp:featuredmedia":[{"embeddable":true,"href":"https:\/\/www.multicasa.com.br\/cuiaba\/wp-json\/wp\/v2\/media\/24842"}],"wp:attachment":[{"href":"https:\/\/www.multicasa.com.br\/cuiaba\/wp-json\/wp\/v2\/media?parent=18128"}],"wp:term":[{"taxonomy":"product_brand","embeddable":true,"href":"https:\/\/www.multicasa.com.br\/cuiaba\/wp-json\/wp\/v2\/product_brand?post=18128"},{"taxonomy":"product_cat","embeddable":true,"href":"https:\/\/www.multicasa.com.br\/cuiaba\/wp-json\/wp\/v2\/product_cat?post=18128"},{"taxonomy":"product_tag","embeddable":true,"href":"https:\/\/www.multicasa.com.br\/cuiaba\/wp-json\/wp\/v2\/product_tag?post=18128"}],"curies":[{"name":"wp","href":"https:\/\/api.w.org\/{rel}","templated":true}]}}