{"id":18130,"date":"2025-06-20T19:28:05","date_gmt":"2025-06-20T23:28:05","guid":{"rendered":"http:\/\/www.multicasa.com.br\/cuiaba\/?post_type=product&#038;p=18130"},"modified":"2026-03-24T11:00:47","modified_gmt":"2026-03-24T15:00:47","slug":"bacia-para-caixa-acoplada-izy-deca","status":"publish","type":"product","link":"https:\/\/www.multicasa.com.br\/cuiaba\/produto\/bacia-para-caixa-acoplada-izy-deca\/","title":{"rendered":"Bacia para caixa acoplada Izy Deca<br>SKU: 3253082"},"content":{"rendered":"<p>Bacia com consumo de somente 6 litros por fluxo, \u00f3timo desempenho, efetuando a limpeza completa sempre na primeira descarga. Preparada para a utiliza\u00e7\u00e3o com sistema de descarga com tecnologia Duo, com dois bot\u00f5es: descarga completa: 6 litros (limpeza total) e descarga com volume reduzido: 3 litros (troca de l\u00edquidos). Garantindo assim uma economia de \u00e1gua de at\u00e9 60%.<\/p>\n","protected":false},"excerpt":{"rendered":"<h4 style=\"margin: 0px;padding: 0px 0px 16px;font-family: Lato, sans-serif;font-weight: bold;line-height: 3rem;color: var(--dark-grey3);font-size: 22px;font-style: normal;letter-spacing: normal;text-align: start;text-indent: 0px;text-transform: none\">Informa\u00e7\u00f5es t\u00e9cnicas<\/h4>\n<p><span style=\"margin: 0px;padding: 0px;font-weight: 450;font-size: 14px;line-height: 21px;color: var(--dark-grey2);font-family: Lato, sans-serif;font-style: normal;letter-spacing: normal;text-align: start;text-indent: 0px;text-transform: none\">Produto: Bacia para caixa acoplada<br \/>\nMarca: Deca<br \/>\nCor: Branca<br \/>\nDimens\u00f5es:<br \/>\nAltura: 380mm<br \/>\nComprimento: 645mm<br \/>\nLargura: 375mm<\/span><\/p>\n","protected":false},"featured_media":24648,"template":"","meta":{"_joinchat":[]},"product_brand":[],"product_cat":[68],"product_tag":[],"class_list":{"0":"post-18130","1":"product","2":"type-product","3":"status-publish","4":"has-post-thumbnail","6":"product_cat-loucas-e-cia","8":"first","9":"instock","10":"shipping-taxable","11":"purchasable","12":"product-type-simple"},"_links":{"self":[{"href":"https:\/\/www.multicasa.com.br\/cuiaba\/wp-json\/wp\/v2\/product\/18130","targetHints":{"allow":["GET"]}}],"collection":[{"href":"https:\/\/www.multicasa.com.br\/cuiaba\/wp-json\/wp\/v2\/product"}],"about":[{"href":"https:\/\/www.multicasa.com.br\/cuiaba\/wp-json\/wp\/v2\/types\/product"}],"wp:featuredmedia":[{"embeddable":true,"href":"https:\/\/www.multicasa.com.br\/cuiaba\/wp-json\/wp\/v2\/media\/24648"}],"wp:attachment":[{"href":"https:\/\/www.multicasa.com.br\/cuiaba\/wp-json\/wp\/v2\/media?parent=18130"}],"wp:term":[{"taxonomy":"product_brand","embeddable":true,"href":"https:\/\/www.multicasa.com.br\/cuiaba\/wp-json\/wp\/v2\/product_brand?post=18130"},{"taxonomy":"product_cat","embeddable":true,"href":"https:\/\/www.multicasa.com.br\/cuiaba\/wp-json\/wp\/v2\/product_cat?post=18130"},{"taxonomy":"product_tag","embeddable":true,"href":"https:\/\/www.multicasa.com.br\/cuiaba\/wp-json\/wp\/v2\/product_tag?post=18130"}],"curies":[{"name":"wp","href":"https:\/\/api.w.org\/{rel}","templated":true}]}}