{"id":18134,"date":"2025-06-20T19:28:05","date_gmt":"2025-06-20T23:28:05","guid":{"rendered":"http:\/\/www.multicasa.com.br\/cuiaba\/?post_type=product&#038;p=18134"},"modified":"2025-11-21T16:44:42","modified_gmt":"2025-11-21T20:44:42","slug":"ventilador-3p-new-light-127v-pt-del","status":"publish","type":"product","link":"https:\/\/www.multicasa.com.br\/cuiaba\/produto\/ventilador-3p-new-light-127v-pt-del\/","title":{"rendered":"Ventilador 3P New Light 127V Pt Del<br>SKU: 3306895"},"content":{"rendered":"<p>Ventilador de teto que esbanja em inova\u00e7\u00e3o, beleza e versatilidade. Perfeito para qualquer ambiente, f\u00e1cil instala\u00e7\u00e3o e com o melhor pre\u00e7o do mercado. Os Ventiladores Venti-Delta s\u00e3o 100% fabricados no Brasil. Contam com design internacional, 11 testes de qualidade ao longo do processo de fabrica\u00e7\u00e3o. Garantem beleza, pot\u00eancia e durabilidade al\u00e9m de contarem com toda robustez dos motores Venti-Delta.<\/p>\n","protected":false},"excerpt":{"rendered":"<h4 style=\"margin: 0px;padding: 0px 0px 16px;font-family: Lato, sans-serif;font-weight: bold;line-height: 3rem;color: var(--dark-grey3);font-size: 22px;font-style: normal;letter-spacing: normal;text-align: start;text-indent: 0px;text-transform: none\">Informa\u00e7\u00f5es t\u00e9cnicas<\/h4>\n<p><span style=\"margin: 0px;padding: 0px;font-weight: 450;font-size: 14px;line-height: 21px;color: var(--dark-grey2);font-family: Lato, sans-serif;font-style: normal;letter-spacing: normal;text-align: start;text-indent: 0px;text-transform: none\">Produto: VENTILADOR 3P NEW LIGHT 127V PT DEL<br \/>\nMarca: Ventidelta<\/p>\n<p>&#8211; Pot\u00eancia: 130W;<br \/>\n&#8211; Rota\u00e7\u00e3o M\u00e1xima: 180 a 460 rpm;<br \/>\n&#8211; P\u00e1s: 3 p\u00e1s (mdf) laqueadas na cor do ventilador ou mogno;<br \/>\n&#8211; Lustre: Globo Aberto em pl\u00e1stico injetado;<br \/>\n&#8211; \u00c1rea de Ventila\u00e7\u00e3o: 20m\u00b2;<br \/>\n&#8211; Voltagem: 127v;<br \/>\nIlumina\u00e7\u00e3o: 1 l\u00e2mpada eletr\u00f4nica at\u00e9 15w cada, 1 Led at\u00e9 10w;<br \/>\n&#8211; Controle de Velocidade: c3v (exaust\u00e3o e ventila\u00e7\u00e3o com controle de velocidade m\u00ednimo, m\u00e9dio e m\u00e1ximo);<br \/>\n&#8211; Garantia: 12 Meses;<br \/>\n&#8211; Cores: Branco, Branco\/Mogno, Preto e Preto\/Mogno;<br \/>\n&#8211; Dimens\u00f5es da Embalagem: (c x L x a): 44,5 x 21,5 x 13 cm;<br \/>\n&#8211; Peso Bruto: 3,095 Kg;<br \/>\n&#8211; Peso Liquido: 2,727 Kg;<br \/>\n&#8211; Dimens\u00e3o do produto montado: (Altura \/ Di\u00e2metro) 54 x 95 cm;<br \/>\n&#8211; Controle de velocidade capacitivo (n\u00e3o provoca ru\u00eddos e interfer\u00eancias em outros eletrodom\u00e9sticos);<br \/>\n&#8211; f\u00e1cil limpeza;<br \/>\n&#8211; SILENCIOSO;<br \/>\n&#8211; baixo consumo de energia.<\/p>\n<p>Garantia do Produto: Esse produto possui certifica\u00e7\u00e3o e \u00e9 fabricado em conformidade com a pol\u00edtica de qualidade da ind\u00fastria para atender requisitos de durabilidade, pot\u00eancia e efici\u00eancia. O fabricante disponibiliza uma equipe de suporte e assist\u00eancia t\u00e9cnica que pode ser acionada para solu\u00e7\u00e3o de problemas.<\/span><\/p>\n","protected":false},"featured_media":26271,"template":"","meta":{"_joinchat":[]},"product_brand":[],"product_cat":[160],"product_tag":[],"class_list":{"0":"post-18134","1":"product","2":"type-product","3":"status-publish","4":"has-post-thumbnail","6":"product_cat-ventiladores-decorativos","8":"first","9":"instock","10":"shipping-taxable","11":"purchasable","12":"product-type-simple"},"_links":{"self":[{"href":"https:\/\/www.multicasa.com.br\/cuiaba\/wp-json\/wp\/v2\/product\/18134","targetHints":{"allow":["GET"]}}],"collection":[{"href":"https:\/\/www.multicasa.com.br\/cuiaba\/wp-json\/wp\/v2\/product"}],"about":[{"href":"https:\/\/www.multicasa.com.br\/cuiaba\/wp-json\/wp\/v2\/types\/product"}],"wp:featuredmedia":[{"embeddable":true,"href":"https:\/\/www.multicasa.com.br\/cuiaba\/wp-json\/wp\/v2\/media\/26271"}],"wp:attachment":[{"href":"https:\/\/www.multicasa.com.br\/cuiaba\/wp-json\/wp\/v2\/media?parent=18134"}],"wp:term":[{"taxonomy":"product_brand","embeddable":true,"href":"https:\/\/www.multicasa.com.br\/cuiaba\/wp-json\/wp\/v2\/product_brand?post=18134"},{"taxonomy":"product_cat","embeddable":true,"href":"https:\/\/www.multicasa.com.br\/cuiaba\/wp-json\/wp\/v2\/product_cat?post=18134"},{"taxonomy":"product_tag","embeddable":true,"href":"https:\/\/www.multicasa.com.br\/cuiaba\/wp-json\/wp\/v2\/product_tag?post=18134"}],"curies":[{"name":"wp","href":"https:\/\/api.w.org\/{rel}","templated":true}]}}