{"id":18137,"date":"2025-06-20T19:28:06","date_gmt":"2025-06-20T23:28:06","guid":{"rendered":"http:\/\/www.multicasa.com.br\/cuiaba\/?post_type=product&#038;p=18137"},"modified":"2026-04-04T12:00:56","modified_gmt":"2026-04-04T16:00:56","slug":"mictorio-m715-pq-bc-deca","status":"publish","type":"product","link":"https:\/\/www.multicasa.com.br\/cuiaba\/produto\/mictorio-m715-pq-bc-deca\/","title":{"rendered":"Mictorio M715 Pq Bc Deca<br>SKU: 3336573"},"content":{"rendered":"<p>Ideal para ambientes refinados, como bares e restaurantes<br \/>\nIndicado para ambientes p\u00fablicos. Os produtos antivandalismo foram projetados para instala\u00e7\u00e3o em locais p\u00fablicos com grande circula\u00e7\u00e3o de pessoas, tendo elevada durabilidade e resist\u00eancia a atos de depreda\u00e7\u00e3o, vandalismo e furto. Produto com sif\u00e3o integrado: f\u00e1cil instala\u00e7\u00e3o e limpeza. Produto antivandalismo<\/p>\n","protected":false},"excerpt":{"rendered":"<h4 style=\"margin: 0px;padding: 0px 0px 16px;font-family: Lato, sans-serif;font-weight: bold;line-height: 3rem;color: var(--dark-grey3);font-size: 22px;font-style: normal;letter-spacing: normal;text-align: start;text-indent: 0px;text-transform: none\">Informa\u00e7\u00f5es t\u00e9cnicas<\/h4>\n<p><span style=\"margin: 0px;padding: 0px;font-weight: 450;font-size: 14px;line-height: 21px;color: var(--dark-grey2);font-family: Lato, sans-serif;font-style: normal;letter-spacing: normal;text-align: start;text-indent: 0px;text-transform: none\">Produto: MICTORIO M715 PQ BC DECA<br \/>\nMarca: DECA<\/p>\n<p>Dimens\u00f5es:<br \/>\n&#8211; Altura: 530mm;<br \/>\n&#8211; Comprimento: 265mm;<br \/>\n&#8211; Largura: 325mm;<br \/>\nOBS: Dimens\u00f5es do produto sem embalagem.<\/p>\n<p>Dados t\u00e9cnicos:<br \/>\n&#8211; Peso L\u00edquido: 9.99;<br \/>\n&#8211; Peso Bruto: 9.99;<br \/>\n&#8211; Composi\u00e7\u00e3o B\u00e1sica: Argila, feldspato, caulim, vidrados e corantes inorg\u00e2nicos;<br \/>\n&#8211; Tipo de Normatiza\u00e7\u00e3o: Compuls\u00f3ria.<br \/>\n<\/span><\/p>\n","protected":false},"featured_media":25555,"template":"","meta":{"_joinchat":[]},"product_brand":[],"product_cat":[68],"product_tag":[],"class_list":{"0":"post-18137","1":"product","2":"type-product","3":"status-publish","4":"has-post-thumbnail","6":"product_cat-loucas-e-cia","8":"first","9":"instock","10":"shipping-taxable","11":"purchasable","12":"product-type-simple"},"_links":{"self":[{"href":"https:\/\/www.multicasa.com.br\/cuiaba\/wp-json\/wp\/v2\/product\/18137","targetHints":{"allow":["GET"]}}],"collection":[{"href":"https:\/\/www.multicasa.com.br\/cuiaba\/wp-json\/wp\/v2\/product"}],"about":[{"href":"https:\/\/www.multicasa.com.br\/cuiaba\/wp-json\/wp\/v2\/types\/product"}],"wp:featuredmedia":[{"embeddable":true,"href":"https:\/\/www.multicasa.com.br\/cuiaba\/wp-json\/wp\/v2\/media\/25555"}],"wp:attachment":[{"href":"https:\/\/www.multicasa.com.br\/cuiaba\/wp-json\/wp\/v2\/media?parent=18137"}],"wp:term":[{"taxonomy":"product_brand","embeddable":true,"href":"https:\/\/www.multicasa.com.br\/cuiaba\/wp-json\/wp\/v2\/product_brand?post=18137"},{"taxonomy":"product_cat","embeddable":true,"href":"https:\/\/www.multicasa.com.br\/cuiaba\/wp-json\/wp\/v2\/product_cat?post=18137"},{"taxonomy":"product_tag","embeddable":true,"href":"https:\/\/www.multicasa.com.br\/cuiaba\/wp-json\/wp\/v2\/product_tag?post=18137"}],"curies":[{"name":"wp","href":"https:\/\/api.w.org\/{rel}","templated":true}]}}