{"id":18138,"date":"2025-06-20T19:28:06","date_gmt":"2025-06-20T23:28:06","guid":{"rendered":"http:\/\/www.multicasa.com.br\/cuiaba\/?post_type=product&#038;p=18138"},"modified":"2026-04-13T14:50:43","modified_gmt":"2026-04-13T18:50:43","slug":"tubo-esgoto-150mm-6m-amanco","status":"publish","type":"product","link":"https:\/\/www.multicasa.com.br\/cuiaba\/produto\/tubo-esgoto-150mm-6m-amanco\/","title":{"rendered":"Tubo Esgoto 150Mm 6M Amanco<br>SKU: 3337472"},"content":{"rendered":"<p>A linha Esgoto S\u00e9rie Normal da Amanco Wavin \u00e9 um sistema para condu\u00e7\u00e3o e armazenamento de esgoto sanit\u00e1rio, \u00e1gua pluvial e ventila\u00e7\u00e3o. A linha de Esgoto S\u00e9rie Normal \u00e9 utilizada em instala\u00e7\u00f5es prediais de esgoto de aparelhos sanit\u00e1rios, escoamento por gravidade n\u00e3o submetida \u00e0 press\u00e3o e na ventila\u00e7\u00e3o do sistema, os produtos dessa linha fazem a condu\u00e7\u00e3o de dejetos<\/p>\n","protected":false},"excerpt":{"rendered":"<h4 style=\"margin: 0px;padding: 0px 0px 16px;font-family: Lato, sans-serif;font-weight: bold;line-height: 3rem;color: var(--dark-grey3);font-size: 22px;font-style: normal;letter-spacing: normal;text-align: start;text-indent: 0px;text-transform: none\">Informa\u00e7\u00f5es t\u00e9cnicas<\/h4>\n<p><span style=\"margin: 0px;padding: 0px;font-weight: 450;font-size: 14px;line-height: 21px;color: var(--dark-grey2);font-family: Lato, sans-serif;font-style: normal;letter-spacing: normal;text-align: start;text-indent: 0px;text-transform: none\">Produto: TUBO ESGOTO 150MM 6M<br \/>\nMarca: AMANCO<\/p>\n<p>&#8211; F\u00e1cil instala\u00e7\u00e3o: Por adesivo ou junta el\u00e1stica;<br \/>\n&#8211; Alta durabilidade: Dimensionado para um per\u00edodo grande de utiliza\u00e7\u00e3o;<br \/>\n&#8211; Escoamento por gravidade: N\u00e3o \u00e9 submetida \u00e0 press\u00e3o;<br \/>\n&#8211; Ventila\u00e7\u00e3o do sistema de esgoto: Evita mau cheiro e colabora com a &#8211; higieniza\u00e7\u00e3o do local;<br \/>\n&#8211; Estanqueidade: Impede infiltra\u00e7\u00e3o.<br \/>\n&#8211; Material: PVC;<br \/>\n&#8211; DN:150<br \/>\n&#8211; Temperatura M\u00e1xima de Opera\u00e7\u00e3o: 45 \u00b0C;<br \/>\n&#8211; Comprimento: 6M;<br \/>\n&#8211; Cor: Branca;<br \/>\n<\/span><\/p>\n","protected":false},"featured_media":26175,"template":"","meta":{"_joinchat":[]},"product_brand":[],"product_cat":[73],"product_tag":[],"class_list":{"0":"post-18138","1":"product","2":"type-product","3":"status-publish","4":"has-post-thumbnail","6":"product_cat-tubos-e-conexoes","8":"first","9":"instock","10":"shipping-taxable","11":"purchasable","12":"product-type-simple"},"_links":{"self":[{"href":"https:\/\/www.multicasa.com.br\/cuiaba\/wp-json\/wp\/v2\/product\/18138","targetHints":{"allow":["GET"]}}],"collection":[{"href":"https:\/\/www.multicasa.com.br\/cuiaba\/wp-json\/wp\/v2\/product"}],"about":[{"href":"https:\/\/www.multicasa.com.br\/cuiaba\/wp-json\/wp\/v2\/types\/product"}],"wp:featuredmedia":[{"embeddable":true,"href":"https:\/\/www.multicasa.com.br\/cuiaba\/wp-json\/wp\/v2\/media\/26175"}],"wp:attachment":[{"href":"https:\/\/www.multicasa.com.br\/cuiaba\/wp-json\/wp\/v2\/media?parent=18138"}],"wp:term":[{"taxonomy":"product_brand","embeddable":true,"href":"https:\/\/www.multicasa.com.br\/cuiaba\/wp-json\/wp\/v2\/product_brand?post=18138"},{"taxonomy":"product_cat","embeddable":true,"href":"https:\/\/www.multicasa.com.br\/cuiaba\/wp-json\/wp\/v2\/product_cat?post=18138"},{"taxonomy":"product_tag","embeddable":true,"href":"https:\/\/www.multicasa.com.br\/cuiaba\/wp-json\/wp\/v2\/product_tag?post=18138"}],"curies":[{"name":"wp","href":"https:\/\/api.w.org\/{rel}","templated":true}]}}