{"id":18170,"date":"2025-06-20T19:28:16","date_gmt":"2025-06-20T23:28:16","guid":{"rendered":"http:\/\/www.multicasa.com.br\/cuiaba\/?post_type=product&#038;p=18170"},"modified":"2026-04-22T11:20:28","modified_gmt":"2026-04-22T15:20:28","slug":"cabo-rigido-1kv-10mm-1m-preto-corfio","status":"publish","type":"product","link":"https:\/\/www.multicasa.com.br\/cuiaba\/produto\/cabo-rigido-1kv-10mm-1m-preto-corfio\/","title":{"rendered":"Cabo R\u00edgido 1Kv 10Mm 1M Preto Corfio<br>SKU: 4063776"},"content":{"rendered":"<p>Condutor recomendado para instala\u00e7\u00f5es em pr\u00e9dios residenciais, comerciais, industriais e subesta\u00e7\u00f5es. Indicado para aplica\u00e7\u00f5es fixas que exigem maior prote\u00e7\u00e3o mec\u00e2nica do material isolante, incluindo boa resist\u00eancia a ambientes \u00famidos.<\/p>\n","protected":false},"excerpt":{"rendered":"<h4 style=\"margin: 0px;padding: 0px 0px 16px;font-family: Lato, sans-serif;font-weight: bold;line-height: 3rem;color: var(--dark-grey3);font-size: 22px;font-style: normal;letter-spacing: normal;text-align: start;text-indent: 0px;text-transform: none\">Informa\u00e7\u00f5es t\u00e9cnicas<\/h4>\n<p><span style=\"margin: 0px;padding: 0px;font-weight: 450;font-size: 14px;line-height: 21px;color: var(--dark-grey2);font-family: Lato, sans-serif;font-style: normal;letter-spacing: normal;text-align: start;text-indent: 0px;text-transform: none\">PRODUTO: CABO R\u00cdGIDO 1KV 10MM 1M<br \/>\nMARCA: CORFIO<br \/>\nCOR: PRETO<br \/>\nCARACTER\u00cdSTICAS:<br \/>\n90\u00b0C em regime permanente;<br \/>\n130\u00b0C em regime de sobrecarga;<br \/>\n250\u00b0C em regime de curto-circuito;<br \/>\nEletrodutos aparentes, embutidos em alvenaria, em espa\u00e7o de constru\u00e7\u00e3o ou diretamente enterrados, em leitos, bandejas, suportes, al\u00e9m de canaletas ventiladas ou fechadas.<\/p>\n<p><\/span><\/p>\n","protected":false},"featured_media":24817,"template":"","meta":{"_joinchat":[]},"product_brand":[],"product_cat":[121],"product_tag":[],"class_list":{"0":"post-18170","1":"product","2":"type-product","3":"status-publish","4":"has-post-thumbnail","6":"product_cat-fios-e-cabo","8":"first","9":"instock","10":"shipping-taxable","11":"purchasable","12":"product-type-simple"},"_links":{"self":[{"href":"https:\/\/www.multicasa.com.br\/cuiaba\/wp-json\/wp\/v2\/product\/18170","targetHints":{"allow":["GET"]}}],"collection":[{"href":"https:\/\/www.multicasa.com.br\/cuiaba\/wp-json\/wp\/v2\/product"}],"about":[{"href":"https:\/\/www.multicasa.com.br\/cuiaba\/wp-json\/wp\/v2\/types\/product"}],"wp:featuredmedia":[{"embeddable":true,"href":"https:\/\/www.multicasa.com.br\/cuiaba\/wp-json\/wp\/v2\/media\/24817"}],"wp:attachment":[{"href":"https:\/\/www.multicasa.com.br\/cuiaba\/wp-json\/wp\/v2\/media?parent=18170"}],"wp:term":[{"taxonomy":"product_brand","embeddable":true,"href":"https:\/\/www.multicasa.com.br\/cuiaba\/wp-json\/wp\/v2\/product_brand?post=18170"},{"taxonomy":"product_cat","embeddable":true,"href":"https:\/\/www.multicasa.com.br\/cuiaba\/wp-json\/wp\/v2\/product_cat?post=18170"},{"taxonomy":"product_tag","embeddable":true,"href":"https:\/\/www.multicasa.com.br\/cuiaba\/wp-json\/wp\/v2\/product_tag?post=18170"}],"curies":[{"name":"wp","href":"https:\/\/api.w.org\/{rel}","templated":true}]}}