{"id":18208,"date":"2025-06-20T19:28:41","date_gmt":"2025-06-20T23:28:41","guid":{"rendered":"http:\/\/www.multicasa.com.br\/cuiaba\/?post_type=product&#038;p=18208"},"modified":"2026-04-13T14:20:16","modified_gmt":"2026-04-13T18:20:16","slug":"adaptador-para-mangueira-plasbohn-1-2","status":"publish","type":"product","link":"https:\/\/www.multicasa.com.br\/cuiaba\/produto\/adaptador-para-mangueira-plasbohn-1-2\/","title":{"rendered":"Adaptador para Mangueira Plasbohn 1\/2&#8221;<br>SKU: 2057370"},"content":{"rendered":"<p>O Adaptador para Mangueira Plasbohn \u00e9 ideal para mangueiras com medidas de 1\/2??. Produzido em polipropileno, \u00e9 ideal para mangueiras flex\u00edveis e tubos de polietileno em aplica\u00e7\u00f5es de jardinagem, avi\u00e1rios, tanques de reservat\u00f3rio de \u00e1gua e estruturas rurais que n\u00e3o necessitam de alta press\u00e3o. Para usar, n\u00e3o utilize lubrificantes nas conex\u00f5es. O acess\u00f3rio que faltava para ter mangueiras e outros utens\u00edlios hidr\u00e1ulicos em perfeito estado!<\/p>\n","protected":false},"excerpt":{"rendered":"<h4 style=\"margin: 0px;padding: 0px 0px 16px;font-family: Lato, sans-serif;font-weight: bold;line-height: 3rem;color: var(--dark-grey3);font-size: 22px;font-style: normal;letter-spacing: normal;text-align: start;text-indent: 0px;text-transform: none\">Informa\u00e7\u00f5es t\u00e9cnicas<\/h4>\n<p><span style=\"margin: 0px;padding: 0px;font-weight: 450;font-size: 14px;line-height: 21px;color: var(--dark-grey2);font-family: Lato, sans-serif;font-style: normal;letter-spacing: normal;text-align: start;text-indent: 0px;text-transform: none\">Produto: Adaptador para Mangueira<br \/>\nMarca: Plasbohn<br \/>\nCor: Preto<br \/>\nUso indicado: ideal para mangueiras flex\u00edveis e tubos de polietileno em aplica\u00e7\u00f5es de jardinagem, avi\u00e1rios, tanques de reservat\u00f3rio de \u00e1gua e estruturas rurais que n\u00e3o necessitam de alta press\u00e3o<br \/>\nN\u00e3o use lubrificantes nas conex\u00f5es<br \/>\nItens Inclusos: 1 Adaptador para Mangueira<br \/>\nDimens\u00f5es do produto: 1\/2&#8221;<br \/>\n<\/span><\/p>\n","protected":false},"featured_media":18240,"template":"","meta":{"_joinchat":[]},"product_brand":[],"product_cat":[76],"product_tag":[],"class_list":{"0":"post-18208","1":"product","2":"type-product","3":"status-publish","4":"has-post-thumbnail","6":"product_cat-jardinagem","8":"first","9":"instock","10":"shipping-taxable","11":"purchasable","12":"product-type-simple"},"_links":{"self":[{"href":"https:\/\/www.multicasa.com.br\/cuiaba\/wp-json\/wp\/v2\/product\/18208","targetHints":{"allow":["GET"]}}],"collection":[{"href":"https:\/\/www.multicasa.com.br\/cuiaba\/wp-json\/wp\/v2\/product"}],"about":[{"href":"https:\/\/www.multicasa.com.br\/cuiaba\/wp-json\/wp\/v2\/types\/product"}],"wp:featuredmedia":[{"embeddable":true,"href":"https:\/\/www.multicasa.com.br\/cuiaba\/wp-json\/wp\/v2\/media\/18240"}],"wp:attachment":[{"href":"https:\/\/www.multicasa.com.br\/cuiaba\/wp-json\/wp\/v2\/media?parent=18208"}],"wp:term":[{"taxonomy":"product_brand","embeddable":true,"href":"https:\/\/www.multicasa.com.br\/cuiaba\/wp-json\/wp\/v2\/product_brand?post=18208"},{"taxonomy":"product_cat","embeddable":true,"href":"https:\/\/www.multicasa.com.br\/cuiaba\/wp-json\/wp\/v2\/product_cat?post=18208"},{"taxonomy":"product_tag","embeddable":true,"href":"https:\/\/www.multicasa.com.br\/cuiaba\/wp-json\/wp\/v2\/product_tag?post=18208"}],"curies":[{"name":"wp","href":"https:\/\/api.w.org\/{rel}","templated":true}]}}