{"id":18210,"date":"2025-06-20T19:28:41","date_gmt":"2025-06-20T23:28:41","guid":{"rendered":"http:\/\/www.multicasa.com.br\/cuiaba\/?post_type=product&#038;p=18210"},"modified":"2025-12-02T15:17:21","modified_gmt":"2025-12-02T19:17:21","slug":"mangueira-de-entrada-maquina-de-lavar-plasbohn-12m","status":"publish","type":"product","link":"https:\/\/www.multicasa.com.br\/cuiaba\/produto\/mangueira-de-entrada-maquina-de-lavar-plasbohn-12m\/","title":{"rendered":"Mangueira de Entrada M\u00e1quina de Lavar Plasbohn 1,2m<br>SKU: 2057376"},"content":{"rendered":"<p>A Mangueira de Entrada Plasbohn \u00e9 perfeita para encher m\u00e1quinas de lavar. Fabricada em malhas de poli\u00e9ster entre duas camadas de PVC, com anel de veda\u00e7\u00e3o que impede vazamentos. Possui 1,2 m de comprimento, e rosca fina com aproximadamente 14 fios por polegada. \u00c9 indicada para m\u00e1quinas fabricadas de 1995 em diante.<\/p>\n","protected":false},"excerpt":{"rendered":"<h4 style=\"margin: 0px;padding: 0px 0px 16px;font-family: Lato, sans-serif;font-weight: bold;line-height: 3rem;color: var(--dark-grey3);font-size: 22px;font-style: normal;letter-spacing: normal;text-align: start;text-indent: 0px;text-transform: none\">Informa\u00e7\u00f5es t\u00e9cnicas<\/h4>\n<p><span style=\"margin: 0px;padding: 0px;font-weight: 450;font-size: 14px;line-height: 21px;color: var(--dark-grey2);font-family: Lato, sans-serif;font-style: normal;letter-spacing: normal;text-align: start;text-indent: 0px;text-transform: none\">Produto: Mangueira de entrada<br \/>\nMarca: Plasbohn<br \/>\nMaterial: PVC<br \/>\nPoli\u00e9ster<br \/>\nCor: Incolor e Branca<br \/>\nUso Indicado: Para m\u00e1quinas de lavar<br \/>\nCaracter\u00edsticas: Rosca fina<br \/>\nAnel de veda\u00e7\u00e3o que impede vazamentos<br \/>\nPara lavadoras com modelos a partir de 1995<br \/>\nItens Inclusos: 1 mangueira de entrada<br \/>\nDimens\u00f5es do produto (C): 1,2m<\/span><\/p>\n","protected":false},"featured_media":18242,"template":"","meta":{"_joinchat":[]},"product_brand":[],"product_cat":[95],"product_tag":[],"class_list":{"0":"post-18210","1":"product","2":"type-product","3":"status-publish","4":"has-post-thumbnail","6":"product_cat-lavanderia","8":"first","9":"instock","10":"shipping-taxable","11":"purchasable","12":"product-type-simple"},"_links":{"self":[{"href":"https:\/\/www.multicasa.com.br\/cuiaba\/wp-json\/wp\/v2\/product\/18210","targetHints":{"allow":["GET"]}}],"collection":[{"href":"https:\/\/www.multicasa.com.br\/cuiaba\/wp-json\/wp\/v2\/product"}],"about":[{"href":"https:\/\/www.multicasa.com.br\/cuiaba\/wp-json\/wp\/v2\/types\/product"}],"wp:featuredmedia":[{"embeddable":true,"href":"https:\/\/www.multicasa.com.br\/cuiaba\/wp-json\/wp\/v2\/media\/18242"}],"wp:attachment":[{"href":"https:\/\/www.multicasa.com.br\/cuiaba\/wp-json\/wp\/v2\/media?parent=18210"}],"wp:term":[{"taxonomy":"product_brand","embeddable":true,"href":"https:\/\/www.multicasa.com.br\/cuiaba\/wp-json\/wp\/v2\/product_brand?post=18210"},{"taxonomy":"product_cat","embeddable":true,"href":"https:\/\/www.multicasa.com.br\/cuiaba\/wp-json\/wp\/v2\/product_cat?post=18210"},{"taxonomy":"product_tag","embeddable":true,"href":"https:\/\/www.multicasa.com.br\/cuiaba\/wp-json\/wp\/v2\/product_tag?post=18210"}],"curies":[{"name":"wp","href":"https:\/\/api.w.org\/{rel}","templated":true}]}}