{"id":18223,"date":"2025-06-20T19:28:43","date_gmt":"2025-06-20T23:28:43","guid":{"rendered":"http:\/\/www.multicasa.com.br\/cuiaba\/?post_type=product&#038;p=18223"},"modified":"2026-04-17T10:20:56","modified_gmt":"2026-04-17T14:20:56","slug":"kit-chave-allen-de-15mm-a-10mm-10-pecas-sparta","status":"publish","type":"product","link":"https:\/\/www.multicasa.com.br\/cuiaba\/produto\/kit-chave-allen-de-15mm-a-10mm-10-pecas-sparta\/","title":{"rendered":"Kit Chave Allen de 1,5mm a 10mm 10 Pe\u00e7as Sparta<br>SKU: 2129031"},"content":{"rendered":"<p>O Kit de Chave Allen da Sparta possui alta resist\u00eancia e durabilidade. \u00c9 ideal para apertar e soltar parafusos de cabe\u00e7a sextavada. Vem com 10 chaves fixados no anel, sendo 1,5mm, 2mm, 2,5mm, 3mm, 3,5mm, 4mm, 5mm, 6mm, 8mm e 10mm.<\/p>\n","protected":false},"excerpt":{"rendered":"<h4 style=\"margin: 0px;padding: 0px 0px 16px;font-family: Lato, sans-serif;font-weight: bold;line-height: 3rem;color: var(--dark-grey3);font-size: 22px;font-style: normal;letter-spacing: normal;text-align: start;text-indent: 0px;text-transform: none\">Informa\u00e7\u00f5es t\u00e9cnicas<\/h4>\n<p><span style=\"margin: 0px;padding: 0px;font-weight: 450;font-size: 14px;line-height: 21px;color: var(--dark-grey2);font-family: Lato, sans-serif;font-style: normal;letter-spacing: normal;text-align: start;text-indent: 0px;text-transform: none\">Produto: Kit de Chave Allen<br \/>\nTipo: L<br \/>\nMarca: Sparta<br \/>\nMaterial: A\u00e7o cromo vanadio                                                                                                                                              Acabamento: Fosfatizado<br \/>\nCaracter\u00edsticas: Dur\u00e1vel e resistente<br \/>\nQuantidade de pe\u00e7as: 10 chaves<br \/>\nItens inclusos: 1 chave de 1,5mm, 1 chave de 2mm, 1 chave de 2,5mm, 1 chave de 3mm, 1 chave de 3,5mm, 1 chave de 4mm, 1 chave de 5mm, 1 chave de 6mm, 1 chave de 8mm e 1 chave de 10mm<br \/>\nDimens\u00f5es do Produto (A x L x P): 1 x 3 x 9cm<br \/>\nPeso: 0,156kg<\/span><\/p>\n","protected":false},"featured_media":18286,"template":"","meta":{"_joinchat":[]},"product_brand":[],"product_cat":[137],"product_tag":[],"class_list":{"0":"post-18223","1":"product","2":"type-product","3":"status-publish","4":"has-post-thumbnail","6":"product_cat-ferramentas-manuais","8":"first","9":"instock","10":"shipping-taxable","11":"purchasable","12":"product-type-simple"},"_links":{"self":[{"href":"https:\/\/www.multicasa.com.br\/cuiaba\/wp-json\/wp\/v2\/product\/18223","targetHints":{"allow":["GET"]}}],"collection":[{"href":"https:\/\/www.multicasa.com.br\/cuiaba\/wp-json\/wp\/v2\/product"}],"about":[{"href":"https:\/\/www.multicasa.com.br\/cuiaba\/wp-json\/wp\/v2\/types\/product"}],"wp:featuredmedia":[{"embeddable":true,"href":"https:\/\/www.multicasa.com.br\/cuiaba\/wp-json\/wp\/v2\/media\/18286"}],"wp:attachment":[{"href":"https:\/\/www.multicasa.com.br\/cuiaba\/wp-json\/wp\/v2\/media?parent=18223"}],"wp:term":[{"taxonomy":"product_brand","embeddable":true,"href":"https:\/\/www.multicasa.com.br\/cuiaba\/wp-json\/wp\/v2\/product_brand?post=18223"},{"taxonomy":"product_cat","embeddable":true,"href":"https:\/\/www.multicasa.com.br\/cuiaba\/wp-json\/wp\/v2\/product_cat?post=18223"},{"taxonomy":"product_tag","embeddable":true,"href":"https:\/\/www.multicasa.com.br\/cuiaba\/wp-json\/wp\/v2\/product_tag?post=18223"}],"curies":[{"name":"wp","href":"https:\/\/api.w.org\/{rel}","templated":true}]}}