{"id":18224,"date":"2025-06-20T19:28:43","date_gmt":"2025-06-20T23:28:43","guid":{"rendered":"http:\/\/www.multicasa.com.br\/cuiaba\/?post_type=product&#038;p=18224"},"modified":"2026-03-11T11:02:19","modified_gmt":"2026-03-11T15:02:19","slug":"chave-torx-sparta-9-pecas","status":"publish","type":"product","link":"https:\/\/www.multicasa.com.br\/cuiaba\/produto\/chave-torx-sparta-9-pecas\/","title":{"rendered":"Chave Torx Sparta 9 pe\u00e7as<br>SKU: 2129032"},"content":{"rendered":"<p>O Kit de Chave Torx da Sparta possui alta durabilidade e resist\u00eancia. \u00c9 indicado para fixar e soltar parafusos torx. Vem com 9 pe\u00e7as fixados no anel, sendo T10\/T15\/T20\/T25\/T27\/T30\/T40\/T45\/T50.<\/p>\n","protected":false},"excerpt":{"rendered":"<h4 style=\"margin: 0px;padding: 0px 0px 16px;font-family: Lato, sans-serif;font-weight: bold;line-height: 3rem;color: var(--dark-grey3);font-size: 22px;font-style: normal;letter-spacing: normal;text-align: start;text-indent: 0px;text-transform: none\">Informa\u00e7\u00f5es t\u00e9cnicas<\/h4>\n<p><span style=\"margin: 0px;padding: 0px;font-weight: 450;font-size: 14px;line-height: 21px;color: var(--dark-grey2);font-family: Lato, sans-serif;font-style: normal;letter-spacing: normal;text-align: start;text-indent: 0px;text-transform: none\">Produto: Chave Torx<br \/>\nMarca: Sparta<br \/>\nMaterial: A\u00e7o cromo vanadio<br \/>\nAcabamento: Fosfatizado<br \/>\nCaracter\u00edsticas: Dur\u00e1vel e resistente<br \/>\nQuantidade de pe\u00e7as: 9 pe\u00e7as<br \/>\nItens Inclusos: 9 chaves &#8211; T10\/T15\/T20\/T25\/T27\/T30\/T40\/T45\/T50<br \/>\nDimens\u00f5es do produto (A x L x P): 1 x 3 x 9cm<br \/>\nPeso: 0,153kg<\/span><\/p>\n","protected":false},"featured_media":18288,"template":"","meta":{"_joinchat":[]},"product_brand":[],"product_cat":[137],"product_tag":[],"class_list":{"0":"post-18224","1":"product","2":"type-product","3":"status-publish","4":"has-post-thumbnail","6":"product_cat-ferramentas-manuais","8":"first","9":"instock","10":"shipping-taxable","11":"purchasable","12":"product-type-simple"},"_links":{"self":[{"href":"https:\/\/www.multicasa.com.br\/cuiaba\/wp-json\/wp\/v2\/product\/18224","targetHints":{"allow":["GET"]}}],"collection":[{"href":"https:\/\/www.multicasa.com.br\/cuiaba\/wp-json\/wp\/v2\/product"}],"about":[{"href":"https:\/\/www.multicasa.com.br\/cuiaba\/wp-json\/wp\/v2\/types\/product"}],"wp:featuredmedia":[{"embeddable":true,"href":"https:\/\/www.multicasa.com.br\/cuiaba\/wp-json\/wp\/v2\/media\/18288"}],"wp:attachment":[{"href":"https:\/\/www.multicasa.com.br\/cuiaba\/wp-json\/wp\/v2\/media?parent=18224"}],"wp:term":[{"taxonomy":"product_brand","embeddable":true,"href":"https:\/\/www.multicasa.com.br\/cuiaba\/wp-json\/wp\/v2\/product_brand?post=18224"},{"taxonomy":"product_cat","embeddable":true,"href":"https:\/\/www.multicasa.com.br\/cuiaba\/wp-json\/wp\/v2\/product_cat?post=18224"},{"taxonomy":"product_tag","embeddable":true,"href":"https:\/\/www.multicasa.com.br\/cuiaba\/wp-json\/wp\/v2\/product_tag?post=18224"}],"curies":[{"name":"wp","href":"https:\/\/api.w.org\/{rel}","templated":true}]}}