{"id":18274,"date":"2025-06-20T19:29:29","date_gmt":"2025-06-20T23:29:29","guid":{"rendered":"http:\/\/www.multicasa.com.br\/cuiaba\/?post_type=product&#038;p=18274"},"modified":"2025-08-30T11:33:39","modified_gmt":"2025-08-30T15:33:39","slug":"mouse-optico-sem-fio-wireless-m170-cinza-logitech","status":"publish","type":"product","link":"https:\/\/www.multicasa.com.br\/cuiaba\/produto\/mouse-optico-sem-fio-wireless-m170-cinza-logitech\/","title":{"rendered":"Mouse \u00d3ptico sem Fio Wireless M170 Cinza Logitech<br>SKU: 2074936"},"content":{"rendered":"<p>O Mouse \u00d3ptico sem Fio Wireless M170 Logitech na cor cinza, re\u00fane toda a confiabilidade e conveni\u00eancia de um mouse sem fio, com um alcance de at\u00e9 10 metros via conex\u00e3o wireless. Sua alimenta\u00e7\u00e3o \u00e9 feita atrav\u00e9s de 1 pilha AA e sua tecnologia sem fio \u00e9 de 2,4GHZ. Seu formato arredondado ambidestro, permite segurar de forma natural e confort\u00e1vel com a m\u00e3o direita ou esquerda. <\/p>\n","protected":false},"excerpt":{"rendered":"<h4 style=\"margin: 0px;padding: 0px 0px 16px;font-family: Lato, sans-serif;font-weight: bold;line-height: 3rem;color: var(--dark-grey3);font-size: 22px;font-style: normal;letter-spacing: normal;text-align: start;text-indent: 0px;text-transform: none\">Informa\u00e7\u00f5es t\u00e9cnicas<\/h4>\n<p><span style=\"margin: 0px;padding: 0px;font-weight: 450;font-size: 14px;line-height: 21px;color: var(--dark-grey2);font-family: Lato, sans-serif;font-style: normal;letter-spacing: normal;text-align: start;text-indent: 0px;text-transform: none\">Produto: Mouse sem fio<br \/>\nMarca: Logitech<br \/>\nModelo: M170<br \/>\nCor: Preto e cinza<br \/>\nAlimenta\u00e7\u00e3o: 1 Pilha AA<br \/>\nCaracter\u00edsticas: Tecnologia sem fio 2,4 GHZ<br \/>\nAlcance sem fio 10 metros<br \/>\nAmbidestro<br \/>\nResolu\u00e7\u00e3o 1000 DPI<br \/>\nPorta USB<br \/>\nCompat\u00edvel com windows 7, 8, 10 ou posterior, MAC OS X 10.8 ou posterior, Chrome OS, Kernel do Linux 2.6+<br \/>\nItens Inclusos: 1 mouse sem fio<br \/>\nDimens\u00f5es do produto (A X L): 19 x 13cm<br \/>\nGarantia: 1 ano pelo fabricante<\/span><\/p>\n","protected":false},"featured_media":18348,"template":"","meta":{"_joinchat":[]},"product_brand":[],"product_cat":[130],"product_tag":[],"class_list":{"0":"post-18274","1":"product","2":"type-product","3":"status-publish","4":"has-post-thumbnail","6":"product_cat-informatica","8":"first","9":"instock","10":"shipping-taxable","11":"purchasable","12":"product-type-simple"},"_links":{"self":[{"href":"https:\/\/www.multicasa.com.br\/cuiaba\/wp-json\/wp\/v2\/product\/18274","targetHints":{"allow":["GET"]}}],"collection":[{"href":"https:\/\/www.multicasa.com.br\/cuiaba\/wp-json\/wp\/v2\/product"}],"about":[{"href":"https:\/\/www.multicasa.com.br\/cuiaba\/wp-json\/wp\/v2\/types\/product"}],"wp:featuredmedia":[{"embeddable":true,"href":"https:\/\/www.multicasa.com.br\/cuiaba\/wp-json\/wp\/v2\/media\/18348"}],"wp:attachment":[{"href":"https:\/\/www.multicasa.com.br\/cuiaba\/wp-json\/wp\/v2\/media?parent=18274"}],"wp:term":[{"taxonomy":"product_brand","embeddable":true,"href":"https:\/\/www.multicasa.com.br\/cuiaba\/wp-json\/wp\/v2\/product_brand?post=18274"},{"taxonomy":"product_cat","embeddable":true,"href":"https:\/\/www.multicasa.com.br\/cuiaba\/wp-json\/wp\/v2\/product_cat?post=18274"},{"taxonomy":"product_tag","embeddable":true,"href":"https:\/\/www.multicasa.com.br\/cuiaba\/wp-json\/wp\/v2\/product_tag?post=18274"}],"curies":[{"name":"wp","href":"https:\/\/api.w.org\/{rel}","templated":true}]}}