{"id":18279,"date":"2025-06-20T19:29:30","date_gmt":"2025-06-20T23:29:30","guid":{"rendered":"http:\/\/www.multicasa.com.br\/cuiaba\/?post_type=product&#038;p=18279"},"modified":"2026-02-02T15:35:35","modified_gmt":"2026-02-02T19:35:35","slug":"pistola-de-cola-quente-brasfort-bivolt-11mm-24w","status":"publish","type":"product","link":"https:\/\/www.multicasa.com.br\/cuiaba\/produto\/pistola-de-cola-quente-brasfort-bivolt-11mm-24w\/","title":{"rendered":"Pistola de Cola Quente Brasfort Bivolt 11mm 24W<br>SKU: 2077828"},"content":{"rendered":"<p>A Pistola de cola quente Western \u00e9 indicada para derretimento de adesivos termopl\u00e1sticos, ideal para colagens em geral. Bivolt e com pot\u00eancia de 24W com capacidade de aquecimento superior aos aplicadores convencionais, proporcionando uma aplica\u00e7\u00e3o mais eficiente e r\u00e1pida. Derretimento de bast\u00f5es de cola de 11 mm. O produto ideal para trabalhos manuais.<\/p>\n","protected":false},"excerpt":{"rendered":"<h4 style=\"margin: 0px; padding: 0px 0px 16px; font-family: Lato, sans-serif; font-weight: bold; line-height: 3rem; color: var(--dark-grey3); font-size: 22px; font-style: normal; letter-spacing: normal; text-align: start; text-indent: 0px; text-transform: none;\">Informa\u00e7\u00f5es t\u00e9cnicas<\/h4>\n<p><span style=\"margin: 0px; padding: 0px; font-weight: 450; font-size: 14px; line-height: 21px; color: var(--dark-grey2); font-family: Lato, sans-serif; font-style: normal; letter-spacing: normal; text-align: start; text-indent: 0px; text-transform: none;\">Produto: Pistola de cola quente<br \/>\nMarca: Western<br \/>\nMaterial: Pl\u00e1stico<br \/>\nCor: Preto e laranja<br \/>\nPot\u00eancia: 24w<br \/>\nTens\u00e3o el\u00e9trica: 127-220v<br \/>\nCaracter\u00edsticas: Utiliza bast\u00e3o de cola de 11mm<br \/>\nItens Inclusos: 1 pistola de cola quente<br \/>\nDimens\u00f5es do produto (L X P): 20 x 12cm<br \/>\nOCP: 0052<\/span><\/p>\n","protected":false},"featured_media":18358,"template":"","meta":{"_joinchat":[]},"product_brand":[],"product_cat":[152],"product_tag":[],"class_list":{"0":"post-18279","1":"product","2":"type-product","3":"status-publish","4":"has-post-thumbnail","6":"product_cat-ferramentas-eletricas","8":"first","9":"instock","10":"shipping-taxable","11":"purchasable","12":"product-type-simple"},"_links":{"self":[{"href":"https:\/\/www.multicasa.com.br\/cuiaba\/wp-json\/wp\/v2\/product\/18279","targetHints":{"allow":["GET"]}}],"collection":[{"href":"https:\/\/www.multicasa.com.br\/cuiaba\/wp-json\/wp\/v2\/product"}],"about":[{"href":"https:\/\/www.multicasa.com.br\/cuiaba\/wp-json\/wp\/v2\/types\/product"}],"wp:featuredmedia":[{"embeddable":true,"href":"https:\/\/www.multicasa.com.br\/cuiaba\/wp-json\/wp\/v2\/media\/18358"}],"wp:attachment":[{"href":"https:\/\/www.multicasa.com.br\/cuiaba\/wp-json\/wp\/v2\/media?parent=18279"}],"wp:term":[{"taxonomy":"product_brand","embeddable":true,"href":"https:\/\/www.multicasa.com.br\/cuiaba\/wp-json\/wp\/v2\/product_brand?post=18279"},{"taxonomy":"product_cat","embeddable":true,"href":"https:\/\/www.multicasa.com.br\/cuiaba\/wp-json\/wp\/v2\/product_cat?post=18279"},{"taxonomy":"product_tag","embeddable":true,"href":"https:\/\/www.multicasa.com.br\/cuiaba\/wp-json\/wp\/v2\/product_tag?post=18279"}],"curies":[{"name":"wp","href":"https:\/\/api.w.org\/{rel}","templated":true}]}}