{"id":18337,"date":"2025-06-20T19:30:25","date_gmt":"2025-06-20T23:30:25","guid":{"rendered":"http:\/\/www.multicasa.com.br\/cuiaba\/?post_type=product&#038;p=18337"},"modified":"2026-04-20T15:30:42","modified_gmt":"2026-04-20T19:30:42","slug":"torneira-para-filtro-de-toque-branca-azul-oasis","status":"publish","type":"product","link":"https:\/\/www.multicasa.com.br\/cuiaba\/produto\/torneira-para-filtro-de-toque-branca-azul-oasis\/","title":{"rendered":"Torneira para Filtro de Toque Branca\/Azul O\u00e1sis<br>SKU: 2158835"},"content":{"rendered":"<p>A Torneira para Filtro de Toque Branca\/Azul da O\u00e1sis \u00e9 super resistente e pr\u00e1tica de instalar. Compat\u00edvel com v\u00e1rios modelos de filtros, suportes e reservat\u00f3rios de \u00e1gua. Pode ser utilizada no modo manual ou autom\u00e1tico.<\/p>\n","protected":false},"excerpt":{"rendered":"<h4 style=\"margin: 0px;padding: 0px 0px 16px;font-family: Lato, sans-serif;font-weight: bold;line-height: 3rem;color: var(--dark-grey3);font-size: 22px;font-style: normal;letter-spacing: normal;text-align: start;text-indent: 0px;text-transform: none\">Informa\u00e7\u00f5es t\u00e9cnicas<\/h4>\n<p><span style=\"margin: 0px;padding: 0px;font-weight: 450;font-size: 14px;line-height: 21px;color: var(--dark-grey2);font-family: Lato, sans-serif;font-style: normal;letter-spacing: normal;text-align: start;text-indent: 0px;text-transform: none\">Produto: Torneira para filtro<br \/>\nMarca: O\u00e1sis                                                                                                                                                          Modelo: Longa toque superior<br \/>\nMaterial: Poliestileno<br \/>\nCor: Branca\/Azul<br \/>\nCaracter\u00edsticas: Resistente<br \/>\nItens inclusos: 1 Torneira para filtro<br \/>\nDimens\u00f5es do produto (A x L x P): 15 x 10 x 0,6cm<br \/>\nPeso: 0,42kg<\/span><\/p>\n","protected":false},"featured_media":18405,"template":"","meta":{"_joinchat":[]},"product_brand":[],"product_cat":[67],"product_tag":[],"class_list":{"0":"post-18337","1":"product","2":"type-product","3":"status-publish","4":"has-post-thumbnail","6":"product_cat-torneiras-e-cia","8":"first","9":"instock","10":"shipping-taxable","11":"purchasable","12":"product-type-simple"},"_links":{"self":[{"href":"https:\/\/www.multicasa.com.br\/cuiaba\/wp-json\/wp\/v2\/product\/18337","targetHints":{"allow":["GET"]}}],"collection":[{"href":"https:\/\/www.multicasa.com.br\/cuiaba\/wp-json\/wp\/v2\/product"}],"about":[{"href":"https:\/\/www.multicasa.com.br\/cuiaba\/wp-json\/wp\/v2\/types\/product"}],"wp:featuredmedia":[{"embeddable":true,"href":"https:\/\/www.multicasa.com.br\/cuiaba\/wp-json\/wp\/v2\/media\/18405"}],"wp:attachment":[{"href":"https:\/\/www.multicasa.com.br\/cuiaba\/wp-json\/wp\/v2\/media?parent=18337"}],"wp:term":[{"taxonomy":"product_brand","embeddable":true,"href":"https:\/\/www.multicasa.com.br\/cuiaba\/wp-json\/wp\/v2\/product_brand?post=18337"},{"taxonomy":"product_cat","embeddable":true,"href":"https:\/\/www.multicasa.com.br\/cuiaba\/wp-json\/wp\/v2\/product_cat?post=18337"},{"taxonomy":"product_tag","embeddable":true,"href":"https:\/\/www.multicasa.com.br\/cuiaba\/wp-json\/wp\/v2\/product_tag?post=18337"}],"curies":[{"name":"wp","href":"https:\/\/api.w.org\/{rel}","templated":true}]}}