{"id":18364,"date":"2025-06-20T19:30:50","date_gmt":"2025-06-20T23:30:50","guid":{"rendered":"http:\/\/www.multicasa.com.br\/cuiaba\/?post_type=product&#038;p=18364"},"modified":"2026-04-09T14:20:43","modified_gmt":"2026-04-09T18:20:43","slug":"desentupidor-para-pias-e-ralos-diabo-verde-300g","status":"publish","type":"product","link":"https:\/\/www.multicasa.com.br\/cuiaba\/produto\/desentupidor-para-pias-e-ralos-diabo-verde-300g\/","title":{"rendered":"Desentupidor para Pias e Ralos Diabo Verde 300g<br>SKU: 2339919"},"content":{"rendered":"<p>Mantenha sua pia, vaso sanit\u00e1rio e outros encanamentos funcionando com o desentupidor Diabo Verde. Ideal para pias e ralos, deve ser usado com equipamentos de prote\u00e7\u00e3o para n\u00e3o prejudicar sua sa\u00fade (componentes t\u00f3xicos). Indicado para quem busca solu\u00e7\u00f5es pr\u00e1ticas e eficientes para desentupimentos. Embalagem com 300g.<\/p>\n","protected":false},"excerpt":{"rendered":"<h4 style=\"margin: 0px;padding: 0px 0px 16px;font-family: Lato, sans-serif;font-weight: bold;line-height: 3rem;color: var(--dark-grey3);font-size: 22px;font-style: normal;letter-spacing: normal;text-align: start;text-indent: 0px;text-transform: none\">Informa\u00e7\u00f5es t\u00e9cnicas<\/h4>\n<p><span style=\"margin: 0px;padding: 0px;font-weight: 450;font-size: 14px;line-height: 21px;color: var(--dark-grey2);font-family: Lato, sans-serif;font-style: normal;letter-spacing: normal;text-align: start;text-indent: 0px;text-transform: none\">Produto: Desentupidor para Pias e Ralos<br \/>\nMarca: Diabo Verde<br \/>\nConte\u00fado: 300g<br \/>\nCaracter\u00edsticas: use com equipamentos de prote\u00e7\u00e3o<br \/>\ncomponentes t\u00f3xicos<br \/>\nItens inclusos: 1 desentupidor Diabo Verde<\/span><\/p>\n","protected":false},"featured_media":18428,"template":"","meta":{"_joinchat":[]},"product_brand":[],"product_cat":[96],"product_tag":[],"class_list":{"0":"post-18364","1":"product","2":"type-product","3":"status-publish","4":"has-post-thumbnail","6":"product_cat-limpeza-e-cia","8":"first","9":"instock","10":"shipping-taxable","11":"purchasable","12":"product-type-simple"},"_links":{"self":[{"href":"https:\/\/www.multicasa.com.br\/cuiaba\/wp-json\/wp\/v2\/product\/18364","targetHints":{"allow":["GET"]}}],"collection":[{"href":"https:\/\/www.multicasa.com.br\/cuiaba\/wp-json\/wp\/v2\/product"}],"about":[{"href":"https:\/\/www.multicasa.com.br\/cuiaba\/wp-json\/wp\/v2\/types\/product"}],"wp:featuredmedia":[{"embeddable":true,"href":"https:\/\/www.multicasa.com.br\/cuiaba\/wp-json\/wp\/v2\/media\/18428"}],"wp:attachment":[{"href":"https:\/\/www.multicasa.com.br\/cuiaba\/wp-json\/wp\/v2\/media?parent=18364"}],"wp:term":[{"taxonomy":"product_brand","embeddable":true,"href":"https:\/\/www.multicasa.com.br\/cuiaba\/wp-json\/wp\/v2\/product_brand?post=18364"},{"taxonomy":"product_cat","embeddable":true,"href":"https:\/\/www.multicasa.com.br\/cuiaba\/wp-json\/wp\/v2\/product_cat?post=18364"},{"taxonomy":"product_tag","embeddable":true,"href":"https:\/\/www.multicasa.com.br\/cuiaba\/wp-json\/wp\/v2\/product_tag?post=18364"}],"curies":[{"name":"wp","href":"https:\/\/api.w.org\/{rel}","templated":true}]}}