{"id":18388,"date":"2025-06-20T19:31:13","date_gmt":"2025-06-20T23:31:13","guid":{"rendered":"http:\/\/www.multicasa.com.br\/cuiaba\/?post_type=product&#038;p=18388"},"modified":"2026-04-25T09:51:03","modified_gmt":"2026-04-25T13:51:03","slug":"modulo-tomada-2pt-liz-branco-tramontina-20a","status":"publish","type":"product","link":"https:\/\/www.multicasa.com.br\/cuiaba\/produto\/modulo-tomada-2pt-liz-branco-tramontina-20a\/","title":{"rendered":"M\u00f3dulo Tomada 2P+T Liz Branco Tramontina 20A<br>SKU: 3235459"},"content":{"rendered":"<p>O M\u00f3dulo Tomada Tramontina \u00e9 produzido em pl\u00e1stico branco com acabamento brilhoso que n\u00e3o ret\u00e9m poeira e com componentes em metal. O miolo tem encaixe manual com 1 tomada 2P+T e \u00e9 indicado para correntes nominais de 20a e tens\u00e3o m\u00e1xima de 250v. Dentro das norma NBR 14136. Instale tomadas com seguran\u00e7a e qualidade.<\/p>\n","protected":false},"excerpt":{"rendered":"<h4 style=\"margin: 0px;padding: 0px 0px 16px;font-family: Lato, sans-serif;font-weight: bold;line-height: 3rem;color: var(--dark-grey3);font-size: 22px;font-style: normal;letter-spacing: normal;text-align: start;text-indent: 0px;text-transform: none\">Informa\u00e7\u00f5es t\u00e9cnicas<\/h4>\n<p><span style=\"margin: 0px;padding: 0px;font-weight: 450;font-size: 14px;line-height: 21px;color: var(--dark-grey2);font-family: Lato, sans-serif;font-style: normal;letter-spacing: normal;text-align: start;text-indent: 0px;text-transform: none\">Produto: M\u00f3dulo Tomada<br \/>\nMarca: Tramontina<br \/>\nMaterial: Pl\u00e1stico nylon<br \/>\nTermopl\u00e1stico<br \/>\nAcabamento: Brilhoso<br \/>\nCor: Branco<br \/>\nCaracter\u00edsticas: Corrente de 20A<br \/>\nTens\u00e3o m\u00e1xima de 250v<br \/>\nLux\/liz<br \/>\nTomada 2P+T<br \/>\nDentro das normas NBR 14136<br \/>\nItens inclusos: 1m\u00f3dulo Tomada<br \/>\nDimens\u00f5es do produto (A X L): 3,5 x 4,5cm<br \/>\nPeso do produto: 18g<br \/>\n<\/span><\/p>\n","protected":false},"featured_media":18436,"template":"","meta":{"_joinchat":[]},"product_brand":[],"product_cat":[144],"product_tag":[],"class_list":{"0":"post-18388","1":"product","2":"type-product","3":"status-publish","4":"has-post-thumbnail","6":"product_cat-tomadas-e-cia","8":"first","9":"instock","10":"shipping-taxable","11":"purchasable","12":"product-type-simple"},"_links":{"self":[{"href":"https:\/\/www.multicasa.com.br\/cuiaba\/wp-json\/wp\/v2\/product\/18388","targetHints":{"allow":["GET"]}}],"collection":[{"href":"https:\/\/www.multicasa.com.br\/cuiaba\/wp-json\/wp\/v2\/product"}],"about":[{"href":"https:\/\/www.multicasa.com.br\/cuiaba\/wp-json\/wp\/v2\/types\/product"}],"wp:featuredmedia":[{"embeddable":true,"href":"https:\/\/www.multicasa.com.br\/cuiaba\/wp-json\/wp\/v2\/media\/18436"}],"wp:attachment":[{"href":"https:\/\/www.multicasa.com.br\/cuiaba\/wp-json\/wp\/v2\/media?parent=18388"}],"wp:term":[{"taxonomy":"product_brand","embeddable":true,"href":"https:\/\/www.multicasa.com.br\/cuiaba\/wp-json\/wp\/v2\/product_brand?post=18388"},{"taxonomy":"product_cat","embeddable":true,"href":"https:\/\/www.multicasa.com.br\/cuiaba\/wp-json\/wp\/v2\/product_cat?post=18388"},{"taxonomy":"product_tag","embeddable":true,"href":"https:\/\/www.multicasa.com.br\/cuiaba\/wp-json\/wp\/v2\/product_tag?post=18388"}],"curies":[{"name":"wp","href":"https:\/\/api.w.org\/{rel}","templated":true}]}}