{"id":18411,"date":"2025-06-20T19:31:37","date_gmt":"2025-06-20T23:31:37","guid":{"rendered":"http:\/\/www.multicasa.com.br\/cuiaba\/?post_type=product&#038;p=18411"},"modified":"2025-12-04T16:44:44","modified_gmt":"2025-12-04T20:44:44","slug":"cotovelo-1-2-cromado-dalcon","status":"publish","type":"product","link":"https:\/\/www.multicasa.com.br\/cuiaba\/produto\/cotovelo-1-2-cromado-dalcon\/","title":{"rendered":"Cotovelo 1\/2&#8221; Cromado Dalcon<br>SKU: 3262154"},"content":{"rendered":"<p>O cotovelo 1\/2&#8221; cromado da Dalcon foi desenvolvido para conduzir \u00e1gua, quente ou fria, constantemente pressurizada ou n\u00e3o. Feito de liga de lat\u00e3o, o cotovelo \u00e9 resistente \u00e0 corros\u00e3o, al\u00e9m de ser \u00fatil tamb\u00e9m nos casos de redes provis\u00f3rias. Ideal para ser usado em jun\u00e7\u00f5es, previne tamb\u00e9m de choques ou impactos.<\/p>\n","protected":false},"excerpt":{"rendered":"<h4 style=\"margin: 0px;padding: 0px 0px 16px;font-family: Lato, sans-serif;font-weight: bold;line-height: 3rem;color: var(--dark-grey3);font-size: 22px;font-style: normal;letter-spacing: normal;text-align: start;text-indent: 0px;text-transform: none\">Informa\u00e7\u00f5es t\u00e9cnicas<\/h4>\n<p><span style=\"margin: 0px;padding: 0px;font-weight: 450;font-size: 14px;line-height: 21px;color: var(--dark-grey2);font-family: Lato, sans-serif;font-style: normal;letter-spacing: normal;text-align: start;text-indent: 0px;text-transform: none\">Produto: Cotovelo<br \/>\nMarca: Dalcon<br \/>\nMaterial: Liga de Lat\u00e3o<br \/>\nCor: prata<br \/>\nCaracter\u00edsticas: Lat\u00e3o anticorrosivo<br \/>\nIdeal para jun\u00e7\u00f5es<br \/>\nResistente \u00e0 corros\u00e3o e \u00e0s solicita\u00e7\u00f5es dos esfor\u00e7os mec\u00e2nicos<br \/>\nApresenta vantagens em instala\u00e7\u00f5es aparentes<br \/>\ncontra eventuais choques ou impactos<br \/>\nPossui o sistema rosque\u00e1vel<br \/>\nItens Inclusos: 1 Cotovelo<br \/>\nDimens\u00f5es do produto (A X L): 1\/2&#8221; (4,9 x 2,3cm)<br \/>\n<\/span><\/p>\n","protected":false},"featured_media":18463,"template":"","meta":{"_joinchat":[]},"product_brand":[],"product_cat":[73],"product_tag":[],"class_list":{"0":"post-18411","1":"product","2":"type-product","3":"status-publish","4":"has-post-thumbnail","6":"product_cat-tubos-e-conexoes","8":"first","9":"instock","10":"shipping-taxable","11":"purchasable","12":"product-type-simple"},"_links":{"self":[{"href":"https:\/\/www.multicasa.com.br\/cuiaba\/wp-json\/wp\/v2\/product\/18411","targetHints":{"allow":["GET"]}}],"collection":[{"href":"https:\/\/www.multicasa.com.br\/cuiaba\/wp-json\/wp\/v2\/product"}],"about":[{"href":"https:\/\/www.multicasa.com.br\/cuiaba\/wp-json\/wp\/v2\/types\/product"}],"wp:featuredmedia":[{"embeddable":true,"href":"https:\/\/www.multicasa.com.br\/cuiaba\/wp-json\/wp\/v2\/media\/18463"}],"wp:attachment":[{"href":"https:\/\/www.multicasa.com.br\/cuiaba\/wp-json\/wp\/v2\/media?parent=18411"}],"wp:term":[{"taxonomy":"product_brand","embeddable":true,"href":"https:\/\/www.multicasa.com.br\/cuiaba\/wp-json\/wp\/v2\/product_brand?post=18411"},{"taxonomy":"product_cat","embeddable":true,"href":"https:\/\/www.multicasa.com.br\/cuiaba\/wp-json\/wp\/v2\/product_cat?post=18411"},{"taxonomy":"product_tag","embeddable":true,"href":"https:\/\/www.multicasa.com.br\/cuiaba\/wp-json\/wp\/v2\/product_tag?post=18411"}],"curies":[{"name":"wp","href":"https:\/\/api.w.org\/{rel}","templated":true}]}}