{"id":18413,"date":"2025-06-20T19:31:37","date_gmt":"2025-06-20T23:31:37","guid":{"rendered":"http:\/\/www.multicasa.com.br\/cuiaba\/?post_type=product&#038;p=18413"},"modified":"2026-04-22T15:20:44","modified_gmt":"2026-04-22T19:20:44","slug":"kit-parafuso-para-fixacao-de-louca-sanitaria-10mm-dalcon-8-pecas","status":"publish","type":"product","link":"https:\/\/www.multicasa.com.br\/cuiaba\/produto\/kit-parafuso-para-fixacao-de-louca-sanitaria-10mm-dalcon-8-pecas\/","title":{"rendered":"Kit Parafuso para Fixa\u00e7\u00e3o de Lou\u00e7a Sanit\u00e1ria 10mm Dalcon 8 Pe\u00e7as<br>SKU: 3262189"},"content":{"rendered":"<p>O Kit Parafuso para Fixa\u00e7\u00e3o de Lou\u00e7a Sanit\u00e1ria 10 mm Dalcon \u00e9 resistente \u00e0 corros\u00e3o e \u00e0s solicita\u00e7\u00f5es dos esfor\u00e7os mec\u00e2nicos que o componente est\u00e1 sujeito. S\u00e3o 8 pe\u00e7as: 2 parafusos, 2 arruelas com rebaixo, 2 buchas e 2 cabe\u00e7as rosc\u00e1veis produzidas em liga de lat\u00e3o anticorrosivo. Ideais para instala\u00e7\u00e3o de vasos, pias e outros tipos de lou\u00e7as sanit\u00e1rias.<\/p>\n","protected":false},"excerpt":{"rendered":"<h4 style=\"margin: 0px;padding: 0px 0px 16px;font-family: Lato, sans-serif;font-weight: bold;line-height: 3rem;color: var(--dark-grey3);font-size: 22px;font-style: normal;letter-spacing: normal;text-align: start;text-indent: 0px;text-transform: none\">Informa\u00e7\u00f5es t\u00e9cnicas<\/h4>\n<p><span style=\"margin: 0px;padding: 0px;font-weight: 450;font-size: 14px;line-height: 21px;color: var(--dark-grey2);font-family: Lato, sans-serif;font-style: normal;letter-spacing: normal;text-align: start;text-indent: 0px;text-transform: none\">Produto: Parafuso<br \/>\nMarca: Dalcon<br \/>\nMaterial: Liga de lat\u00e3o<br \/>\nCor: Verde, prata e dourado<br \/>\nCaracter\u00edsticas: Para vaso\/pia<br \/>\nResistente a corros\u00e3o<br \/>\nQuantidade de pe\u00e7as: 8<br \/>\nItens inclusos: 2 Parafusos<br \/>\n2 arruelas com rebaixo<br \/>\n2 buchas<br \/>\n2 cabe\u00e7as rosc\u00e1veis<br \/>\nDi\u00e2metro do produto: 10mm<br \/>\n<\/span><\/p>\n","protected":false},"featured_media":18466,"template":"","meta":{"_joinchat":[]},"product_brand":[],"product_cat":[74],"product_tag":[],"class_list":{"0":"post-18413","1":"product","2":"type-product","3":"status-publish","4":"has-post-thumbnail","6":"product_cat-reparos-hidraulicos","8":"first","9":"instock","10":"shipping-taxable","11":"purchasable","12":"product-type-simple"},"_links":{"self":[{"href":"https:\/\/www.multicasa.com.br\/cuiaba\/wp-json\/wp\/v2\/product\/18413","targetHints":{"allow":["GET"]}}],"collection":[{"href":"https:\/\/www.multicasa.com.br\/cuiaba\/wp-json\/wp\/v2\/product"}],"about":[{"href":"https:\/\/www.multicasa.com.br\/cuiaba\/wp-json\/wp\/v2\/types\/product"}],"wp:featuredmedia":[{"embeddable":true,"href":"https:\/\/www.multicasa.com.br\/cuiaba\/wp-json\/wp\/v2\/media\/18466"}],"wp:attachment":[{"href":"https:\/\/www.multicasa.com.br\/cuiaba\/wp-json\/wp\/v2\/media?parent=18413"}],"wp:term":[{"taxonomy":"product_brand","embeddable":true,"href":"https:\/\/www.multicasa.com.br\/cuiaba\/wp-json\/wp\/v2\/product_brand?post=18413"},{"taxonomy":"product_cat","embeddable":true,"href":"https:\/\/www.multicasa.com.br\/cuiaba\/wp-json\/wp\/v2\/product_cat?post=18413"},{"taxonomy":"product_tag","embeddable":true,"href":"https:\/\/www.multicasa.com.br\/cuiaba\/wp-json\/wp\/v2\/product_tag?post=18413"}],"curies":[{"name":"wp","href":"https:\/\/api.w.org\/{rel}","templated":true}]}}