{"id":18416,"date":"2025-06-20T19:31:37","date_gmt":"2025-06-20T23:31:37","guid":{"rendered":"http:\/\/www.multicasa.com.br\/cuiaba\/?post_type=product&#038;p=18416"},"modified":"2026-03-12T05:50:44","modified_gmt":"2026-03-12T09:50:44","slug":"nipel-roscavel-cromado-3-4-dalcon","status":"publish","type":"product","link":"https:\/\/www.multicasa.com.br\/cuiaba\/produto\/nipel-roscavel-cromado-3-4-dalcon\/","title":{"rendered":"N\u00edpel Rosc\u00e1vel Cromado 3\/4&#8243; Dalcon<br>SKU: 3262243"},"content":{"rendered":"<p>N\u00edpel Rosc\u00e1vel Dalcon, \u00e9 produzido em liga de lat\u00e3o cromado, anticorrosivo que resiste \u00e0s solicita\u00e7\u00f5es dos esfor\u00e7os mec\u00e2nicos. Com bitola de 3\/4&#8243;, \u00e9 ideal para fazer jun\u00e7\u00f5es, destina-se a conduzir \u00e1gua quente ou fria constantemente, pressurizada ou n\u00e3o. Apresenta vantagens em instala\u00e7\u00f5es aparentes, contra choques ou impactos.<\/p>\n","protected":false},"excerpt":{"rendered":"<h4 style=\"margin: 0px;padding: 0px 0px 16px;font-family: Lato, sans-serif;font-weight: bold;line-height: 3rem;color: var(--dark-grey3);font-size: 22px;font-style: normal;letter-spacing: normal;text-align: start;text-indent: 0px;text-transform: none\">Informa\u00e7\u00f5es t\u00e9cnicas<\/h4>\n<p><span style=\"margin: 0px;padding: 0px;font-weight: 450;font-size: 14px;line-height: 21px;color: var(--dark-grey2);font-family: Lato, sans-serif;font-style: normal;letter-spacing: normal;text-align: start;text-indent: 0px;text-transform: none\">Produto: N\u00edpel Rosc\u00e1vel<br \/>\nMarca: Dalcon<br \/>\nMaterial: Liga de lat\u00e3o<br \/>\nCor: Prata<br \/>\nCaracter\u00edsticas: Anticorrosivo<br \/>\nPara instala\u00e7\u00f5es de uso de \u00e1gua fria ou quente<br \/>\nContra choques<br \/>\nItens inclusos: 1 N\u00edpel Rosc\u00e1vel<br \/>\nDi\u00e2metro do produto: 3\/4&#8243;<br \/>\n<\/span><\/p>\n","protected":false},"featured_media":18479,"template":"","meta":{"_joinchat":[]},"product_brand":[],"product_cat":[73],"product_tag":[],"class_list":{"0":"post-18416","1":"product","2":"type-product","3":"status-publish","4":"has-post-thumbnail","6":"product_cat-tubos-e-conexoes","8":"first","9":"instock","10":"shipping-taxable","11":"purchasable","12":"product-type-simple"},"_links":{"self":[{"href":"https:\/\/www.multicasa.com.br\/cuiaba\/wp-json\/wp\/v2\/product\/18416","targetHints":{"allow":["GET"]}}],"collection":[{"href":"https:\/\/www.multicasa.com.br\/cuiaba\/wp-json\/wp\/v2\/product"}],"about":[{"href":"https:\/\/www.multicasa.com.br\/cuiaba\/wp-json\/wp\/v2\/types\/product"}],"wp:featuredmedia":[{"embeddable":true,"href":"https:\/\/www.multicasa.com.br\/cuiaba\/wp-json\/wp\/v2\/media\/18479"}],"wp:attachment":[{"href":"https:\/\/www.multicasa.com.br\/cuiaba\/wp-json\/wp\/v2\/media?parent=18416"}],"wp:term":[{"taxonomy":"product_brand","embeddable":true,"href":"https:\/\/www.multicasa.com.br\/cuiaba\/wp-json\/wp\/v2\/product_brand?post=18416"},{"taxonomy":"product_cat","embeddable":true,"href":"https:\/\/www.multicasa.com.br\/cuiaba\/wp-json\/wp\/v2\/product_cat?post=18416"},{"taxonomy":"product_tag","embeddable":true,"href":"https:\/\/www.multicasa.com.br\/cuiaba\/wp-json\/wp\/v2\/product_tag?post=18416"}],"curies":[{"name":"wp","href":"https:\/\/api.w.org\/{rel}","templated":true}]}}