{"id":18419,"date":"2025-06-20T19:31:38","date_gmt":"2025-06-20T23:31:38","guid":{"rendered":"http:\/\/www.multicasa.com.br\/cuiaba\/?post_type=product&#038;p=18419"},"modified":"2025-12-16T19:15:16","modified_gmt":"2025-12-16T23:15:16","slug":"bucha-de-reducao-3-4x1-2-dalcon","status":"publish","type":"product","link":"https:\/\/www.multicasa.com.br\/cuiaba\/produto\/bucha-de-reducao-3-4x1-2-dalcon\/","title":{"rendered":"Bucha de Redu\u00e7\u00e3o 3\/4&#215;1\/2 Dalcon<br>SKU: 3277160"},"content":{"rendered":"<p>A bucha de reduc\u00e3o 3\/4&#215;1\/2 Dalcon foi desenvolvida para conduzir \u00e1gua, quente ou fria, constantemente pressurizada ou n\u00e3o. Feita de lat\u00e3o, tem sistema de rosca que facilita a montagem e desmontagem, al\u00e9m de ser \u00fatil tamb\u00e9m nos casos de redes provis\u00f3rias. Resistente \u00e0 corros\u00e3o, pode ser usado em jun\u00e7\u00f5es, prevenindo tamb\u00e9m de choques ou impactos.<\/p>\n","protected":false},"excerpt":{"rendered":"<h4 style=\"margin: 0px;padding: 0px 0px 16px;font-family: Lato, sans-serif;font-weight: bold;line-height: 3rem;color: var(--dark-grey3);font-size: 22px;font-style: normal;letter-spacing: normal;text-align: start;text-indent: 0px;text-transform: none\">Informa\u00e7\u00f5es t\u00e9cnicas<\/h4>\n<p><span style=\"margin: 0px;padding: 0px;font-weight: 450;font-size: 14px;line-height: 21px;color: var(--dark-grey2);font-family: Lato, sans-serif;font-style: normal;letter-spacing: normal;text-align: start;text-indent: 0px;text-transform: none\">Produto: Bucha Redu\u00e7\u00e3o<br \/>\nMarca: Dalcon<br \/>\nMaterial: Liga de Lat\u00e3o<br \/>\nCaracter\u00edsticas: Lat\u00e3o anticorrosivo<br \/>\nIdeal para jun\u00e7\u00f5es<br \/>\nResistente \u00e0 corros\u00e3o e \u00e0s solicita\u00e7\u00f5es dos esfor\u00e7os mec\u00e2nicos<br \/>\nApresenta vantagens em instala\u00e7\u00f5es aparentes<br \/>\ncontra eventuais choques ou impactos<br \/>\nPossui o sistema rosque\u00e1vel<br \/>\nItens Inclusos: 1 bucha de reud\u00e3o<br \/>\nDimens\u00f5es do produto (A X L): 3\/4 x 1\/2<br \/>\n<\/span><\/p>\n","protected":false},"featured_media":18482,"template":"","meta":{"_joinchat":[]},"product_brand":[],"product_cat":[73],"product_tag":[],"class_list":{"0":"post-18419","1":"product","2":"type-product","3":"status-publish","4":"has-post-thumbnail","6":"product_cat-tubos-e-conexoes","8":"first","9":"instock","10":"shipping-taxable","11":"purchasable","12":"product-type-simple"},"_links":{"self":[{"href":"https:\/\/www.multicasa.com.br\/cuiaba\/wp-json\/wp\/v2\/product\/18419","targetHints":{"allow":["GET"]}}],"collection":[{"href":"https:\/\/www.multicasa.com.br\/cuiaba\/wp-json\/wp\/v2\/product"}],"about":[{"href":"https:\/\/www.multicasa.com.br\/cuiaba\/wp-json\/wp\/v2\/types\/product"}],"wp:featuredmedia":[{"embeddable":true,"href":"https:\/\/www.multicasa.com.br\/cuiaba\/wp-json\/wp\/v2\/media\/18482"}],"wp:attachment":[{"href":"https:\/\/www.multicasa.com.br\/cuiaba\/wp-json\/wp\/v2\/media?parent=18419"}],"wp:term":[{"taxonomy":"product_brand","embeddable":true,"href":"https:\/\/www.multicasa.com.br\/cuiaba\/wp-json\/wp\/v2\/product_brand?post=18419"},{"taxonomy":"product_cat","embeddable":true,"href":"https:\/\/www.multicasa.com.br\/cuiaba\/wp-json\/wp\/v2\/product_cat?post=18419"},{"taxonomy":"product_tag","embeddable":true,"href":"https:\/\/www.multicasa.com.br\/cuiaba\/wp-json\/wp\/v2\/product_tag?post=18419"}],"curies":[{"name":"wp","href":"https:\/\/api.w.org\/{rel}","templated":true}]}}