{"id":18441,"date":"2025-06-20T19:32:02","date_gmt":"2025-06-20T23:32:02","guid":{"rendered":"http:\/\/www.multicasa.com.br\/cuiaba\/?post_type=product&#038;p=18441"},"modified":"2026-04-13T10:51:42","modified_gmt":"2026-04-13T14:51:42","slug":"gatilho-para-ducha-higienica-latao-dalcon","status":"publish","type":"product","link":"https:\/\/www.multicasa.com.br\/cuiaba\/produto\/gatilho-para-ducha-higienica-latao-dalcon\/","title":{"rendered":"Gatilho para Ducha Higi\u00eanica Lat\u00e3o Dalcon<br>SKU: 3277240"},"content":{"rendered":"<p>Use o gatilho para ducha higi\u00eanica da Dalcon e garanta qualidade e durabilidade aos acess\u00f3rios do seu banheiro. Feito de liga de lat\u00e3o, \u00e9 resistente \u00e0 corros\u00e3o e simples de instalar, dispensando a necessidade de contratar m\u00e3o-de-obra.<\/p>\n","protected":false},"excerpt":{"rendered":"<h4 style=\"margin: 0px;padding: 0px 0px 16px;font-family: Lato, sans-serif;font-weight: bold;line-height: 3rem;color: var(--dark-grey3);font-size: 22px;font-style: normal;letter-spacing: normal;text-align: start;text-indent: 0px;text-transform: none\">Informa\u00e7\u00f5es t\u00e9cnicas<\/h4>\n<p><span style=\"margin: 0px;padding: 0px;font-weight: 450;font-size: 14px;line-height: 21px;color: var(--dark-grey2);font-family: Lato, sans-serif;font-style: normal;letter-spacing: normal;text-align: start;text-indent: 0px;text-transform: none\"><br \/>\nProduto: Gatilho para ducha higi\u00eanica<br \/>\nMarca: Dalcon<br \/>\nMaterial: Liga em lat\u00e3o<br \/>\nCor: Prata<br \/>\nCaracter\u00edsticas: Resistente<br \/>\nAnticorrosivo<br \/>\nItens inclusos: 1 Gatilho para ducha higi\u00eanica<br \/>\nDimens\u00f5es do produto (A X L): 9 x 6cm<br \/>\n<\/span><\/p>\n","protected":false},"featured_media":18487,"template":"","meta":{"_joinchat":[]},"product_brand":[],"product_cat":[74],"product_tag":[],"class_list":{"0":"post-18441","1":"product","2":"type-product","3":"status-publish","4":"has-post-thumbnail","6":"product_cat-reparos-hidraulicos","8":"first","9":"instock","10":"shipping-taxable","11":"purchasable","12":"product-type-simple"},"_links":{"self":[{"href":"https:\/\/www.multicasa.com.br\/cuiaba\/wp-json\/wp\/v2\/product\/18441","targetHints":{"allow":["GET"]}}],"collection":[{"href":"https:\/\/www.multicasa.com.br\/cuiaba\/wp-json\/wp\/v2\/product"}],"about":[{"href":"https:\/\/www.multicasa.com.br\/cuiaba\/wp-json\/wp\/v2\/types\/product"}],"wp:featuredmedia":[{"embeddable":true,"href":"https:\/\/www.multicasa.com.br\/cuiaba\/wp-json\/wp\/v2\/media\/18487"}],"wp:attachment":[{"href":"https:\/\/www.multicasa.com.br\/cuiaba\/wp-json\/wp\/v2\/media?parent=18441"}],"wp:term":[{"taxonomy":"product_brand","embeddable":true,"href":"https:\/\/www.multicasa.com.br\/cuiaba\/wp-json\/wp\/v2\/product_brand?post=18441"},{"taxonomy":"product_cat","embeddable":true,"href":"https:\/\/www.multicasa.com.br\/cuiaba\/wp-json\/wp\/v2\/product_cat?post=18441"},{"taxonomy":"product_tag","embeddable":true,"href":"https:\/\/www.multicasa.com.br\/cuiaba\/wp-json\/wp\/v2\/product_tag?post=18441"}],"curies":[{"name":"wp","href":"https:\/\/api.w.org\/{rel}","templated":true}]}}