{"id":18442,"date":"2025-06-20T19:32:02","date_gmt":"2025-06-20T23:32:02","guid":{"rendered":"http:\/\/www.multicasa.com.br\/cuiaba\/?post_type=product&#038;p=18442"},"modified":"2026-04-17T17:31:00","modified_gmt":"2026-04-17T21:31:00","slug":"te-rosca-femea-cromada-1-2-dalcon","status":"publish","type":"product","link":"https:\/\/www.multicasa.com.br\/cuiaba\/produto\/te-rosca-femea-cromada-1-2-dalcon\/","title":{"rendered":"T\u00ea Rosca F\u00eamea Cromada 1\/2&#8243; Dalcon<br>SKU: 3277259"},"content":{"rendered":"<p>O T\u00ea Rosca F\u00eamea Cromada Dalcon \u00e9 ideal para jun\u00e7\u00f5es, produzido em liga de lat\u00e3o anti corrosivo e cromado \u00e9 perfeito para a condu\u00e7\u00e3o de \u00e1gua quente ou fria constantemente pressurizada ou n\u00e3o. Seu sistema rosc\u00e1vel facilita a desmontagem e o remanejamento das instala\u00e7\u00f5es.<\/p>\n","protected":false},"excerpt":{"rendered":"<h4 style=\"margin: 0px;padding: 0px 0px 16px;font-family: Lato, sans-serif;font-weight: bold;line-height: 3rem;color: var(--dark-grey3);font-size: 22px;font-style: normal;letter-spacing: normal;text-align: start;text-indent: 0px;text-transform: none\">Informa\u00e7\u00f5es t\u00e9cnicas<\/h4>\n<p><span style=\"margin: 0px;padding: 0px;font-weight: 450;font-size: 14px;line-height: 21px;color: var(--dark-grey2);font-family: Lato, sans-serif;font-style: normal;letter-spacing: normal;text-align: start;text-indent: 0px;text-transform: none\">Produto: Jun\u00e7\u00e3o T\u00ea<br \/>\nMarca: Dalcon<br \/>\nMaterial: Liga de lat\u00e3o<br \/>\nAcabamento: Cromado<br \/>\nCor: Prata<br \/>\nCaracter\u00edsticas: Anticorrosivo<br \/>\nSistema rosque\u00e1vel<br \/>\nConduz \u00e1gua quente ou fria<br \/>\nItens inclusos: 1 Jun\u00e7\u00e3o T\u00ea<br \/>\nDimens\u00f5es do produto (A X L): 3,5 x 4,5cm<br \/>\n<\/span><\/p>\n","protected":false},"featured_media":26047,"template":"","meta":{"_joinchat":[]},"product_brand":[],"product_cat":[73],"product_tag":[],"class_list":{"0":"post-18442","1":"product","2":"type-product","3":"status-publish","4":"has-post-thumbnail","6":"product_cat-tubos-e-conexoes","8":"first","9":"instock","10":"shipping-taxable","11":"purchasable","12":"product-type-simple"},"_links":{"self":[{"href":"https:\/\/www.multicasa.com.br\/cuiaba\/wp-json\/wp\/v2\/product\/18442","targetHints":{"allow":["GET"]}}],"collection":[{"href":"https:\/\/www.multicasa.com.br\/cuiaba\/wp-json\/wp\/v2\/product"}],"about":[{"href":"https:\/\/www.multicasa.com.br\/cuiaba\/wp-json\/wp\/v2\/types\/product"}],"wp:featuredmedia":[{"embeddable":true,"href":"https:\/\/www.multicasa.com.br\/cuiaba\/wp-json\/wp\/v2\/media\/26047"}],"wp:attachment":[{"href":"https:\/\/www.multicasa.com.br\/cuiaba\/wp-json\/wp\/v2\/media?parent=18442"}],"wp:term":[{"taxonomy":"product_brand","embeddable":true,"href":"https:\/\/www.multicasa.com.br\/cuiaba\/wp-json\/wp\/v2\/product_brand?post=18442"},{"taxonomy":"product_cat","embeddable":true,"href":"https:\/\/www.multicasa.com.br\/cuiaba\/wp-json\/wp\/v2\/product_cat?post=18442"},{"taxonomy":"product_tag","embeddable":true,"href":"https:\/\/www.multicasa.com.br\/cuiaba\/wp-json\/wp\/v2\/product_tag?post=18442"}],"curies":[{"name":"wp","href":"https:\/\/api.w.org\/{rel}","templated":true}]}}