{"id":18444,"date":"2025-06-20T19:32:02","date_gmt":"2025-06-20T23:32:02","guid":{"rendered":"http:\/\/www.multicasa.com.br\/cuiaba\/?post_type=product&#038;p=18444"},"modified":"2026-04-18T11:00:39","modified_gmt":"2026-04-18T15:00:39","slug":"caixa-tampa-de-sobrepor-1-posto-lizflex-branco-tramontina","status":"publish","type":"product","link":"https:\/\/www.multicasa.com.br\/cuiaba\/produto\/caixa-tampa-de-sobrepor-1-posto-lizflex-branco-tramontina\/","title":{"rendered":"Caixa + Tampa de Sobrepor 1 Posto Lizflex Branco Tramontina<br>SKU: 3622231"},"content":{"rendered":"<p>Garanta excel\u00eancia na hora de finalizar o acabamento de reformas. Use a caixa com tampa de sobrepor para 1 posto Lizflex Tramontina que possui tampas polidas com encaixe simples de press\u00e3o. S\u00e3o ideais para canaletas, produzidas em termopl\u00e1stico de alto brilho que n\u00e3o ret\u00e9m poeira e dispensam o uso de ferramentas sofisticadas. Dispon\u00edvel na cor branca.<\/p>\n","protected":false},"excerpt":{"rendered":"<h4 style=\"margin: 0px;padding: 0px 0px 16px;font-family: Lato, sans-serif;font-weight: bold;line-height: 3rem;color: var(--dark-grey3);font-size: 22px;font-style: normal;letter-spacing: normal;text-align: start;text-indent: 0px;text-transform: none\">Informa\u00e7\u00f5es t\u00e9cnicas<\/h4>\n<p><span style=\"margin: 0px;padding: 0px;font-weight: 450;font-size: 14px;line-height: 21px;color: var(--dark-grey2);font-family: Lato, sans-serif;font-style: normal;letter-spacing: normal;text-align: start;text-indent: 0px;text-transform: none\">Produto: Caixa + Tampa de sobrepor<br \/>\nMarca: Tramontina<br \/>\nMaterial: Polipropileno<br \/>\nCor: Branco<br \/>\nCaracter\u00edsticas: N\u00e3o ret\u00e9m poeira<br \/>\nPossui 1 posto<br \/>\nEncaixe manual<br \/>\nPreparada para receber os m\u00f3dulos da linha liz\/lux\u00b2<br \/>\nTampas com acabamento polido<br \/>\nTampa por simples encaixe (press\u00e3o)<br \/>\nOp\u00e7\u00f5es para canaletas 20&#215;10\/40&#215;20\/50&#215;20<br \/>\nItens inclusos: 1 Caixa + tampa de sobrepor<br \/>\nDimens\u00f5es do produto (A X L): 19 x 10,5cm<br \/>\n<\/span><\/p>\n","protected":false},"featured_media":18491,"template":"","meta":{"_joinchat":[]},"product_brand":[],"product_cat":[144],"product_tag":[],"class_list":{"0":"post-18444","1":"product","2":"type-product","3":"status-publish","4":"has-post-thumbnail","6":"product_cat-tomadas-e-cia","8":"first","9":"instock","10":"shipping-taxable","11":"purchasable","12":"product-type-simple"},"_links":{"self":[{"href":"https:\/\/www.multicasa.com.br\/cuiaba\/wp-json\/wp\/v2\/product\/18444","targetHints":{"allow":["GET"]}}],"collection":[{"href":"https:\/\/www.multicasa.com.br\/cuiaba\/wp-json\/wp\/v2\/product"}],"about":[{"href":"https:\/\/www.multicasa.com.br\/cuiaba\/wp-json\/wp\/v2\/types\/product"}],"wp:featuredmedia":[{"embeddable":true,"href":"https:\/\/www.multicasa.com.br\/cuiaba\/wp-json\/wp\/v2\/media\/18491"}],"wp:attachment":[{"href":"https:\/\/www.multicasa.com.br\/cuiaba\/wp-json\/wp\/v2\/media?parent=18444"}],"wp:term":[{"taxonomy":"product_brand","embeddable":true,"href":"https:\/\/www.multicasa.com.br\/cuiaba\/wp-json\/wp\/v2\/product_brand?post=18444"},{"taxonomy":"product_cat","embeddable":true,"href":"https:\/\/www.multicasa.com.br\/cuiaba\/wp-json\/wp\/v2\/product_cat?post=18444"},{"taxonomy":"product_tag","embeddable":true,"href":"https:\/\/www.multicasa.com.br\/cuiaba\/wp-json\/wp\/v2\/product_tag?post=18444"}],"curies":[{"name":"wp","href":"https:\/\/api.w.org\/{rel}","templated":true}]}}