{"id":18447,"date":"2025-06-20T19:32:02","date_gmt":"2025-06-20T23:32:02","guid":{"rendered":"http:\/\/www.multicasa.com.br\/cuiaba\/?post_type=product&#038;p=18447"},"modified":"2026-02-19T16:50:30","modified_gmt":"2026-02-19T20:50:30","slug":"papa-bolinhas-portatil-a-pilha-ordene","status":"publish","type":"product","link":"https:\/\/www.multicasa.com.br\/cuiaba\/produto\/papa-bolinhas-portatil-a-pilha-ordene\/","title":{"rendered":"Papa Bolinhas Port\u00e1til \u00e0 Pilha Ordene<br>SKU: 3642542"},"content":{"rendered":"<p>O Papa Bolinhas Port\u00e1til Ordene \u00e9 ideal para eliminar completamente as bolinhas das suas roupas. Produzido em pl\u00e1stico, possui uso exclusivo de sistema de l\u00e2minas deixando os tecidos com aspecto de novos em apenas alguns instantes. Possui reservat\u00f3rio remov\u00edvel com tampa protetora e sua alimenta\u00e7\u00e3o \u00e9 feita atrav\u00e9s de pilhas AA. Compacto e \u00fatil!<\/p>\n","protected":false},"excerpt":{"rendered":"<h4 style=\"margin: 0px;padding: 0px 0px 16px;font-family: Lato, sans-serif;font-weight: bold;line-height: 3rem;color: var(--dark-grey3);font-size: 22px;font-style: normal;letter-spacing: normal;text-align: start;text-indent: 0px;text-transform: none\">Informa\u00e7\u00f5es t\u00e9cnicas<\/h4>\n<p><span style=\"margin: 0px;padding: 0px;font-weight: 450;font-size: 14px;line-height: 21px;color: var(--dark-grey2);font-family: Lato, sans-serif;font-style: normal;letter-spacing: normal;text-align: start;text-indent: 0px;text-transform: none\">Produto: Papa bolinhas<br \/>\nMarca: Ordene<br \/>\nMaterial: Pl\u00e1stico<br \/>\nCor: Branco e azul<br \/>\nUso indicado: Retirar bolinhas de artigos de l\u00e3, sof\u00e1, carpete, cortina<br \/>\nAlimenta\u00e7\u00e3o: 2 pilhas AA (n\u00e3o inclusas)<br \/>\nCaracter\u00edsticas: Reservat\u00f3rio remov\u00edvel<br \/>\nTampa protetora<br \/>\nItens Inclusos: 1 papa bolinhas<br \/>\nDimens\u00f5es do produto (A x L x P): 14 x 8,5 x 6,5cm<br \/>\n<\/span><\/p>\n","protected":false},"featured_media":25662,"template":"","meta":{"_joinchat":[]},"product_brand":[],"product_cat":[95],"product_tag":[],"class_list":{"0":"post-18447","1":"product","2":"type-product","3":"status-publish","4":"has-post-thumbnail","6":"product_cat-lavanderia","8":"first","9":"instock","10":"shipping-taxable","11":"purchasable","12":"product-type-simple"},"_links":{"self":[{"href":"https:\/\/www.multicasa.com.br\/cuiaba\/wp-json\/wp\/v2\/product\/18447","targetHints":{"allow":["GET"]}}],"collection":[{"href":"https:\/\/www.multicasa.com.br\/cuiaba\/wp-json\/wp\/v2\/product"}],"about":[{"href":"https:\/\/www.multicasa.com.br\/cuiaba\/wp-json\/wp\/v2\/types\/product"}],"wp:featuredmedia":[{"embeddable":true,"href":"https:\/\/www.multicasa.com.br\/cuiaba\/wp-json\/wp\/v2\/media\/25662"}],"wp:attachment":[{"href":"https:\/\/www.multicasa.com.br\/cuiaba\/wp-json\/wp\/v2\/media?parent=18447"}],"wp:term":[{"taxonomy":"product_brand","embeddable":true,"href":"https:\/\/www.multicasa.com.br\/cuiaba\/wp-json\/wp\/v2\/product_brand?post=18447"},{"taxonomy":"product_cat","embeddable":true,"href":"https:\/\/www.multicasa.com.br\/cuiaba\/wp-json\/wp\/v2\/product_cat?post=18447"},{"taxonomy":"product_tag","embeddable":true,"href":"https:\/\/www.multicasa.com.br\/cuiaba\/wp-json\/wp\/v2\/product_tag?post=18447"}],"curies":[{"name":"wp","href":"https:\/\/api.w.org\/{rel}","templated":true}]}}