{"id":18451,"date":"2025-06-20T19:32:03","date_gmt":"2025-06-20T23:32:03","guid":{"rendered":"http:\/\/www.multicasa.com.br\/cuiaba\/?post_type=product&#038;p=18451"},"modified":"2026-04-16T17:51:30","modified_gmt":"2026-04-16T21:51:30","slug":"modulo-pulsador-para-campainha-liz-branco-tramontina","status":"publish","type":"product","link":"https:\/\/www.multicasa.com.br\/cuiaba\/produto\/modulo-pulsador-para-campainha-liz-branco-tramontina\/","title":{"rendered":"M\u00f3dulo Pulsador para Campainha Liz Branco Tramontina<br>SKU: 3649784"},"content":{"rendered":"<p>O M\u00f3dulo Pulsador para Campainha Liz \u00e9 produzido em pl\u00e1stico na cor branca com relevo para melhor identifica\u00e7\u00e3o. Seu material \u00e9 anti chama e tem acabamento brilhoso que impede a reten\u00e7\u00e3o de poeira. Seu encaixe \u00e9 manual e funciona para qualquer lado que for apertado. Com 250v de pot\u00eancia e corrente de 10a. A op\u00e7\u00e3o perfeita para oferecer facilidade na hora de receber visitas.<\/p>\n","protected":false},"excerpt":{"rendered":"<h4 style=\"margin: 0px;padding: 0px 0px 16px;font-family: Lato, sans-serif;font-weight: bold;line-height: 3rem;color: var(--dark-grey3);font-size: 22px;font-style: normal;letter-spacing: normal;text-align: start;text-indent: 0px;text-transform: none\">Informa\u00e7\u00f5es t\u00e9cnicas<\/h4>\n<p><span style=\"margin: 0px;padding: 0px;font-weight: 450;font-size: 14px;line-height: 21px;color: var(--dark-grey2);font-family: Lato, sans-serif;font-style: normal;letter-spacing: normal;text-align: start;text-indent: 0px;text-transform: none\">Produto: M\u00f3dulo Pulsador para Campainha<br \/>\nMarca: Tramontina<br \/>\nMaterial: Pl\u00e1stico nylon<br \/>\nTermopl\u00e1stico<br \/>\nMetal<br \/>\nAcabamento: Brilhoso<br \/>\nCor: Branco<br \/>\nCaracter\u00edsticas: Para corrente de 20A<br \/>\nTens\u00e3o m\u00e1xima de 250v<br \/>\nItens inclusos: 1m\u00f3dulo Pulsador para Campainha<br \/>\nDimens\u00f5es do produto (A X L): 3,5 x 4,5cm<br \/>\nPeso do produto: 15g<br \/>\n<\/span><\/p>\n","protected":false},"featured_media":18520,"template":"","meta":{"_joinchat":[]},"product_brand":[],"product_cat":[144],"product_tag":[],"class_list":{"0":"post-18451","1":"product","2":"type-product","3":"status-publish","4":"has-post-thumbnail","6":"product_cat-tomadas-e-cia","8":"first","9":"instock","10":"shipping-taxable","11":"purchasable","12":"product-type-simple"},"_links":{"self":[{"href":"https:\/\/www.multicasa.com.br\/cuiaba\/wp-json\/wp\/v2\/product\/18451","targetHints":{"allow":["GET"]}}],"collection":[{"href":"https:\/\/www.multicasa.com.br\/cuiaba\/wp-json\/wp\/v2\/product"}],"about":[{"href":"https:\/\/www.multicasa.com.br\/cuiaba\/wp-json\/wp\/v2\/types\/product"}],"wp:featuredmedia":[{"embeddable":true,"href":"https:\/\/www.multicasa.com.br\/cuiaba\/wp-json\/wp\/v2\/media\/18520"}],"wp:attachment":[{"href":"https:\/\/www.multicasa.com.br\/cuiaba\/wp-json\/wp\/v2\/media?parent=18451"}],"wp:term":[{"taxonomy":"product_brand","embeddable":true,"href":"https:\/\/www.multicasa.com.br\/cuiaba\/wp-json\/wp\/v2\/product_brand?post=18451"},{"taxonomy":"product_cat","embeddable":true,"href":"https:\/\/www.multicasa.com.br\/cuiaba\/wp-json\/wp\/v2\/product_cat?post=18451"},{"taxonomy":"product_tag","embeddable":true,"href":"https:\/\/www.multicasa.com.br\/cuiaba\/wp-json\/wp\/v2\/product_tag?post=18451"}],"curies":[{"name":"wp","href":"https:\/\/api.w.org\/{rel}","templated":true}]}}