{"id":18469,"date":"2025-06-20T19:32:25","date_gmt":"2025-06-20T23:32:25","guid":{"rendered":"http:\/\/www.multicasa.com.br\/cuiaba\/?post_type=product&#038;p=18469"},"modified":"2026-04-06T15:43:06","modified_gmt":"2026-04-06T19:43:06","slug":"modulo-tomada-para-telefone-rj11-liz-branco-tramontina","status":"publish","type":"product","link":"https:\/\/www.multicasa.com.br\/cuiaba\/produto\/modulo-tomada-para-telefone-rj11-liz-branco-tramontina\/","title":{"rendered":"M\u00f3dulo Tomada para Telefone RJ11 Liz Branco Tramontina<br>SKU: 3649822"},"content":{"rendered":"<p>O M\u00f3dulo Tomada para Telefone Liz Branco Tramontina \u00e9 produzido em pl\u00e1stico branco com acabamento brilhoso que \u00e9 ideal para n\u00e3o reter poeira. Com aproximadamente 40 x 20 cm, seu suporte \u00e9 pass\u00edvel de regulagem para o perfeito ajuste do conjunto \u00e0 parede. Ideal para ser instalar telefones de forma pr\u00e1tica, para conectores RJ11 e cabos de rede CAT5 e CAT6. <\/p>\n","protected":false},"excerpt":{"rendered":"<h4 style=\"margin: 0px;padding: 0px 0px 16px;font-family: Lato, sans-serif;font-weight: bold;line-height: 3rem;color: var(--dark-grey3);font-size: 22px;font-style: normal;letter-spacing: normal;text-align: start;text-indent: 0px;text-transform: none\">Informa\u00e7\u00f5es t\u00e9cnicas<\/h4>\n<p><span style=\"margin: 0px;padding: 0px;font-weight: 450;font-size: 14px;line-height: 21px;color: var(--dark-grey2);font-family: Lato, sans-serif;font-style: normal;letter-spacing: normal;text-align: start;text-indent: 0px;text-transform: none\">Produto: M\u00f3dulo Tomada para Telefone<br \/>\nMarca: Tramontina<br \/>\nMaterial: Pl\u00e1stico nylon<br \/>\nTermopl\u00e1stico<br \/>\nAcabamento: Brilhoso<br \/>\nCor: Branco<br \/>\nCaracter\u00edsticas: Para cabos de rede RJ11 LUX2\/LIZ<br \/>\nItens inclusos: 1m\u00f3dulo Tomada para Telefone<br \/>\nDimens\u00f5es do produto (A X L): 3,8 x 4,2cm<br \/>\nPeso do produto: 12g<br \/>\n<\/span><\/p>\n","protected":false},"featured_media":18524,"template":"","meta":{"_joinchat":[]},"product_brand":[],"product_cat":[144],"product_tag":[],"class_list":{"0":"post-18469","1":"product","2":"type-product","3":"status-publish","4":"has-post-thumbnail","6":"product_cat-tomadas-e-cia","8":"first","9":"instock","10":"shipping-taxable","11":"purchasable","12":"product-type-simple"},"_links":{"self":[{"href":"https:\/\/www.multicasa.com.br\/cuiaba\/wp-json\/wp\/v2\/product\/18469","targetHints":{"allow":["GET"]}}],"collection":[{"href":"https:\/\/www.multicasa.com.br\/cuiaba\/wp-json\/wp\/v2\/product"}],"about":[{"href":"https:\/\/www.multicasa.com.br\/cuiaba\/wp-json\/wp\/v2\/types\/product"}],"wp:featuredmedia":[{"embeddable":true,"href":"https:\/\/www.multicasa.com.br\/cuiaba\/wp-json\/wp\/v2\/media\/18524"}],"wp:attachment":[{"href":"https:\/\/www.multicasa.com.br\/cuiaba\/wp-json\/wp\/v2\/media?parent=18469"}],"wp:term":[{"taxonomy":"product_brand","embeddable":true,"href":"https:\/\/www.multicasa.com.br\/cuiaba\/wp-json\/wp\/v2\/product_brand?post=18469"},{"taxonomy":"product_cat","embeddable":true,"href":"https:\/\/www.multicasa.com.br\/cuiaba\/wp-json\/wp\/v2\/product_cat?post=18469"},{"taxonomy":"product_tag","embeddable":true,"href":"https:\/\/www.multicasa.com.br\/cuiaba\/wp-json\/wp\/v2\/product_tag?post=18469"}],"curies":[{"name":"wp","href":"https:\/\/api.w.org\/{rel}","templated":true}]}}