{"id":18470,"date":"2025-06-20T19:32:25","date_gmt":"2025-06-20T23:32:25","guid":{"rendered":"http:\/\/www.multicasa.com.br\/cuiaba\/?post_type=product&#038;p=18470"},"modified":"2025-11-08T10:04:42","modified_gmt":"2025-11-08T14:04:42","slug":"modulo-placa-com-furo-liz-branco-tramontina-4x2","status":"publish","type":"product","link":"https:\/\/www.multicasa.com.br\/cuiaba\/produto\/modulo-placa-com-furo-liz-branco-tramontina-4x2\/","title":{"rendered":"M\u00f3dulo Placa com Furo Liz Branco Tramontina 4&#215;2<br>SKU: 3649857"},"content":{"rendered":"<p>O M\u00f3dulo Placa com Furo Liz Tramontina, produzido em pl\u00e1stico branco com acabamento brilhoso que n\u00e3o ret\u00e9m poeira. Possui furo com di\u00e2metro de 9,5mm que \u00e9 ideal para passar fios de telefone ou televis\u00e3o. Seu encaixe \u00e9 manual com suporte pass\u00edvel de regulagem para o ajuste perfeito, acompanhado de parafusos que promovem uma fixa\u00e7\u00e3o n\u00e3o aparente. Unindo qualidade e praticidade.<\/p>\n","protected":false},"excerpt":{"rendered":"<h4 style=\"margin: 0px;padding: 0px 0px 16px;font-family: Lato, sans-serif;font-weight: bold;line-height: 3rem;color: var(--dark-grey3);font-size: 22px;font-style: normal;letter-spacing: normal;text-align: start;text-indent: 0px;text-transform: none\">Informa\u00e7\u00f5es t\u00e9cnicas<\/h4>\n<p><span style=\"margin: 0px;padding: 0px;font-weight: 450;font-size: 14px;line-height: 21px;color: var(--dark-grey2);font-family: Lato, sans-serif;font-style: normal;letter-spacing: normal;text-align: start;text-indent: 0px;text-transform: none\">Produto: M\u00f3dulo Placa<br \/>\nMarca: Tramontina<br \/>\nMaterial: Pl\u00e1stico nylon<br \/>\nTermopl\u00e1stico<br \/>\nAcabamento: Brilhoso<br \/>\nCor: Branco<br \/>\nCaracter\u00edsticas: Com furo<br \/>\nItens inclusos: 1m\u00f3dulo Placa<br \/>\nDi\u00e2metro: Furo &#8211; 9,5mm<br \/>\nDimens\u00f5es do produto (A X L): 3,5 x 4,5cm<br \/>\nPeso do produto: 6g<br \/>\n<\/span><\/p>\n","protected":false},"featured_media":18525,"template":"","meta":{"_joinchat":[]},"product_brand":[],"product_cat":[144],"product_tag":[],"class_list":{"0":"post-18470","1":"product","2":"type-product","3":"status-publish","4":"has-post-thumbnail","6":"product_cat-tomadas-e-cia","8":"first","9":"instock","10":"shipping-taxable","11":"purchasable","12":"product-type-simple"},"_links":{"self":[{"href":"https:\/\/www.multicasa.com.br\/cuiaba\/wp-json\/wp\/v2\/product\/18470","targetHints":{"allow":["GET"]}}],"collection":[{"href":"https:\/\/www.multicasa.com.br\/cuiaba\/wp-json\/wp\/v2\/product"}],"about":[{"href":"https:\/\/www.multicasa.com.br\/cuiaba\/wp-json\/wp\/v2\/types\/product"}],"wp:featuredmedia":[{"embeddable":true,"href":"https:\/\/www.multicasa.com.br\/cuiaba\/wp-json\/wp\/v2\/media\/18525"}],"wp:attachment":[{"href":"https:\/\/www.multicasa.com.br\/cuiaba\/wp-json\/wp\/v2\/media?parent=18470"}],"wp:term":[{"taxonomy":"product_brand","embeddable":true,"href":"https:\/\/www.multicasa.com.br\/cuiaba\/wp-json\/wp\/v2\/product_brand?post=18470"},{"taxonomy":"product_cat","embeddable":true,"href":"https:\/\/www.multicasa.com.br\/cuiaba\/wp-json\/wp\/v2\/product_cat?post=18470"},{"taxonomy":"product_tag","embeddable":true,"href":"https:\/\/www.multicasa.com.br\/cuiaba\/wp-json\/wp\/v2\/product_tag?post=18470"}],"curies":[{"name":"wp","href":"https:\/\/api.w.org\/{rel}","templated":true}]}}