{"id":18475,"date":"2025-06-20T19:32:26","date_gmt":"2025-06-20T23:32:26","guid":{"rendered":"http:\/\/www.multicasa.com.br\/cuiaba\/?post_type=product&#038;p=18475"},"modified":"2025-12-02T15:21:20","modified_gmt":"2025-12-02T19:21:20","slug":"chuveirinho-japones-para-torneira-overtime","status":"publish","type":"product","link":"https:\/\/www.multicasa.com.br\/cuiaba\/produto\/chuveirinho-japones-para-torneira-overtime\/","title":{"rendered":"Chuveirinho Japon\u00eas para Torneira Overtime<br>SKU: 3661334"},"content":{"rendered":"<p>Ideal para ajustar o fluxo de \u00e1gua, o chuveirinho japon\u00eas para torneira Overtime se adapta a v\u00e1rios tipos de torneira. Feita de pl\u00e1stico at\u00f3xico e silicone, se for necess\u00e1rio voc\u00ea pode mergulhar o arejador japon\u00eas para torneira em \u00e1gua quente por alguns segundos para garantir o encaixe do acess\u00f3rio.<\/p>\n","protected":false},"excerpt":{"rendered":"<h4 style=\"margin: 0px;padding: 0px 0px 16px;font-family: Lato, sans-serif;font-weight: bold;line-height: 3rem;color: var(--dark-grey3);font-size: 22px;font-style: normal;letter-spacing: normal;text-align: start;text-indent: 0px;text-transform: none\">Informa\u00e7\u00f5es t\u00e9cnicas<\/h4>\n<p><span style=\"margin: 0px;padding: 0px;font-weight: 450;font-size: 14px;line-height: 21px;color: var(--dark-grey2);font-family: Lato, sans-serif;font-style: normal;letter-spacing: normal;text-align: start;text-indent: 0px;text-transform: none\">Produto: Chuveirinho de Torneira<br \/>\nMarca: Overtime<br \/>\nCor: sortidas<br \/>\nMaterial: Pl\u00e1stico At\u00f3xico<br \/>\nsilicone<br \/>\nCaracter\u00edsticas: At\u00f3xico<br \/>\nItens Inclusos: 1 Chuveirinho de torneira<br \/>\nDimens\u00f5es do produto (A X L X P): 4 x 7cm<br \/>\n<\/span><\/p>\n","protected":false},"featured_media":18541,"template":"","meta":{"_joinchat":[]},"product_brand":[],"product_cat":[71],"product_tag":[],"class_list":{"0":"post-18475","1":"product","2":"type-product","3":"status-publish","4":"has-post-thumbnail","6":"product_cat-chuveiros","8":"first","9":"instock","10":"shipping-taxable","11":"purchasable","12":"product-type-simple"},"_links":{"self":[{"href":"https:\/\/www.multicasa.com.br\/cuiaba\/wp-json\/wp\/v2\/product\/18475","targetHints":{"allow":["GET"]}}],"collection":[{"href":"https:\/\/www.multicasa.com.br\/cuiaba\/wp-json\/wp\/v2\/product"}],"about":[{"href":"https:\/\/www.multicasa.com.br\/cuiaba\/wp-json\/wp\/v2\/types\/product"}],"wp:featuredmedia":[{"embeddable":true,"href":"https:\/\/www.multicasa.com.br\/cuiaba\/wp-json\/wp\/v2\/media\/18541"}],"wp:attachment":[{"href":"https:\/\/www.multicasa.com.br\/cuiaba\/wp-json\/wp\/v2\/media?parent=18475"}],"wp:term":[{"taxonomy":"product_brand","embeddable":true,"href":"https:\/\/www.multicasa.com.br\/cuiaba\/wp-json\/wp\/v2\/product_brand?post=18475"},{"taxonomy":"product_cat","embeddable":true,"href":"https:\/\/www.multicasa.com.br\/cuiaba\/wp-json\/wp\/v2\/product_cat?post=18475"},{"taxonomy":"product_tag","embeddable":true,"href":"https:\/\/www.multicasa.com.br\/cuiaba\/wp-json\/wp\/v2\/product_tag?post=18475"}],"curies":[{"name":"wp","href":"https:\/\/api.w.org\/{rel}","templated":true}]}}