{"id":18635,"date":"2025-06-20T19:35:17","date_gmt":"2025-06-20T23:35:17","guid":{"rendered":"http:\/\/www.multicasa.com.br\/cuiaba\/?post_type=product&#038;p=18635"},"modified":"2026-03-10T16:52:38","modified_gmt":"2026-03-10T20:52:38","slug":"espatula-de-aco-para-pintura-tramontina-6cm","status":"publish","type":"product","link":"https:\/\/www.multicasa.com.br\/cuiaba\/produto\/espatula-de-aco-para-pintura-tramontina-6cm\/","title":{"rendered":"Esp\u00e1tula de A\u00e7o para Pintura Tramontina 6cm<br>SKU: 4408420"},"content":{"rendered":"<p>A esp\u00e1tula para pintura da Tramontina foi feita de a\u00e7o carbono com l\u00e2mina de 6cm e cabo pl\u00e1stico preto. Com anatomia especial para pega anat\u00f4mica, \u00e9 a ferramenta ideal para aplicar massa corrida, gesso, rejunte e outros produtos. Flex\u00edvel, tem afia\u00e7\u00e3o especial, tem excelente durabilidade, qualidade e resist\u00eancia.<\/p>\n","protected":false},"excerpt":{"rendered":"<h4 style=\"margin: 0px;padding: 0px 0px 16px;font-family: Lato, sans-serif;font-weight: bold;line-height: 3rem;color: var(--dark-grey3);font-size: 22px;font-style: normal;letter-spacing: normal;text-align: start;text-indent: 0px;text-transform: none\">Informa\u00e7\u00f5es t\u00e9cnicas<\/h4>\n<p><span style=\"margin: 0px;padding: 0px;font-weight: 450;font-size: 14px;line-height: 21px;color: var(--dark-grey2);font-family: Lato, sans-serif;font-style: normal;letter-spacing: normal;text-align: start;text-indent: 0px;text-transform: none\">Produto: Esp\u00e1tula para Pintura<br \/>\nMarca: Tramontina<br \/>\nMaterial: A\u00e7o Carbono<br \/>\nPolipropileno<br \/>\nCor: Preto, prata<br \/>\nCaracter\u00edsticas: Flex\u00edvel<br \/>\nProporciona durabilidade<br \/>\nResistente<br \/>\nFormato Ergon\u00f4mico<br \/>\nItens Inclusos: 1 Esp\u00e1tula para Pintura<br \/>\nDimens\u00f5es do produto (C): L\u00e2mina &#8211; 6cm<br \/>\n<\/span><\/p>\n","protected":false},"featured_media":18700,"template":"","meta":{"_joinchat":[]},"product_brand":[],"product_cat":[143],"product_tag":[],"class_list":{"0":"post-18635","1":"product","2":"type-product","3":"status-publish","4":"has-post-thumbnail","6":"product_cat-tintas-e-cia","8":"first","9":"instock","10":"shipping-taxable","11":"purchasable","12":"product-type-simple"},"_links":{"self":[{"href":"https:\/\/www.multicasa.com.br\/cuiaba\/wp-json\/wp\/v2\/product\/18635","targetHints":{"allow":["GET"]}}],"collection":[{"href":"https:\/\/www.multicasa.com.br\/cuiaba\/wp-json\/wp\/v2\/product"}],"about":[{"href":"https:\/\/www.multicasa.com.br\/cuiaba\/wp-json\/wp\/v2\/types\/product"}],"wp:featuredmedia":[{"embeddable":true,"href":"https:\/\/www.multicasa.com.br\/cuiaba\/wp-json\/wp\/v2\/media\/18700"}],"wp:attachment":[{"href":"https:\/\/www.multicasa.com.br\/cuiaba\/wp-json\/wp\/v2\/media?parent=18635"}],"wp:term":[{"taxonomy":"product_brand","embeddable":true,"href":"https:\/\/www.multicasa.com.br\/cuiaba\/wp-json\/wp\/v2\/product_brand?post=18635"},{"taxonomy":"product_cat","embeddable":true,"href":"https:\/\/www.multicasa.com.br\/cuiaba\/wp-json\/wp\/v2\/product_cat?post=18635"},{"taxonomy":"product_tag","embeddable":true,"href":"https:\/\/www.multicasa.com.br\/cuiaba\/wp-json\/wp\/v2\/product_tag?post=18635"}],"curies":[{"name":"wp","href":"https:\/\/api.w.org\/{rel}","templated":true}]}}