{"id":18702,"date":"2025-06-20T19:36:30","date_gmt":"2025-06-20T23:36:30","guid":{"rendered":"http:\/\/www.multicasa.com.br\/cuiaba\/?post_type=product&#038;p=18702"},"modified":"2026-04-14T15:51:15","modified_gmt":"2026-04-14T19:51:15","slug":"tira-grude-tapmatic-240ml","status":"publish","type":"product","link":"https:\/\/www.multicasa.com.br\/cuiaba\/produto\/tira-grude-tapmatic-240ml\/","title":{"rendered":"Tira Grude Tapmatic 240ml<br>SKU: 3281663"},"content":{"rendered":"<p>O Tira Grude Tapmatic 240ml dissolve toda sujeira, removendo: adesivos, etiquetas, fitas, decalques e colas, piche na lateral do carro, gorduras da cozinha, caf\u00e9, chocolate, graxa de sapato, mancha de \u00f3leo, caneta, sangue fresco, adesivo do carro, cera de vela, mancha de batom, maquiagem e muito mais. Produto a base de aloe vera, cont\u00e9m for\u00e7a c\u00edtrica que n\u00e3o cont\u00e9m solventes nocivos ou metais pesados, agindo sobre o produto amolecendo-o e facilitando a sua remo\u00e7\u00e3o.<\/p>\n","protected":false},"excerpt":{"rendered":"<h4 style=\"margin: 0px;padding: 0px 0px 16px;font-family: Lato, sans-serif;font-weight: bold;line-height: 3rem;color: var(--dark-grey3);font-size: 22px;font-style: normal;letter-spacing: normal;text-align: start;text-indent: 0px;text-transform: none\">Informa\u00e7\u00f5es t\u00e9cnicas<\/h4>\n<p><span style=\"margin: 0px;padding: 0px;font-weight: 450;font-size: 14px;line-height: 21px;color: var(--dark-grey2);font-family: Lato, sans-serif;font-style: normal;letter-spacing: normal;text-align: start;text-indent: 0px;text-transform: none\">Produto: Tira Grude<br \/>\nMarca: Tapmatic<br \/>\nComposi\u00e7\u00e3o: A base de aloe vera<br \/>\nConte\u00fado: 240ml<br \/>\nCaracter\u00edsticas: Remove etiquetas<br \/>\nRemove manchas<br \/>\nRemove sujeiras<br \/>\nN\u00e3o cont\u00e9m solventes<br \/>\nN\u00e3o cont\u00e9m metais pesados<br \/>\nProduto notificado na Anvisa<br \/>\nCont\u00e9m for\u00e7a c\u00edtrica<br \/>\nISO 9001<br \/>\nItens Inclusos: 1 Tira Grude<br \/>\n<\/span><\/p>\n","protected":false},"featured_media":18746,"template":"","meta":{"_joinchat":[]},"product_brand":[],"product_cat":[147],"product_tag":[],"class_list":{"0":"post-18702","1":"product","2":"type-product","3":"status-publish","4":"has-post-thumbnail","6":"product_cat-basicos","8":"first","9":"instock","10":"shipping-taxable","11":"purchasable","12":"product-type-simple"},"_links":{"self":[{"href":"https:\/\/www.multicasa.com.br\/cuiaba\/wp-json\/wp\/v2\/product\/18702","targetHints":{"allow":["GET"]}}],"collection":[{"href":"https:\/\/www.multicasa.com.br\/cuiaba\/wp-json\/wp\/v2\/product"}],"about":[{"href":"https:\/\/www.multicasa.com.br\/cuiaba\/wp-json\/wp\/v2\/types\/product"}],"wp:featuredmedia":[{"embeddable":true,"href":"https:\/\/www.multicasa.com.br\/cuiaba\/wp-json\/wp\/v2\/media\/18746"}],"wp:attachment":[{"href":"https:\/\/www.multicasa.com.br\/cuiaba\/wp-json\/wp\/v2\/media?parent=18702"}],"wp:term":[{"taxonomy":"product_brand","embeddable":true,"href":"https:\/\/www.multicasa.com.br\/cuiaba\/wp-json\/wp\/v2\/product_brand?post=18702"},{"taxonomy":"product_cat","embeddable":true,"href":"https:\/\/www.multicasa.com.br\/cuiaba\/wp-json\/wp\/v2\/product_cat?post=18702"},{"taxonomy":"product_tag","embeddable":true,"href":"https:\/\/www.multicasa.com.br\/cuiaba\/wp-json\/wp\/v2\/product_tag?post=18702"}],"curies":[{"name":"wp","href":"https:\/\/api.w.org\/{rel}","templated":true}]}}