{"id":18730,"date":"2025-06-20T19:36:53","date_gmt":"2025-06-20T23:36:53","guid":{"rendered":"http:\/\/www.multicasa.com.br\/cuiaba\/?post_type=product&#038;p=18730"},"modified":"2025-08-30T11:34:10","modified_gmt":"2025-08-30T15:34:10","slug":"saco-alvejado-algodao-70x45-ouro-branco-3-unidades","status":"publish","type":"product","link":"https:\/\/www.multicasa.com.br\/cuiaba\/produto\/saco-alvejado-algodao-70x45-ouro-branco-3-unidades\/","title":{"rendered":"Saco Alvejado Algod\u00e3o 70&#215;45 Ouro Branco 3 Unidades<br>SKU: 3295710"},"content":{"rendered":"<p>O Saco Alvejado Ouro Branco conta com3 sacos produzidos em 100% de algod\u00e3o com tamanho de 70x45cm, sendo perfeitos para limpezas di\u00e1rias. Resistente e funcional, n\u00e3o solta fiapos ou poeiras.<\/p>\n","protected":false},"excerpt":{"rendered":"<h4 style=\"margin: 0px;padding: 0px 0px 16px;font-family: Lato, sans-serif;font-weight: bold;line-height: 3rem;color: var(--dark-grey3);font-size: 22px;font-style: normal;letter-spacing: normal;text-align: start;text-indent: 0px;text-transform: none\">Informa\u00e7\u00f5es t\u00e9cnicas<\/h4>\n<p><span style=\"margin: 0px;padding: 0px;font-weight: 450;font-size: 14px;line-height: 21px;color: var(--dark-grey2);font-family: Lato, sans-serif;font-style: normal;letter-spacing: normal;text-align: start;text-indent: 0px;text-transform: none\">Produto: Saco Alvejado<br \/>\nMarca: Ouro Branco<br \/>\nMaterial: 100% Algod\u00e3o<br \/>\nCor: Branco<br \/>\nItens Inclusos: 3 sacos alvejados<br \/>\nDimens\u00f5es do produto (A X L): 70 x 45cm<\/span><\/p>\n","protected":false},"featured_media":18777,"template":"","meta":{"_joinchat":[]},"product_brand":[],"product_cat":[96],"product_tag":[],"class_list":{"0":"post-18730","1":"product","2":"type-product","3":"status-publish","4":"has-post-thumbnail","6":"product_cat-limpeza-e-cia","8":"first","9":"instock","10":"shipping-taxable","11":"purchasable","12":"product-type-simple"},"_links":{"self":[{"href":"https:\/\/www.multicasa.com.br\/cuiaba\/wp-json\/wp\/v2\/product\/18730","targetHints":{"allow":["GET"]}}],"collection":[{"href":"https:\/\/www.multicasa.com.br\/cuiaba\/wp-json\/wp\/v2\/product"}],"about":[{"href":"https:\/\/www.multicasa.com.br\/cuiaba\/wp-json\/wp\/v2\/types\/product"}],"wp:featuredmedia":[{"embeddable":true,"href":"https:\/\/www.multicasa.com.br\/cuiaba\/wp-json\/wp\/v2\/media\/18777"}],"wp:attachment":[{"href":"https:\/\/www.multicasa.com.br\/cuiaba\/wp-json\/wp\/v2\/media?parent=18730"}],"wp:term":[{"taxonomy":"product_brand","embeddable":true,"href":"https:\/\/www.multicasa.com.br\/cuiaba\/wp-json\/wp\/v2\/product_brand?post=18730"},{"taxonomy":"product_cat","embeddable":true,"href":"https:\/\/www.multicasa.com.br\/cuiaba\/wp-json\/wp\/v2\/product_cat?post=18730"},{"taxonomy":"product_tag","embeddable":true,"href":"https:\/\/www.multicasa.com.br\/cuiaba\/wp-json\/wp\/v2\/product_tag?post=18730"}],"curies":[{"name":"wp","href":"https:\/\/api.w.org\/{rel}","templated":true}]}}