{"id":18734,"date":"2025-06-20T19:36:53","date_gmt":"2025-06-20T23:36:53","guid":{"rendered":"http:\/\/www.multicasa.com.br\/cuiaba\/?post_type=product&#038;p=18734"},"modified":"2026-03-31T15:30:21","modified_gmt":"2026-03-31T19:30:21","slug":"fixador-para-cabo-coaxial-8mm-bemfixa-10-pecas","status":"publish","type":"product","link":"https:\/\/www.multicasa.com.br\/cuiaba\/produto\/fixador-para-cabo-coaxial-8mm-bemfixa-10-pecas\/","title":{"rendered":"Fixador para Cabo Coaxial 8mm Bemfixa 10 Pe\u00e7as<br>SKU: 3301893"},"content":{"rendered":"<p>O Fixador para Cabo Coaxial 8mm Bemfixa \u00e9 ideal para fixar fios e cabos na parede gerando mais organiza\u00e7\u00e3o e praticidade para sua casa. Cont\u00e9m 10 unidades na cor branca, que possui um mini prego no topo do produto para manter os fios presos de forma segura.<\/p>\n","protected":false},"excerpt":{"rendered":"<h4 style=\"margin: 0px;padding: 0px 0px 16px;font-family: Lato, sans-serif;font-weight: bold;line-height: 3rem;color: var(--dark-grey3);font-size: 22px;font-style: normal;letter-spacing: normal;text-align: start;text-indent: 0px;text-transform: none\">Informa\u00e7\u00f5es t\u00e9cnicas<\/h4>\n<p><span style=\"margin: 0px;padding: 0px;font-weight: 450;font-size: 14px;line-height: 21px;color: var(--dark-grey2);font-family: Lato, sans-serif;font-style: normal;letter-spacing: normal;text-align: start;text-indent: 0px;text-transform: none\">Produto: Fixador para Cabo Coaxial<br \/>\nMarca: Bemfixa<br \/>\nMaterial: A\u00e7o<br \/>\nPoliestireno<br \/>\nCor: Branco e prata<br \/>\nItens inclusos: 10 Fixadores para Cabo Coaxial<br \/>\nDimens\u00f5es do produto (L): 8mm<br \/>\n<\/span><\/p>\n","protected":false},"featured_media":25222,"template":"","meta":{"_joinchat":[]},"product_brand":[],"product_cat":[150],"product_tag":[],"class_list":{"0":"post-18734","1":"product","2":"type-product","3":"status-publish","4":"has-post-thumbnail","6":"product_cat-antenas-e-cia","8":"first","9":"instock","10":"shipping-taxable","11":"purchasable","12":"product-type-simple"},"_links":{"self":[{"href":"https:\/\/www.multicasa.com.br\/cuiaba\/wp-json\/wp\/v2\/product\/18734","targetHints":{"allow":["GET"]}}],"collection":[{"href":"https:\/\/www.multicasa.com.br\/cuiaba\/wp-json\/wp\/v2\/product"}],"about":[{"href":"https:\/\/www.multicasa.com.br\/cuiaba\/wp-json\/wp\/v2\/types\/product"}],"wp:featuredmedia":[{"embeddable":true,"href":"https:\/\/www.multicasa.com.br\/cuiaba\/wp-json\/wp\/v2\/media\/25222"}],"wp:attachment":[{"href":"https:\/\/www.multicasa.com.br\/cuiaba\/wp-json\/wp\/v2\/media?parent=18734"}],"wp:term":[{"taxonomy":"product_brand","embeddable":true,"href":"https:\/\/www.multicasa.com.br\/cuiaba\/wp-json\/wp\/v2\/product_brand?post=18734"},{"taxonomy":"product_cat","embeddable":true,"href":"https:\/\/www.multicasa.com.br\/cuiaba\/wp-json\/wp\/v2\/product_cat?post=18734"},{"taxonomy":"product_tag","embeddable":true,"href":"https:\/\/www.multicasa.com.br\/cuiaba\/wp-json\/wp\/v2\/product_tag?post=18734"}],"curies":[{"name":"wp","href":"https:\/\/api.w.org\/{rel}","templated":true}]}}