{"id":18792,"date":"2025-06-20T19:37:42","date_gmt":"2025-06-20T23:37:42","guid":{"rendered":"http:\/\/www.multicasa.com.br\/cuiaba\/?post_type=product&#038;p=18792"},"modified":"2026-04-09T06:20:21","modified_gmt":"2026-04-09T10:20:21","slug":"prendedores-de-roupa-dynamic-flashlimp-12-pecas","status":"publish","type":"product","link":"https:\/\/www.multicasa.com.br\/cuiaba\/produto\/prendedores-de-roupa-dynamic-flashlimp-12-pecas\/","title":{"rendered":"Prendedores de Roupa Dynamic Flashlimp 12 Pe\u00e7as<br>SKU: 2054463"},"content":{"rendered":"<p>Os Prendedores de Roupa Flashlimp do modelo Dynamic s\u00e3o produzidos em polipropileno nas cores azul, verde e roxo e s\u00e3o perfeitos para prender roupas m\u00e9dias e grandes. O jogo conta com 12 pregadores.<\/p>\n","protected":false},"excerpt":{"rendered":"<h4 style=\"margin: 0px;padding: 0px 0px 16px;font-family: Lato, sans-serif;font-weight: bold;line-height: 3rem;color: var(--dark-grey3);font-size: 22px;font-style: normal;letter-spacing: normal;text-align: start;text-indent: 0px;text-transform: none\">Informa\u00e7\u00f5es t\u00e9cnicas<\/h4>\n<p><span style=\"margin: 0px;padding: 0px;font-weight: 450;font-size: 14px;line-height: 21px;color: var(--dark-grey2);font-family: Lato, sans-serif;font-style: normal;letter-spacing: normal;text-align: start;text-indent: 0px;text-transform: none\">Produto: Prendedor<br \/>\nMarca: Flashlimp<br \/>\nModelo: Dynamic<br \/>\nMaterial: Polipropileno<br \/>\nCor: Rosa, verde, laranja e azul<br \/>\nItens Inclusos: 12 prendedores<br \/>\nDimens\u00f5es do produto (A x L x P): 8,8 x 4,2 x 0,8cm<\/span><\/p>\n","protected":false},"featured_media":18859,"template":"","meta":{"_joinchat":[]},"product_brand":[],"product_cat":[95],"product_tag":[],"class_list":{"0":"post-18792","1":"product","2":"type-product","3":"status-publish","4":"has-post-thumbnail","6":"product_cat-lavanderia","8":"first","9":"instock","10":"shipping-taxable","11":"purchasable","12":"product-type-simple"},"_links":{"self":[{"href":"https:\/\/www.multicasa.com.br\/cuiaba\/wp-json\/wp\/v2\/product\/18792","targetHints":{"allow":["GET"]}}],"collection":[{"href":"https:\/\/www.multicasa.com.br\/cuiaba\/wp-json\/wp\/v2\/product"}],"about":[{"href":"https:\/\/www.multicasa.com.br\/cuiaba\/wp-json\/wp\/v2\/types\/product"}],"wp:featuredmedia":[{"embeddable":true,"href":"https:\/\/www.multicasa.com.br\/cuiaba\/wp-json\/wp\/v2\/media\/18859"}],"wp:attachment":[{"href":"https:\/\/www.multicasa.com.br\/cuiaba\/wp-json\/wp\/v2\/media?parent=18792"}],"wp:term":[{"taxonomy":"product_brand","embeddable":true,"href":"https:\/\/www.multicasa.com.br\/cuiaba\/wp-json\/wp\/v2\/product_brand?post=18792"},{"taxonomy":"product_cat","embeddable":true,"href":"https:\/\/www.multicasa.com.br\/cuiaba\/wp-json\/wp\/v2\/product_cat?post=18792"},{"taxonomy":"product_tag","embeddable":true,"href":"https:\/\/www.multicasa.com.br\/cuiaba\/wp-json\/wp\/v2\/product_tag?post=18792"}],"curies":[{"name":"wp","href":"https:\/\/api.w.org\/{rel}","templated":true}]}}