{"id":18820,"date":"2025-06-20T19:38:06","date_gmt":"2025-06-20T23:38:06","guid":{"rendered":"http:\/\/www.multicasa.com.br\/cuiaba\/?post_type=product&#038;p=18820"},"modified":"2026-03-09T12:00:19","modified_gmt":"2026-03-09T16:00:19","slug":"ventilador-par-premium-60cm-biv-pt","status":"publish","type":"product","link":"https:\/\/www.multicasa.com.br\/cuiaba\/produto\/ventilador-par-premium-60cm-biv-pt\/","title":{"rendered":"Ventilador Par.Premium 60Cm Biv.Pt<br>SKU: 3769992"},"content":{"rendered":"<p>Fabricados 100% no Brasil, os oscilantes Venti-Delta possuem o mais alto poder de ventila\u00e7\u00e3o e atendem \u00e0s diversas necessidades e ambientes, tornando o clima totalmente agrad\u00e1vel. Dispon\u00edveis nos modelos de mesa, parede e coluna, os oscilantes Venti-Delta apresentam design moderno, praticidade no manuseio e diversidade de cores e tamanhos.<\/p>\n","protected":false},"excerpt":{"rendered":"<h4 style=\"margin: 0px; padding: 0px 0px 16px; font-family: Lato, sans-serif; font-weight: bold; line-height: 3rem; color: var(--dark-grey3); font-size: 22px; font-style: normal; letter-spacing: normal; text-align: start; text-indent: 0px; text-transform: none;\">Informa\u00e7\u00f5es t\u00e9cnicas<\/h4>\n<p><span style=\"margin: 0px; padding: 0px; font-weight: 450; font-size: 14px; line-height: 21px; color: var(--dark-grey2); font-family: Lato, sans-serif; font-style: normal; letter-spacing: normal; text-align: start; text-indent: 0px; text-transform: none;\">Produto: VENTILADOR PAR.PREMIUM 60CM BIV.PT<br \/>\nMarca: VENTI-DELTA<\/span><\/p>\n<p>&#8211; Rolamentos no motor: 2;<br \/>\n&#8211; Rota\u00e7\u00e3o M\u00e1xima: 1.430 rpm;<br \/>\n&#8211; H\u00e9lice: 3 p\u00e1s;<br \/>\n&#8211; Protetor T\u00e9rmico: Sim;<br \/>\n&#8211; \u00c1rea de Ventila\u00e7\u00e3o: 40m\u00b2;<br \/>\n&#8211; Vaz\u00e3o: 230m\u00b3\/min;<br \/>\n&#8211; Voltagem: Bivolt;<br \/>\n&#8211; Controle de Velocidade: Rotativo;<br \/>\n&#8211; Comprimento cabo de alimenta\u00e7\u00e3o: 60 cm;<br \/>\n&#8211; Garantia: 12 meses;<br \/>\n&#8211; Cores: Preto;<br \/>\n&#8211; Dimens\u00f5es da Embalagem: (C x L x A): 16 x 66 x 68 cm;<br \/>\n&#8211; Peso Bruto: 4,100 Kg;<br \/>\n&#8211; Peso Liquido: 3,080 Kg.<\/p>\n","protected":false},"featured_media":18884,"template":"","meta":{"_joinchat":[]},"product_brand":[],"product_cat":[171,149],"product_tag":[],"class_list":{"0":"post-18820","1":"product","2":"type-product","3":"status-publish","4":"has-post-thumbnail","6":"product_cat-ofertas","7":"product_cat-ventiladores-comerciais","9":"first","10":"instock","11":"featured","12":"shipping-taxable","13":"purchasable","14":"product-type-simple"},"_links":{"self":[{"href":"https:\/\/www.multicasa.com.br\/cuiaba\/wp-json\/wp\/v2\/product\/18820","targetHints":{"allow":["GET"]}}],"collection":[{"href":"https:\/\/www.multicasa.com.br\/cuiaba\/wp-json\/wp\/v2\/product"}],"about":[{"href":"https:\/\/www.multicasa.com.br\/cuiaba\/wp-json\/wp\/v2\/types\/product"}],"wp:featuredmedia":[{"embeddable":true,"href":"https:\/\/www.multicasa.com.br\/cuiaba\/wp-json\/wp\/v2\/media\/18884"}],"wp:attachment":[{"href":"https:\/\/www.multicasa.com.br\/cuiaba\/wp-json\/wp\/v2\/media?parent=18820"}],"wp:term":[{"taxonomy":"product_brand","embeddable":true,"href":"https:\/\/www.multicasa.com.br\/cuiaba\/wp-json\/wp\/v2\/product_brand?post=18820"},{"taxonomy":"product_cat","embeddable":true,"href":"https:\/\/www.multicasa.com.br\/cuiaba\/wp-json\/wp\/v2\/product_cat?post=18820"},{"taxonomy":"product_tag","embeddable":true,"href":"https:\/\/www.multicasa.com.br\/cuiaba\/wp-json\/wp\/v2\/product_tag?post=18820"}],"curies":[{"name":"wp","href":"https:\/\/api.w.org\/{rel}","templated":true}]}}