{"id":18841,"date":"2025-06-20T19:38:30","date_gmt":"2025-06-20T23:38:30","guid":{"rendered":"http:\/\/www.multicasa.com.br\/cuiaba\/?post_type=product&#038;p=18841"},"modified":"2026-04-18T10:30:47","modified_gmt":"2026-04-18T14:30:47","slug":"cabo-de-rede-4-pares-cat5-m-azul-furukawa","status":"publish","type":"product","link":"https:\/\/www.multicasa.com.br\/cuiaba\/produto\/cabo-de-rede-4-pares-cat5-m-azul-furukawa\/","title":{"rendered":"Cabo De Rede 4 Pares Cat5 (M) Azul Furukawa<br>SKU: 3793559"},"content":{"rendered":"<p>Cabo para sistemas de cabeamento estruturado para tr\u00e1fego de voz, dados e imagens, segundo requisitos da norma ANSI\/TIA\/EIA-568A, incluindo o adendo 5 (Categoria 5e), para cabeamento horizontal ou secund\u00e1rio entre os pain\u00e9is de distribui\u00e7\u00e3o (Patch Panels) e os conectores nas \u00e1reas de trabalho. Cabo de pares tran\u00e7ados compostos de condutores s\u00f3lidos de cobre nu, 24 AWG, isolados em composto especial. Capa externa em PVC n\u00e3o propagante \u00e0 chama, na cor azul, com marca\u00e7\u00e3o seq\u00fcencial m\u00e9trica, nas op\u00e7\u00f5es CMX.<\/p>\n","protected":false},"excerpt":{"rendered":"<h4 style=\"margin: 0px;padding: 0px 0px 16px;font-family: Lato, sans-serif;font-weight: bold;line-height: 3rem;color: var(--dark-grey3);font-size: 22px;font-style: normal;letter-spacing: normal;text-align: start;text-indent: 0px;text-transform: none\">Informa\u00e7\u00f5es t\u00e9cnicas<\/h4>\n<p><span style=\"margin: 0px;padding: 0px;font-weight: 450;font-size: 14px;line-height: 21px;color: var(--dark-grey2);font-family: Lato, sans-serif;font-style: normal;letter-spacing: normal;text-align: start;text-indent: 0px;text-transform: none\">PRODUTO: CABO DE REDE 4 PARES CAT5 (M) AZUL FURUKAWA<br \/>\nMARCA: Furukawa<br \/>\nESPECIFICA\u00c7\u00d5ES:<br \/>\n\u0095 Tipo: Cabo LAN<br \/>\n\u0095 Ambiente de Instala\u00e7\u00e3o: Interno<br \/>\n\u0095 Ambiente de Opera\u00e7\u00e3o: N\u00e3o agressivo<br \/>\nCONSTRU\u00c7\u00c3O:<br \/>\n\u0095 RoHS Compliant<br \/>\n\u0095 Categoria 5e<br \/>\n\u0095 U\/UTP (n\u00e3o blindado)<br \/>\n\u0095 PVC &#8211; CMX<br \/>\nAPLICA\u00c7\u00d5ES:<br \/>\nPode ser utilizado com os seguintes padr\u00f5es atuais de redes citados abaixo:<br \/>\n\u0095 ATM -155 (UTP), AF-PHY-OO15.000 y AF-PHY-0018.000, 155\/51\/25 Mbps<br \/>\n\u0095 TP-PMD , ANSI X3T9.5, 100 Mbps<br \/>\n\u0095 GIGABIT ETHERNET, IEEE 802.3z, 1000 Mbps<br \/>\n\u0095 100BASE-TX, IEEE 802.3u, 100 Mbps<br \/>\n\u0095 100BASE-T4, IEEE 802.3u ,100 Mbps<br \/>\n\u0095 100vg-AnyLAN, IEEE802.12, 100 Mbps<br \/>\n\u0095 10BASE-T , IEEE802.3, 10 Mbps<br \/>\n\u0095 TOKEN RING, IEEE802.5 , 4\/16 Mbps<br \/>\n\u0095 3X-AS400, IBM, 10 Mbps<br \/>\n\u0095 Solu\u00e7\u00f5es Relacionadas: Industrias, Elevadores, Armaz\u00e9ns<br \/>\nCONSTRUTIVAS:<br \/>\n\u0095 Condutor: Cobre n\u00fa com di\u00e2metro nominal de 24AWG<br \/>\n\u0095 Isolamento: Poliolefina com di\u00e2metro nominal 0.9mm<br \/>\n\u0095 Resist\u00eancia de Isolamento: 10000 MO.km<br \/>\n\u0095 Quantidade de Pares: 4 pares 24 AWG<br \/>\n  Par: Os condutores isolados s\u00e3o reunidos dois a dois, formando o par. Os passos de torcimento devem ser adequados, de modo a atender os n\u00edveis de diafonia previstos e minimizar o deslocamento relativo entre si.<br \/>\n\u0095 N\u00facleo: Os quatro pares s\u00e3o reunidos com passo adequado, formando o n\u00facleo do cabo.<br \/>\n\u0095 Blindagem: N\u00e3o Blindado (U\/UTP)<br \/>\n\u0095 Capa: Constitu\u00eddo por PVC retardante a chama<br \/>\n\u0095 Di\u00e2metro Nominal: 4,8 mm<br \/>\nF\u00cdSICO:<br \/>\n\u0095 Classe de Flamabilidade: CMX: IEC 60332-1 conforme ABNT NBR 14705.<br \/>\n\u0095 Temperatura de Instala\u00e7\u00e3o 0\u00baC a 50\u00baC<br \/>\n\u0095 Temperatura de Armazenamento -20\u00baC a 70\u00baC<br \/>\n\u0095 Temperatura de Opera\u00e7\u00e3o -20\u00baC a 60\u00baC<br \/>\nEL\u00c9TRICO:<br \/>\n\u0095 Desequil\u00edbrio Resistivo M\u00e1ximo 5%<br \/>\n\u0095 Resist\u00eancia El\u00e9trica CC M\u00e1xima do Condutor de 20\u00baC: 93,8 O\/km<br \/>\n\u0095 Capacit\u00e2ncia Mutua 1kHz &#8211; M\u00e1ximo: 56 pF\/m<br \/>\n\u0095 Desequil\u00edbrio Capacitivo Par x Terra 1kHz &#8211; M\u00e1ximo: 3,3 pF\/m<br \/>\n\u0095 Imped\u00e2ncia Caracter\u00edstica: 100\u00b115% O<br \/>\n\u0095 Atraso de Propaga\u00e7\u00e3o M\u00e1ximo: 545ns\/100m @ 10MHz<br \/>\n\u0095 Diferen\u00e7a entre o Atraso de Propaga\u00e7\u00e3o &#8211; M\u00e1ximo: 45ns\/100m<br \/>\n\u0095 Prova de Tens\u00e3o El\u00e9trica entre Condutores: 2500 VDC\/3s<br \/>\n\u0095 Velocidade de Propaga\u00e7\u00e3o Nominal: 68%<br \/>\n<\/span><\/p>\n","protected":false},"featured_media":24747,"template":"","meta":{"_joinchat":[]},"product_brand":[],"product_cat":[121],"product_tag":[],"class_list":{"0":"post-18841","1":"product","2":"type-product","3":"status-publish","4":"has-post-thumbnail","6":"product_cat-fios-e-cabo","8":"first","9":"instock","10":"shipping-taxable","11":"purchasable","12":"product-type-simple"},"_links":{"self":[{"href":"https:\/\/www.multicasa.com.br\/cuiaba\/wp-json\/wp\/v2\/product\/18841","targetHints":{"allow":["GET"]}}],"collection":[{"href":"https:\/\/www.multicasa.com.br\/cuiaba\/wp-json\/wp\/v2\/product"}],"about":[{"href":"https:\/\/www.multicasa.com.br\/cuiaba\/wp-json\/wp\/v2\/types\/product"}],"wp:featuredmedia":[{"embeddable":true,"href":"https:\/\/www.multicasa.com.br\/cuiaba\/wp-json\/wp\/v2\/media\/24747"}],"wp:attachment":[{"href":"https:\/\/www.multicasa.com.br\/cuiaba\/wp-json\/wp\/v2\/media?parent=18841"}],"wp:term":[{"taxonomy":"product_brand","embeddable":true,"href":"https:\/\/www.multicasa.com.br\/cuiaba\/wp-json\/wp\/v2\/product_brand?post=18841"},{"taxonomy":"product_cat","embeddable":true,"href":"https:\/\/www.multicasa.com.br\/cuiaba\/wp-json\/wp\/v2\/product_cat?post=18841"},{"taxonomy":"product_tag","embeddable":true,"href":"https:\/\/www.multicasa.com.br\/cuiaba\/wp-json\/wp\/v2\/product_tag?post=18841"}],"curies":[{"name":"wp","href":"https:\/\/api.w.org\/{rel}","templated":true}]}}