{"id":18842,"date":"2025-06-20T19:38:30","date_gmt":"2025-06-20T23:38:30","guid":{"rendered":"http:\/\/www.multicasa.com.br\/cuiaba\/?post_type=product&#038;p=18842"},"modified":"2026-02-09T10:51:15","modified_gmt":"2026-02-09T14:51:15","slug":"cabo-flexivel-1kv-25mm-1m-azul-corfio","status":"publish","type":"product","link":"https:\/\/www.multicasa.com.br\/cuiaba\/produto\/cabo-flexivel-1kv-25mm-1m-azul-corfio\/","title":{"rendered":"Cabo Flex\u00edvel 1Kv 25Mm 1M Azul Corfio<br>SKU: 3795691"},"content":{"rendered":"<p>Condutor recomendado para instala\u00e7\u00f5es em pr\u00e9dios residenciais, comerciais, industriais e subesta\u00e7\u00f5es. Indicado para aplica\u00e7\u00f5es fixas que exigem maior prote\u00e7\u00e3o mec\u00e2nica do material isolante, incluindo boa resist\u00eancia a ambientes \u00famidos.<\/p>\n","protected":false},"excerpt":{"rendered":"<h4 style=\"margin: 0px;padding: 0px 0px 16px;font-family: Lato, sans-serif;font-weight: bold;line-height: 3rem;color: var(--dark-grey3);font-size: 22px;font-style: normal;letter-spacing: normal;text-align: start;text-indent: 0px;text-transform: none\">Informa\u00e7\u00f5es t\u00e9cnicas<\/h4>\n<p><span style=\"margin: 0px;padding: 0px;font-weight: 450;font-size: 14px;line-height: 21px;color: var(--dark-grey2);font-family: Lato, sans-serif;font-style: normal;letter-spacing: normal;text-align: start;text-indent: 0px;text-transform: none\">PRODUTO: CABO FLEX\u00cdVEL 1KV 25MM 1M<br \/>\nMARCA: CORFIO<br \/>\nCOR: AZUL<br \/>\nCARACTER\u00cdSTICAS:<br \/>\n90\u00b0C em regime permanente;<br \/>\n130\u00b0C em regime de sobrecarga;<br \/>\n250\u00b0C em regime de curto-circuito;<br \/>\nEletrodutos aparentes, embutidos em alvenaria, em espa\u00e7o de constru\u00e7\u00e3o ou diretamente enterrados, em leitos, bandejas, suportes, al\u00e9m de canaletas ventiladas ou fechadas.<\/p>\n<p><\/span><\/p>\n","protected":false},"featured_media":24798,"template":"","meta":{"_joinchat":[]},"product_brand":[],"product_cat":[121],"product_tag":[],"class_list":{"0":"post-18842","1":"product","2":"type-product","3":"status-publish","4":"has-post-thumbnail","6":"product_cat-fios-e-cabo","8":"first","9":"instock","10":"shipping-taxable","11":"purchasable","12":"product-type-simple"},"_links":{"self":[{"href":"https:\/\/www.multicasa.com.br\/cuiaba\/wp-json\/wp\/v2\/product\/18842","targetHints":{"allow":["GET"]}}],"collection":[{"href":"https:\/\/www.multicasa.com.br\/cuiaba\/wp-json\/wp\/v2\/product"}],"about":[{"href":"https:\/\/www.multicasa.com.br\/cuiaba\/wp-json\/wp\/v2\/types\/product"}],"wp:featuredmedia":[{"embeddable":true,"href":"https:\/\/www.multicasa.com.br\/cuiaba\/wp-json\/wp\/v2\/media\/24798"}],"wp:attachment":[{"href":"https:\/\/www.multicasa.com.br\/cuiaba\/wp-json\/wp\/v2\/media?parent=18842"}],"wp:term":[{"taxonomy":"product_brand","embeddable":true,"href":"https:\/\/www.multicasa.com.br\/cuiaba\/wp-json\/wp\/v2\/product_brand?post=18842"},{"taxonomy":"product_cat","embeddable":true,"href":"https:\/\/www.multicasa.com.br\/cuiaba\/wp-json\/wp\/v2\/product_cat?post=18842"},{"taxonomy":"product_tag","embeddable":true,"href":"https:\/\/www.multicasa.com.br\/cuiaba\/wp-json\/wp\/v2\/product_tag?post=18842"}],"curies":[{"name":"wp","href":"https:\/\/api.w.org\/{rel}","templated":true}]}}