{"id":18869,"date":"2025-06-20T19:38:57","date_gmt":"2025-06-20T23:38:57","guid":{"rendered":"http:\/\/www.multicasa.com.br\/cuiaba\/?post_type=product&#038;p=18869"},"modified":"2026-04-06T12:02:50","modified_gmt":"2026-04-06T16:02:50","slug":"valvula-pressao-p-cx-dagua-blukit","status":"publish","type":"product","link":"https:\/\/www.multicasa.com.br\/cuiaba\/produto\/valvula-pressao-p-cx-dagua-blukit\/","title":{"rendered":"V\u00e1lvula Pressao P\/Cx Dagua Blukit<br>SKU: 3842487"},"content":{"rendered":"<p>O Desenvolvida para aumentar a press\u00e3o de chuveiros e torneiras<br \/>\natrav\u00e9s da transfer\u00eancia de press\u00e3o da \u00e1gua da rede p\u00fablica sem<br \/>\no uso de eletricidade e bomba de press\u00e3o.<\/p>\n","protected":false},"excerpt":{"rendered":"<h4 style=\"margin: 0px;padding: 0px 0px 16px;font-family: Lato, sans-serif;font-weight: bold;line-height: 3rem;color: var(--dark-grey3);font-size: 22px;font-style: normal;letter-spacing: normal;text-align: start;text-indent: 0px;text-transform: none\">Informa\u00e7\u00f5es t\u00e9cnicas<\/h4>\n<p><span style=\"margin: 0px;padding: 0px;font-weight: 450;font-size: 14px;line-height: 21px;color: var(--dark-grey2);font-family: Lato, sans-serif;font-style: normal;letter-spacing: normal;text-align: start;text-indent: 0px;text-transform: none\">Produto: v\u00e1lvula PRESSAO P\/CX DAGUA BLUKIT<br \/>\nMarca: BLUKIT<br \/>\nCor: Branco<\/p>\n<p>Caracteristicas:<br \/>\n&#8211; Marca- Blukit;<br \/>\n&#8211; Press\u00e3o m\u00e1xima de trabalho: 40 m.c.a;<br \/>\n&#8211; Press\u00e3o m\u00ednima de trabalho: 5 m.c.a;<br \/>\n&#8211; N\u00e3o utiliza energia el\u00e9trica, funciona por meio da transfer\u00eancia de press\u00e3o da rede;<br \/>\nAcompanha:<br \/>\n1-V\u00e1lvula Transferidora de press\u00e3o<br \/>\n1-Mangueira desviadora.<br \/>\n1-Tee desviador com niple<br \/>\n1-Nipiple 3\/4&#8243;<\/span><\/p>\n","protected":false},"featured_media":26213,"template":"","meta":{"_joinchat":[]},"product_brand":[],"product_cat":[71],"product_tag":[],"class_list":{"0":"post-18869","1":"product","2":"type-product","3":"status-publish","4":"has-post-thumbnail","6":"product_cat-chuveiros","8":"first","9":"instock","10":"sale","11":"shipping-taxable","12":"purchasable","13":"product-type-simple"},"_links":{"self":[{"href":"https:\/\/www.multicasa.com.br\/cuiaba\/wp-json\/wp\/v2\/product\/18869","targetHints":{"allow":["GET"]}}],"collection":[{"href":"https:\/\/www.multicasa.com.br\/cuiaba\/wp-json\/wp\/v2\/product"}],"about":[{"href":"https:\/\/www.multicasa.com.br\/cuiaba\/wp-json\/wp\/v2\/types\/product"}],"wp:featuredmedia":[{"embeddable":true,"href":"https:\/\/www.multicasa.com.br\/cuiaba\/wp-json\/wp\/v2\/media\/26213"}],"wp:attachment":[{"href":"https:\/\/www.multicasa.com.br\/cuiaba\/wp-json\/wp\/v2\/media?parent=18869"}],"wp:term":[{"taxonomy":"product_brand","embeddable":true,"href":"https:\/\/www.multicasa.com.br\/cuiaba\/wp-json\/wp\/v2\/product_brand?post=18869"},{"taxonomy":"product_cat","embeddable":true,"href":"https:\/\/www.multicasa.com.br\/cuiaba\/wp-json\/wp\/v2\/product_cat?post=18869"},{"taxonomy":"product_tag","embeddable":true,"href":"https:\/\/www.multicasa.com.br\/cuiaba\/wp-json\/wp\/v2\/product_tag?post=18869"}],"curies":[{"name":"wp","href":"https:\/\/api.w.org\/{rel}","templated":true}]}}