{"id":18872,"date":"2025-06-20T19:38:57","date_gmt":"2025-06-20T23:38:57","guid":{"rendered":"http:\/\/www.multicasa.com.br\/cuiaba\/?post_type=product&#038;p=18872"},"modified":"2025-12-16T18:52:26","modified_gmt":"2025-12-16T22:52:26","slug":"fone-de-ouvido-headphone-com-microfone-preto-pix-12m","status":"publish","type":"product","link":"https:\/\/www.multicasa.com.br\/cuiaba\/produto\/fone-de-ouvido-headphone-com-microfone-preto-pix-12m\/","title":{"rendered":"Fone de Ouvido Headphone com Microfone Preto Pix 1,2m<br>SKU: 2145629"},"content":{"rendered":"<p>O Fone de Ouvido Headphone Essential com Microfone Preto da Pix \u00e9 leve e com alta qualidade de som, sem distor\u00e7\u00f5es. Moderno e din\u00e2mico, \u00e9 o acess\u00f3rio indispens\u00e1vel para a trilha sonora da sua vida. Conforto, eleg\u00e2ncia e pot\u00eancia sonora, juntos em um fone de ouvido de alta qualidade. Conta com um cabo flat de 1,2m que apresenta mais resist\u00eancia, seguran\u00e7a e durabilidade, al\u00e9m de incluir a comodidade de um microfone embutido que permite atender as liga\u00e7\u00f5es sem precisar tirar seu telefone do bolso.<\/p>\n","protected":false},"excerpt":{"rendered":"<h4 style=\"margin: 0px;padding: 0px 0px 16px;font-family: Lato, sans-serif;font-weight: bold;line-height: 3rem;color: var(--dark-grey3);font-size: 22px;font-style: normal;letter-spacing: normal;text-align: start;text-indent: 0px;text-transform: none\">Informa\u00e7\u00f5es t\u00e9cnicas<\/h4>\n<p><span style=\"margin: 0px;padding: 0px;font-weight: 450;font-size: 14px;line-height: 21px;color: var(--dark-grey2);font-family: Lato, sans-serif;font-style: normal;letter-spacing: normal;text-align: start;text-indent: 0px;text-transform: none\">Produto: Fone de Ouvido<br \/>\nTipo: Headphone<br \/>\nMarca: Pix<br \/>\nModelo: 043-0032<br \/>\nCor: Preto<br \/>\nCaracter\u00edsticas: Microfone embutidono cabo, Cabo Flat: 1,2 metro, Plug 90\u00b0 Est\u00e9reo, leve, Frequ\u00eancia: 20-20000Hz, Conex\u00e3o: P2 (3,5mm), Imped\u00e2ncia: 2?\u00b1 10%, Auto falante: 40mm, Sensibilidade: 105\u00b13dB<br \/>\nItens Inclusos: 1 fone de ouvido<br \/>\nDimens\u00f5es do produto (A x L x C): 20,5 x 18,5 x 4,3cm<br \/>\nPeso: 0,250kg                                                                                                                                                                   Garantia: 1 ano<\/span><\/p>\n","protected":false},"featured_media":18886,"template":"","meta":{"_joinchat":[]},"product_brand":[],"product_cat":[130],"product_tag":[],"class_list":{"0":"post-18872","1":"product","2":"type-product","3":"status-publish","4":"has-post-thumbnail","6":"product_cat-informatica","8":"first","9":"instock","10":"shipping-taxable","11":"purchasable","12":"product-type-simple"},"_links":{"self":[{"href":"https:\/\/www.multicasa.com.br\/cuiaba\/wp-json\/wp\/v2\/product\/18872","targetHints":{"allow":["GET"]}}],"collection":[{"href":"https:\/\/www.multicasa.com.br\/cuiaba\/wp-json\/wp\/v2\/product"}],"about":[{"href":"https:\/\/www.multicasa.com.br\/cuiaba\/wp-json\/wp\/v2\/types\/product"}],"wp:featuredmedia":[{"embeddable":true,"href":"https:\/\/www.multicasa.com.br\/cuiaba\/wp-json\/wp\/v2\/media\/18886"}],"wp:attachment":[{"href":"https:\/\/www.multicasa.com.br\/cuiaba\/wp-json\/wp\/v2\/media?parent=18872"}],"wp:term":[{"taxonomy":"product_brand","embeddable":true,"href":"https:\/\/www.multicasa.com.br\/cuiaba\/wp-json\/wp\/v2\/product_brand?post=18872"},{"taxonomy":"product_cat","embeddable":true,"href":"https:\/\/www.multicasa.com.br\/cuiaba\/wp-json\/wp\/v2\/product_cat?post=18872"},{"taxonomy":"product_tag","embeddable":true,"href":"https:\/\/www.multicasa.com.br\/cuiaba\/wp-json\/wp\/v2\/product_tag?post=18872"}],"curies":[{"name":"wp","href":"https:\/\/api.w.org\/{rel}","templated":true}]}}